{"id":6459,"date":"2025-02-28T08:19:14","date_gmt":"2025-02-28T08:19:14","guid":{"rendered":"https:\/\/alehandrogroup.al\/?post_type=product&#038;p=6459"},"modified":"2025-11-22T10:49:18","modified_gmt":"2025-11-22T10:49:18","slug":"evangelo-ktima-gerovassiliou","status":"publish","type":"product","link":"https:\/\/alehandrogroup.al\/en\/product\/evangelo-ktima-gerovassiliou\/","title":{"rendered":"EVANGELO &#8211; KTIMA GEROVASSILIOU"},"content":{"rendered":"<h3><strong><em>P\u00ebrshkrimi i Ver\u00ebs: EVANGELO &#8211; KTIMA GEROVASSILIOU<\/em><\/strong><\/h3>\n<p><em><strong>Detaje t\u00eb Prodhimit:<\/strong><\/em><\/p>\n<p data-start=\"0\" data-end=\"193\"><strong data-start=\"42\" data-end=\"54\">Evangelo<\/strong> \u00ebsht\u00eb nj\u00eb ver\u00eb e kuqe elegante dhe komplekse nga <strong data-start=\"104\" data-end=\"127\">Ktima Gerovassiliou<\/strong>, e cila reflekton mjesht\u00ebrin\u00eb dhe tradit\u00ebn e kantin\u00ebs n\u00eb krijimin e ver\u00ebrave me karakter unik. Kjo ver\u00eb \u00ebsht\u00eb nj\u00eb kombinim i rrall\u00eb dhe i suksessh\u00ebm i dy varieteteve t\u00eb njohura nd\u00ebrkomb\u00ebtarisht, duke ofruar nj\u00eb ekuilib\u00ebr perfekt midis struktur\u00ebs dhe eleganc\u00ebs. <strong data-start=\"423\" data-end=\"435\">Evangelo<\/strong> \u00ebsht\u00eb prodhuar nga nj\u00eb p\u00ebrzierje e <strong data-start=\"471\" data-end=\"493\">Syrah dhe Viognier<\/strong> \u2013 nj\u00eb kombinim frym\u00ebzuar nga tradita e Rh\u00f4ne n\u00eb Franc\u00eb. Syrah i jep ver\u00ebs struktur\u00eb, aromat e frutave t\u00eb kuqe dhe kompleksitet, nd\u00ebrsa Viognier shton freski, nuanca florale dhe delikates\u00eb.<\/p>\n<hr \/>\n<h3><strong><em>Karakteristikat<\/em><\/strong><\/h3>\n<ul>\n<li data-start=\"35\" data-end=\"174\"><strong data-start=\"37\" data-end=\"48\">Ngjyra:<\/strong> Ka nj\u00eb <strong data-start=\"710\" data-end=\"745\">ngjyr\u00eb t\u00eb kuqe t\u00eb thell\u00eb rubini<\/strong>, me reflektime vjollc\u00eb, q\u00eb tregon potencialin e saj t\u00eb shk\u00eblqyer p\u00ebr vjet\u00ebrim.<\/li>\n<li data-start=\"175\" data-end=\"412\"><strong data-start=\"177\" data-end=\"187\">Aroma:<\/strong> Aromat jan\u00eb <strong data-start=\"856\" data-end=\"888\">intensive dhe t\u00eb nd\u00ebrlikuara<\/strong>, me nota t\u00eb frutave t\u00eb err\u00ebta si <strong data-start=\"922\" data-end=\"960\">manaferrat dhe kumbullat e pjekura<\/strong>, t\u00eb kombinuara me nuanca t\u00eb luleve t\u00eb bardha, vaniljes, er\u00ebzave t\u00eb buta dhe \u00e7okollat\u00ebs s\u00eb zez\u00eb. Gjithashtu, v\u00ebrehen aroma t\u00eb buta t\u00eb l\u00ebkur\u00ebs dhe drurit t\u00eb pjekur, fal\u00eb vjet\u00ebrsimit n\u00eb fu\u00e7i lisi francez.<\/li>\n<li data-start=\"413\" data-end=\"601\"><strong data-start=\"415\" data-end=\"425\">Shija:<\/strong> N\u00eb shije, Evangelo \u00ebsht\u00eb <strong data-start=\"1207\" data-end=\"1253\">e fuqishme, e pasur dhe e mir\u00eb-strukturuar<\/strong>, me tanina t\u00eb rafinuara dhe aciditet t\u00eb balancuar. Ka nj\u00eb kompleksitet t\u00eb madh dhe nj\u00eb p\u00ebrfundim t\u00eb gjat\u00eb e t\u00eb k\u00ebndsh\u00ebm, me ndjesi t\u00eb piperit t\u00eb zi dhe frutave t\u00eb pjekura q\u00eb zgjasin n\u00eb qiellz\u00eb.<\/li>\n<\/ul>\n<hr \/>\n<h3><em><strong>Shoq\u00ebrime t\u00eb Sugjeruara<\/strong><\/em><\/h3>\n<p><em>Kombinohet n\u00eb m\u00ebnyr\u00eb t\u00eb shk\u00eblqyer me:<\/em><\/p>\n<ul>\n<li data-start=\"1486\" data-end=\"1575\"><strong data-start=\"1488\" data-end=\"1532\">Mish i kuq i pjekur ose i gatuar ngadal\u00eb<\/strong>: biftek, mish qengji ose vi\u00e7i i stufuar.<\/li>\n<li data-start=\"1576\" data-end=\"1638\"><strong data-start=\"1578\" data-end=\"1593\">Mish i eg\u00ebr<\/strong>: rosa, gjahu ose shpend\u00eb t\u00eb tjera t\u00eb egra.<\/li>\n<li data-start=\"1639\" data-end=\"1737\"><strong data-start=\"1641\" data-end=\"1668\">Djath\u00ebra t\u00eb stazhionuar<\/strong>: si Parmigiano Reggiano, Pecorino ose djath\u00ebra me shije intensive.<\/li>\n<li data-start=\"1738\" data-end=\"1836\"><strong data-start=\"1740\" data-end=\"1772\">Gatime me er\u00ebza t\u00eb theksuara<\/strong>: si pjatat e guximshme me influenc\u00eb mesdhetare dhe orientale.<\/li>\n<\/ul>","protected":false},"excerpt":{"rendered":"<p>P\u00ebrshkrimi i Ver\u00ebs: EVANGELO &#8211; KTIMA GEROVASSILIOU Detaje t\u00eb Prodhimit: Evangelo \u00ebsht\u00eb nj\u00eb ver\u00eb e kuqe elegante dhe komplekse nga Ktima Gerovassiliou, e cila reflekton mjesht\u00ebrin\u00eb dhe tradit\u00ebn e kantin\u00ebs n\u00eb krijimin e ver\u00ebrave me karakter unik. Kjo ver\u00eb \u00ebsht\u00eb nj\u00eb kombinim i rrall\u00eb dhe i suksessh\u00ebm i dy varieteteve t\u00eb njohura nd\u00ebrkomb\u00ebtarisht, duke ofruar [&hellip;]<\/p>\n","protected":false},"featured_media":7573,"template":"","meta":[],"product_brand":[],"product_cat":[58,46],"product_tag":[],"class_list":{"0":"post-6459","1":"product","2":"type-product","3":"status-publish","4":"has-post-thumbnail","6":"product_cat-vere","7":"product_cat-vere-e-kuqe","9":"first","10":"instock","11":"shipping-taxable","12":"purchasable","13":"product-type-simple"},"_links":{"self":[{"href":"https:\/\/alehandrogroup.al\/en\/wp-json\/wp\/v2\/product\/6459","targetHints":{"allow":["GET"]}}],"collection":[{"href":"https:\/\/alehandrogroup.al\/en\/wp-json\/wp\/v2\/product"}],"about":[{"href":"https:\/\/alehandrogroup.al\/en\/wp-json\/wp\/v2\/types\/product"}],"version-history":[{"count":1,"href":"https:\/\/alehandrogroup.al\/en\/wp-json\/wp\/v2\/product\/6459\/revisions"}],"predecessor-version":[{"id":7574,"href":"https:\/\/alehandrogroup.al\/en\/wp-json\/wp\/v2\/product\/6459\/revisions\/7574"}],"wp:featuredmedia":[{"embeddable":true,"href":"https:\/\/alehandrogroup.al\/en\/wp-json\/wp\/v2\/media\/7573"}],"wp:attachment":[{"href":"https:\/\/alehandrogroup.al\/en\/wp-json\/wp\/v2\/media?parent=6459"}],"wp:term":[{"taxonomy":"product_brand","embeddable":true,"href":"https:\/\/alehandrogroup.al\/en\/wp-json\/wp\/v2\/product_brand?post=6459"},{"taxonomy":"product_cat","embeddable":true,"href":"https:\/\/alehandrogroup.al\/en\/wp-json\/wp\/v2\/product_cat?post=6459"},{"taxonomy":"product_tag","embeddable":true,"href":"https:\/\/alehandrogroup.al\/en\/wp-json\/wp\/v2\/product_tag?post=6459"}],"curies":[{"name":"wp","href":"https:\/\/api.w.org\/{rel}","templated":true}]}}