{"id":6457,"date":"2025-02-28T08:15:43","date_gmt":"2025-02-28T08:15:43","guid":{"rendered":"https:\/\/alehandrogroup.al\/?post_type=product&#038;p=6457"},"modified":"2025-12-26T11:39:22","modified_gmt":"2025-12-26T11:39:22","slug":"sauvignon-blanc-ktima-gerovassiliou","status":"publish","type":"product","link":"https:\/\/alehandrogroup.al\/en\/product\/sauvignon-blanc-ktima-gerovassiliou\/","title":{"rendered":"SAUVIGNON  BLANC &#8211; KTIMA GEROVASSILIOU"},"content":{"rendered":"<h3><strong><em>P\u00ebrshkrimi i Ver\u00ebs: SAUVIGNON BLANC &#8211; KTIMA GEROVASSILIOU <\/em><\/strong><\/h3>\n<p><em><strong>Detaje t\u00eb Prodhimit:<\/strong><\/em><\/p>\n<p data-start=\"0\" data-end=\"193\"><strong data-start=\"47\" data-end=\"86\">Ktima Gerovassiliou Sauvignon Blanc<\/strong> \u00ebsht\u00eb nj\u00eb ver\u00eb e bardh\u00eb e jasht\u00ebzakonshme nga Greqia, e prodhuar nga nj\u00eb prej kantinave m\u00eb t\u00eb njohura dhe inovative t\u00eb vendit. Kjo ver\u00eb shpreh n\u00eb m\u00ebnyr\u00eb t\u00eb shk\u00eblqyer karakteristikat e rrushit <strong data-start=\"279\" data-end=\"298\">Sauvignon Blanc<\/strong>, duke ofruar nj\u00eb p\u00ebrvoj\u00eb t\u00eb fresk\u00ebt dhe aromatike.<\/p>\n<hr \/>\n<h3><strong><em>Karakteristikat<\/em><\/strong><\/h3>\n<ul>\n<li data-start=\"35\" data-end=\"174\"><strong data-start=\"37\" data-end=\"48\">Ngjyra:<\/strong> Ka nj\u00eb <strong data-start=\"543\" data-end=\"598\">ngjyr\u00eb t\u00eb verdh\u00eb t\u00eb ndritshme me reflektime jeshile<\/strong>, duke reflektuar freskin\u00eb dhe rinor\u00ebsin\u00eb e saj.<\/li>\n<li data-start=\"175\" data-end=\"412\"><strong data-start=\"177\" data-end=\"187\">Aroma:<\/strong> Aromat jan\u00eb <strong data-start=\"678\" data-end=\"707\">intensive dhe t\u00eb fresk\u00ebta<\/strong>, me nota t\u00eb agrumeve (limon, qitro), frutave tropikale (mango, marakuja) dhe barishteve aromatike si majdanozi dhe borziloku. Gjithashtu, ndihen leht\u00ebsisht nuanca minerale q\u00eb i shtojn\u00eb kompleksitet ver\u00ebs.<\/li>\n<li data-start=\"413\" data-end=\"601\"><strong data-start=\"415\" data-end=\"425\">Shija:<\/strong> N\u00eb goj\u00eb \u00ebsht\u00eb <strong data-start=\"946\" data-end=\"1004\">e fresk\u00ebt, e ekuilibruar dhe me nj\u00eb aciditet t\u00eb gjall\u00eb<\/strong>, duke kombinuar frutat e pjekura me nj\u00eb mineralitet elegant. Ka nj\u00eb trup mesatar dhe nj\u00eb p\u00ebrfundim t\u00eb gjat\u00eb, t\u00eb k\u00ebndsh\u00ebm dhe t\u00eb fresk\u00ebt.<\/li>\n<\/ul>\n<hr \/>\n<h3><em><strong>Shoq\u00ebrime t\u00eb Sugjeruara<\/strong><\/em><\/h3>\n<p><em>Kombinohet n\u00eb m\u00ebnyr\u00eb t\u00eb shk\u00eblqyer me:<\/em><\/p>\n<ul>\n<li data-start=\"1180\" data-end=\"1257\"><strong data-start=\"1182\" data-end=\"1198\">Ushqime deti<\/strong>: karkaleca, kallamar, midhje, salmon i pjekur ose sushi.<\/li>\n<li data-start=\"1258\" data-end=\"1324\"><strong data-start=\"1260\" data-end=\"1280\">Djath\u00ebra t\u00eb but\u00eb<\/strong>: si buurrata, mozzarella ose djath\u00eb dhie.<\/li>\n<li data-start=\"1325\" data-end=\"1400\"><strong data-start=\"1327\" data-end=\"1350\">Sallata t\u00eb fresk\u00ebta<\/strong>: me fruta deti, avokado ose perime t\u00eb fresk\u00ebta.<\/li>\n<li data-start=\"1401\" data-end=\"1455\"><strong data-start=\"1403\" data-end=\"1452\">Pasta ose risotto me baz\u00eb peshku dhe perimesh<\/strong>.<\/li>\n<\/ul>","protected":false},"excerpt":{"rendered":"<p>P\u00ebrshkrimi i Ver\u00ebs: SAUVIGNON BLANC &#8211; KTIMA GEROVASSILIOU Detaje t\u00eb Prodhimit: Ktima Gerovassiliou Sauvignon Blanc \u00ebsht\u00eb nj\u00eb ver\u00eb e bardh\u00eb e jasht\u00ebzakonshme nga Greqia, e prodhuar nga nj\u00eb prej kantinave m\u00eb t\u00eb njohura dhe inovative t\u00eb vendit. Kjo ver\u00eb shpreh n\u00eb m\u00ebnyr\u00eb t\u00eb shk\u00eblqyer karakteristikat e rrushit Sauvignon Blanc, duke ofruar nj\u00eb p\u00ebrvoj\u00eb t\u00eb fresk\u00ebt [&hellip;]<\/p>\n","protected":false},"featured_media":7999,"template":"","meta":[],"product_brand":[],"product_cat":[58,41],"product_tag":[],"class_list":{"0":"post-6457","1":"product","2":"type-product","3":"status-publish","4":"has-post-thumbnail","6":"product_cat-vere","7":"product_cat-vere-e-bardhe","9":"first","10":"instock","11":"shipping-taxable","12":"purchasable","13":"product-type-simple"},"_links":{"self":[{"href":"https:\/\/alehandrogroup.al\/en\/wp-json\/wp\/v2\/product\/6457","targetHints":{"allow":["GET"]}}],"collection":[{"href":"https:\/\/alehandrogroup.al\/en\/wp-json\/wp\/v2\/product"}],"about":[{"href":"https:\/\/alehandrogroup.al\/en\/wp-json\/wp\/v2\/types\/product"}],"version-history":[{"count":1,"href":"https:\/\/alehandrogroup.al\/en\/wp-json\/wp\/v2\/product\/6457\/revisions"}],"predecessor-version":[{"id":8000,"href":"https:\/\/alehandrogroup.al\/en\/wp-json\/wp\/v2\/product\/6457\/revisions\/8000"}],"wp:featuredmedia":[{"embeddable":true,"href":"https:\/\/alehandrogroup.al\/en\/wp-json\/wp\/v2\/media\/7999"}],"wp:attachment":[{"href":"https:\/\/alehandrogroup.al\/en\/wp-json\/wp\/v2\/media?parent=6457"}],"wp:term":[{"taxonomy":"product_brand","embeddable":true,"href":"https:\/\/alehandrogroup.al\/en\/wp-json\/wp\/v2\/product_brand?post=6457"},{"taxonomy":"product_cat","embeddable":true,"href":"https:\/\/alehandrogroup.al\/en\/wp-json\/wp\/v2\/product_cat?post=6457"},{"taxonomy":"product_tag","embeddable":true,"href":"https:\/\/alehandrogroup.al\/en\/wp-json\/wp\/v2\/product_tag?post=6457"}],"curies":[{"name":"wp","href":"https:\/\/api.w.org\/{rel}","templated":true}]}}