{"id":6455,"date":"2025-02-28T08:11:24","date_gmt":"2025-02-28T08:11:24","guid":{"rendered":"https:\/\/alehandrogroup.al\/?post_type=product&#038;p=6455"},"modified":"2025-12-26T12:54:28","modified_gmt":"2025-12-26T12:54:28","slug":"ktima-gerovassiliou-white","status":"publish","type":"product","link":"https:\/\/alehandrogroup.al\/en\/product\/ktima-gerovassiliou-white\/","title":{"rendered":"WHITE &#8211; KTIMA GEROVASSILIOU"},"content":{"rendered":"<h3><strong><em>P\u00ebrshkrimi i Ver\u00ebs: WHITE &#8211; KTIMA GEROVASSILIOU<\/em><\/strong><\/h3>\n<p><em><strong>Detaje t\u00eb Prodhimit:<\/strong><\/em><\/p>\n<p data-start=\"0\" data-end=\"193\"><strong data-start=\"0\" data-end=\"29\">Ktima Gerovassiliou White<\/strong> \u00ebsht\u00eb nj\u00eb ver\u00eb e bardh\u00eb elegante dhe aromatike nga Greqia, e prodhuar nga kantina prestigjioze <strong data-start=\"125\" data-end=\"142\">Gerovassiliou<\/strong>, e njohur p\u00ebr cil\u00ebsin\u00eb dhe autenticitetin e saj.<\/p>\n<p data-start=\"226\" data-end=\"379\">Kjo ver\u00eb \u00ebsht\u00eb nj\u00eb p\u00ebrzierje e <strong data-start=\"257\" data-end=\"285\">Malagousia dhe Assyrtiko<\/strong>, dy varietete t\u00eb rrushit tipik\u00eb t\u00eb Greqis\u00eb q\u00eb i japin ver\u00ebs nj\u00eb karakter unik dhe t\u00eb pasur. <strong data-start=\"382\" data-end=\"396\">Malagousia<\/strong> sjell aromat e saj delikate t\u00eb luleve dhe frutave tropikale, <strong data-start=\"462\" data-end=\"475\">Assyrtiko<\/strong> shton freskin\u00eb, aciditetin e ekuilibruar dhe struktur\u00ebn e fort\u00eb.<\/p>\n<hr \/>\n<h3><strong><em>Karakteristikat<\/em><\/strong><\/h3>\n<ul>\n<li data-start=\"35\" data-end=\"174\"><strong data-start=\"37\" data-end=\"48\">Ngjyra:<\/strong> Ka nj\u00eb ngjyr\u00eb <strong data-start=\"575\" data-end=\"619\">t\u00eb verdh\u00eb t\u00eb ndritshme me nuanca t\u00eb arta<\/strong>, duke reflektuar freskin\u00eb dhe eleganc\u00ebn e saj.<\/li>\n<li data-start=\"175\" data-end=\"412\"><strong data-start=\"177\" data-end=\"187\">Aroma:<\/strong> Aromat jan\u00eb <strong data-start=\"698\" data-end=\"725\">intensive dhe komplekse<\/strong>, me nota t\u00eb agrumeve, pjeshk\u00ebs s\u00eb bardh\u00eb, frutave tropikale (mango, ananas) dhe luleve t\u00eb bardha. Gjithashtu, ndihen leht\u00ebsisht nuanca t\u00eb barishteve aromatike.<\/li>\n<li data-start=\"413\" data-end=\"601\"><strong data-start=\"415\" data-end=\"425\">Shija:<\/strong> N\u00eb goj\u00eb \u00ebsht\u00eb <strong data-start=\"919\" data-end=\"976\">e fresk\u00ebt, e ekuilibruar dhe me nj\u00eb struktur\u00eb t\u00eb mir\u00eb<\/strong>, duke kombinuar frutat e pjekura me nj\u00eb mineralitet t\u00eb k\u00ebndsh\u00ebm. P\u00ebrfundimi \u00ebsht\u00eb i gjat\u00eb dhe aromatik, duke l\u00ebn\u00eb nj\u00eb ndjesi t\u00eb k\u00ebndshme freskie.<\/li>\n<\/ul>\n<hr \/>\n<h3><em><strong>Shoq\u00ebrime t\u00eb Sugjeruara<\/strong><\/em><\/h3>\n<p><em>Kombinohet n\u00eb m\u00ebnyr\u00eb t\u00eb shk\u00eblqyer me:<\/em><\/p>\n<ul>\n<li data-start=\"1161\" data-end=\"1268\">P\u00ebrshtatet n\u00eb m\u00ebnyr\u00eb t\u00eb shk\u00eblqyer me <strong data-start=\"1200\" data-end=\"1220\">ushqimet e detit<\/strong>, si karkalecat, midhjet dhe peshqit e bardh\u00eb.<\/li>\n<li data-start=\"1269\" data-end=\"1364\">Kombinohet mrekullisht me <strong data-start=\"1297\" data-end=\"1341\">sallata t\u00eb fresk\u00ebta dhe djath\u00ebra t\u00eb but\u00eb<\/strong> si feta ose ricotta.<\/li>\n<li data-start=\"1365\" data-end=\"1426\">Ideale me <strong data-start=\"1377\" data-end=\"1423\">pasta ose risotto me perime dhe fruta deti<\/strong>.<\/li>\n<\/ul>","protected":false},"excerpt":{"rendered":"<p>P\u00ebrshkrimi i Ver\u00ebs: WHITE &#8211; KTIMA GEROVASSILIOU Detaje t\u00eb Prodhimit: Ktima Gerovassiliou White \u00ebsht\u00eb nj\u00eb ver\u00eb e bardh\u00eb elegante dhe aromatike nga Greqia, e prodhuar nga kantina prestigjioze Gerovassiliou, e njohur p\u00ebr cil\u00ebsin\u00eb dhe autenticitetin e saj. Kjo ver\u00eb \u00ebsht\u00eb nj\u00eb p\u00ebrzierje e Malagousia dhe Assyrtiko, dy varietete t\u00eb rrushit tipik\u00eb t\u00eb Greqis\u00eb q\u00eb i [&hellip;]<\/p>\n","protected":false},"featured_media":8060,"template":"","meta":[],"product_brand":[],"product_cat":[58,41],"product_tag":[],"class_list":{"0":"post-6455","1":"product","2":"type-product","3":"status-publish","4":"has-post-thumbnail","6":"product_cat-vere","7":"product_cat-vere-e-bardhe","9":"first","10":"instock","11":"shipping-taxable","12":"purchasable","13":"product-type-simple"},"_links":{"self":[{"href":"https:\/\/alehandrogroup.al\/en\/wp-json\/wp\/v2\/product\/6455","targetHints":{"allow":["GET"]}}],"collection":[{"href":"https:\/\/alehandrogroup.al\/en\/wp-json\/wp\/v2\/product"}],"about":[{"href":"https:\/\/alehandrogroup.al\/en\/wp-json\/wp\/v2\/types\/product"}],"version-history":[{"count":1,"href":"https:\/\/alehandrogroup.al\/en\/wp-json\/wp\/v2\/product\/6455\/revisions"}],"predecessor-version":[{"id":8061,"href":"https:\/\/alehandrogroup.al\/en\/wp-json\/wp\/v2\/product\/6455\/revisions\/8061"}],"wp:featuredmedia":[{"embeddable":true,"href":"https:\/\/alehandrogroup.al\/en\/wp-json\/wp\/v2\/media\/8060"}],"wp:attachment":[{"href":"https:\/\/alehandrogroup.al\/en\/wp-json\/wp\/v2\/media?parent=6455"}],"wp:term":[{"taxonomy":"product_brand","embeddable":true,"href":"https:\/\/alehandrogroup.al\/en\/wp-json\/wp\/v2\/product_brand?post=6455"},{"taxonomy":"product_cat","embeddable":true,"href":"https:\/\/alehandrogroup.al\/en\/wp-json\/wp\/v2\/product_cat?post=6455"},{"taxonomy":"product_tag","embeddable":true,"href":"https:\/\/alehandrogroup.al\/en\/wp-json\/wp\/v2\/product_tag?post=6455"}],"curies":[{"name":"wp","href":"https:\/\/api.w.org\/{rel}","templated":true}]}}