{"id":6438,"date":"2025-02-26T09:27:35","date_gmt":"2025-02-26T09:27:35","guid":{"rendered":"https:\/\/alehandrogroup.al\/?post_type=product&#038;p=6438"},"modified":"2025-11-21T15:32:23","modified_gmt":"2025-11-21T15:32:23","slug":"amaro-vaca-mora-poli","status":"publish","type":"product","link":"https:\/\/alehandrogroup.al\/en\/product\/amaro-vaca-mora-poli\/","title":{"rendered":"AMARO VACA MORA &#8211; POLI"},"content":{"rendered":"<h3><strong><em>P\u00ebrshkrimi i Ver\u00ebs: AMARO VACA MORA &#8211; POLI<\/em><\/strong><\/h3>\n<p><em><strong>Detaje t\u00eb Prodhimit:<\/strong><\/em><\/p>\n<p data-start=\"38\" data-end=\"346\">Amaro Vaca Mora \u00ebsht\u00eb prodhuar nga nj\u00eb p\u00ebrzierje e <strong data-start=\"683\" data-end=\"717\">bim\u00ebve dhe barishteve t\u00eb malit<\/strong>, shum\u00eb prej t\u00eb cilave jan\u00eb t\u00eb mbledhura n\u00eb zonat e veriut t\u00eb Italis\u00eb, ku klima \u00ebsht\u00eb ideale p\u00ebr zhvillimin e k\u00ebtyre lloj bimeve. Pjes\u00eb e procesit \u00ebsht\u00eb p\u00ebrdorimi i <strong data-start=\"882\" data-end=\"941\">alkoolit t\u00eb pastruar dhe infuzioni i bim\u00ebve t\u00eb ndryshme<\/strong> si sherebela, menteja, agrumet dhe disa speca t\u00eb but\u00eb. Ky proces k\u00ebrkon <strong data-start=\"1014\" data-end=\"1057\">mjalt\u00eb natyral dhe ekstrakte t\u00eb frutave<\/strong>, q\u00eb pas distilimit dhe p\u00ebrzierjes, krijon nj\u00eb likuer t\u00eb ve\u00e7ant\u00eb, t\u00eb ngopur me arom\u00eb.<\/p>\n<hr \/>\n<h3><strong><em>Karakteristikat<\/em><\/strong><\/h3>\n<ul>\n<li data-start=\"35\" data-end=\"174\"><strong data-start=\"37\" data-end=\"48\">Ngjyra:<\/strong> E err\u00ebt, me nuanca t\u00eb kuqe dhe t\u00eb ngjyr\u00ebs s\u00eb bakrit, q\u00eb sugjerojn\u00eb pasurin\u00eb e saj dhe kompleksitetin n\u00eb procesin e prodhimit.<\/li>\n<li data-start=\"175\" data-end=\"412\"><strong data-start=\"177\" data-end=\"187\">Aroma:<\/strong> Me arom\u00eb t\u00eb pasur dhe t\u00eb thell\u00eb, ku ndihen nota t\u00eb hidhura t\u00eb er\u00ebzave, sherebel\u00ebs, agrumeve dhe t\u00eb gjetheve t\u00eb bim\u00ebve. Ka nj\u00eb shp\u00ebrthim t\u00eb aromave t\u00eb natyrshme dhe nj\u00eb ndjesi t\u00eb p\u00ebrzierjes s\u00eb nuancave t\u00eb barishteve t\u00eb malit.<\/li>\n<li data-start=\"413\" data-end=\"601\"><strong data-start=\"415\" data-end=\"425\">Shija:<\/strong> Shija \u00ebsht\u00eb e ekuilibruar, me nj\u00eb kombinim t\u00eb p\u00ebrkryer t\u00eb \u00ebmb\u00eblsis\u00eb dhe hidh\u00ebrimit. E pasur dhe e thell\u00eb, duke ofruar nj\u00eb p\u00ebrfundim t\u00eb ngroht\u00eb, t\u00eb k\u00ebndsh\u00ebm dhe t\u00eb vazhduesh\u00ebm.<\/li>\n<\/ul>\n<hr \/>\n<h3><em><strong>Shoq\u00ebrime t\u00eb Sugjeruara<\/strong><\/em><\/h3>\n<p><em>Kombinohet n\u00eb m\u00ebnyr\u00eb t\u00eb shk\u00eblqyer me:<\/em><\/p>\n<ul>\n<li data-start=\"1178\" data-end=\"1268\">E shk\u00eblqyer si <strong data-start=\"1195\" data-end=\"1207\">digestiv<\/strong> pas dark\u00ebs, ve\u00e7an\u00ebrisht pas nj\u00eb vakti t\u00eb pasur dhe t\u00eb r\u00ebnd\u00eb.<\/li>\n<li data-start=\"1269\" data-end=\"1345\">Mund t\u00eb shijohet me <strong data-start=\"1291\" data-end=\"1312\">\u00e7okollat\u00eb t\u00eb zez\u00eb<\/strong> p\u00ebr nj\u00eb eksperienc\u00eb t\u00eb shijshme.<\/li>\n<li data-start=\"1346\" data-end=\"1494\">Shkon mir\u00eb me <strong data-start=\"1362\" data-end=\"1392\">sering\u00eb t\u00eb mishit t\u00eb thar\u00eb<\/strong>, duke ofruar nj\u00eb kontrast t\u00eb k\u00ebndsh\u00ebm midis shijes s\u00eb fort\u00eb t\u00eb mishit dhe shijes s\u00eb but\u00eb t\u00eb likuerit.<\/li>\n<li data-start=\"1495\" data-end=\"1606\">Po ashtu, mund t\u00eb shoq\u00ebrohet me <strong data-start=\"1529\" data-end=\"1576\">salsi\u00e7e t\u00eb tymosura dhe djath\u00ebra t\u00eb mprehta<\/strong> si Pecorino ose Grana Padano.<\/li>\n<\/ul>","protected":false},"excerpt":{"rendered":"<p>P\u00ebrshkrimi i Ver\u00ebs: AMARO VACA MORA &#8211; POLI Detaje t\u00eb Prodhimit: Amaro Vaca Mora \u00ebsht\u00eb prodhuar nga nj\u00eb p\u00ebrzierje e bim\u00ebve dhe barishteve t\u00eb malit, shum\u00eb prej t\u00eb cilave jan\u00eb t\u00eb mbledhura n\u00eb zonat e veriut t\u00eb Italis\u00eb, ku klima \u00ebsht\u00eb ideale p\u00ebr zhvillimin e k\u00ebtyre lloj bimeve. Pjes\u00eb e procesit \u00ebsht\u00eb p\u00ebrdorimi i alkoolit [&hellip;]<\/p>\n","protected":false},"featured_media":7504,"template":"","meta":[],"product_brand":[],"product_cat":[45],"product_tag":[],"class_list":{"0":"post-6438","1":"product","2":"type-product","3":"status-publish","4":"has-post-thumbnail","6":"product_cat-pije-alkolike","8":"first","9":"instock","10":"shipping-taxable","11":"purchasable","12":"product-type-simple"},"_links":{"self":[{"href":"https:\/\/alehandrogroup.al\/en\/wp-json\/wp\/v2\/product\/6438","targetHints":{"allow":["GET"]}}],"collection":[{"href":"https:\/\/alehandrogroup.al\/en\/wp-json\/wp\/v2\/product"}],"about":[{"href":"https:\/\/alehandrogroup.al\/en\/wp-json\/wp\/v2\/types\/product"}],"version-history":[{"count":1,"href":"https:\/\/alehandrogroup.al\/en\/wp-json\/wp\/v2\/product\/6438\/revisions"}],"predecessor-version":[{"id":7505,"href":"https:\/\/alehandrogroup.al\/en\/wp-json\/wp\/v2\/product\/6438\/revisions\/7505"}],"wp:featuredmedia":[{"embeddable":true,"href":"https:\/\/alehandrogroup.al\/en\/wp-json\/wp\/v2\/media\/7504"}],"wp:attachment":[{"href":"https:\/\/alehandrogroup.al\/en\/wp-json\/wp\/v2\/media?parent=6438"}],"wp:term":[{"taxonomy":"product_brand","embeddable":true,"href":"https:\/\/alehandrogroup.al\/en\/wp-json\/wp\/v2\/product_brand?post=6438"},{"taxonomy":"product_cat","embeddable":true,"href":"https:\/\/alehandrogroup.al\/en\/wp-json\/wp\/v2\/product_cat?post=6438"},{"taxonomy":"product_tag","embeddable":true,"href":"https:\/\/alehandrogroup.al\/en\/wp-json\/wp\/v2\/product_tag?post=6438"}],"curies":[{"name":"wp","href":"https:\/\/api.w.org\/{rel}","templated":true}]}}