{"id":6436,"date":"2025-02-26T09:24:53","date_gmt":"2025-02-26T09:24:53","guid":{"rendered":"https:\/\/alehandrogroup.al\/?post_type=product&#038;p=6436"},"modified":"2025-12-08T14:23:12","modified_gmt":"2025-12-08T14:23:12","slug":"grappa-di-sassicaia-0-5ml-poli","status":"publish","type":"product","link":"https:\/\/alehandrogroup.al\/en\/product\/grappa-di-sassicaia-0-5ml-poli\/","title":{"rendered":"GRAPPA DI SASSICAIA 0.5ML &#8211; POLI"},"content":{"rendered":"<h3><strong><em>P\u00ebrshkrimi i Ver\u00ebs: GRAPPA DI SASSICAIA 0.5ML &#8211; POLI<\/em><\/strong><\/h3>\n<p><em><strong>Detaje t\u00eb Prodhimit:<\/strong><\/em><\/p>\n<p data-start=\"38\" data-end=\"346\">Grappa di Sassicaia \u00ebsht\u00eb prodhuar nga <strong data-start=\"583\" data-end=\"678\">pomace (l\u00ebkura dhe mbetjet e rrushit) e p\u00ebrdorur p\u00ebr ver\u00ebn e famshme Bolgheri Sassicaia DOC<\/strong>, nj\u00eb nga ver\u00ebrat m\u00eb prestigjioze italiane. Distilimi kryhet me metod\u00ebn tradicionale <strong data-start=\"763\" data-end=\"791\">discontinuous bain-marie<\/strong> p\u00ebr t\u00eb ruajtur aromat dhe karakterin unik t\u00eb rrushit. M\u00eb pas, piqet p\u00ebr <strong data-start=\"864\" data-end=\"895\">4 vite n\u00eb fu\u00e7i lisi francez<\/strong> q\u00eb jan\u00eb p\u00ebrdorur m\u00eb par\u00eb p\u00ebr plakjen e ver\u00ebs Sassicaia, duke marr\u00eb kompleksitet dhe eleganc\u00eb t\u00eb jasht\u00ebzakonshme.<\/p>\n<hr \/>\n<h3><strong><em>Karakteristikat<\/em><\/strong><\/h3>\n<ul>\n<li data-start=\"41\" data-end=\"136\"><strong data-start=\"43\" data-end=\"54\">Ngjyra:<\/strong> E art\u00eb e ndritshme me reflektime t\u00eb qelibarta, rezultat i plakjes n\u00eb fu\u00e7i lisi.<\/li>\n<li data-start=\"137\" data-end=\"319\"><strong data-start=\"139\" data-end=\"149\">Aroma:<\/strong> Elegante dhe komplekse, me nota t\u00eb vaniljes, er\u00ebzave t\u00eb buta, duhanit, kakaos dhe drurit t\u00eb pjekur. Gjithashtu, ndihen nuanca t\u00eb frutave t\u00eb thata dhe luleve t\u00eb bardha.<\/li>\n<li data-start=\"320\" data-end=\"511\"><strong data-start=\"322\" data-end=\"332\">Shija:<\/strong> E ngroht\u00eb, e ekuilibruar dhe e gjat\u00eb, me nj\u00eb harmoni perfekte mes \u00ebmb\u00eblsis\u00eb delikate dhe struktur\u00ebs s\u00eb saj t\u00eb fuqishme. Ka nj\u00eb p\u00ebrfundim t\u00eb but\u00eb, t\u00eb p\u00ebrhersh\u00ebm dhe t\u00eb rafinuar.<\/li>\n<\/ul>\n<hr \/>\n<h3><em><strong>Shoq\u00ebrime t\u00eb Sugjeruara<\/strong><\/em><\/h3>\n<p><em>Kombinohet n\u00eb m\u00ebnyr\u00eb t\u00eb shk\u00eblqyer me:<\/em><\/p>\n<ul>\n<li data-start=\"1048\" data-end=\"1109\">E shk\u00eblqyer si <strong data-start=\"1065\" data-end=\"1077\">digestiv<\/strong> pas nj\u00eb vakti t\u00eb r\u00ebnd\u00ebsish\u00ebm.<\/li>\n<li data-start=\"1110\" data-end=\"1213\">Shoq\u00ebrohet n\u00eb m\u00ebnyr\u00eb t\u00eb p\u00ebrkryer me <strong data-start=\"1148\" data-end=\"1210\">\u00e7okollat\u00eb t\u00eb zez\u00eb me p\u00ebrqindje t\u00eb lart\u00eb kakaoje (min. 75%)<\/strong>.<\/li>\n<li data-start=\"1214\" data-end=\"1320\">Kombinohet mrekullisht me <strong data-start=\"1242\" data-end=\"1267\">djathe t\u00eb stazhionuar<\/strong> si Grana Padano, Parmigiano Reggiano apo Pecorino.<\/li>\n<li data-start=\"1321\" data-end=\"1399\">P\u00ebr nj\u00eb eksperienc\u00eb t\u00eb rafinuar, mund t\u00eb shijohet me nj\u00eb <strong data-start=\"1380\" data-end=\"1396\">puro premium<\/strong>.<\/li>\n<\/ul>","protected":false},"excerpt":{"rendered":"<p>P\u00ebrshkrimi i Ver\u00ebs: GRAPPA DI SASSICAIA 0.5ML &#8211; POLI Detaje t\u00eb Prodhimit: Grappa di Sassicaia \u00ebsht\u00eb prodhuar nga pomace (l\u00ebkura dhe mbetjet e rrushit) e p\u00ebrdorur p\u00ebr ver\u00ebn e famshme Bolgheri Sassicaia DOC, nj\u00eb nga ver\u00ebrat m\u00eb prestigjioze italiane. Distilimi kryhet me metod\u00ebn tradicionale discontinuous bain-marie p\u00ebr t\u00eb ruajtur aromat dhe karakterin unik t\u00eb rrushit. [&hellip;]<\/p>\n","protected":false},"featured_media":7815,"template":"","meta":[],"product_brand":[],"product_cat":[45],"product_tag":[],"class_list":{"0":"post-6436","1":"product","2":"type-product","3":"status-publish","4":"has-post-thumbnail","6":"product_cat-pije-alkolike","8":"first","9":"instock","10":"shipping-taxable","11":"purchasable","12":"product-type-simple"},"_links":{"self":[{"href":"https:\/\/alehandrogroup.al\/en\/wp-json\/wp\/v2\/product\/6436","targetHints":{"allow":["GET"]}}],"collection":[{"href":"https:\/\/alehandrogroup.al\/en\/wp-json\/wp\/v2\/product"}],"about":[{"href":"https:\/\/alehandrogroup.al\/en\/wp-json\/wp\/v2\/types\/product"}],"version-history":[{"count":1,"href":"https:\/\/alehandrogroup.al\/en\/wp-json\/wp\/v2\/product\/6436\/revisions"}],"predecessor-version":[{"id":7816,"href":"https:\/\/alehandrogroup.al\/en\/wp-json\/wp\/v2\/product\/6436\/revisions\/7816"}],"wp:featuredmedia":[{"embeddable":true,"href":"https:\/\/alehandrogroup.al\/en\/wp-json\/wp\/v2\/media\/7815"}],"wp:attachment":[{"href":"https:\/\/alehandrogroup.al\/en\/wp-json\/wp\/v2\/media?parent=6436"}],"wp:term":[{"taxonomy":"product_brand","embeddable":true,"href":"https:\/\/alehandrogroup.al\/en\/wp-json\/wp\/v2\/product_brand?post=6436"},{"taxonomy":"product_cat","embeddable":true,"href":"https:\/\/alehandrogroup.al\/en\/wp-json\/wp\/v2\/product_cat?post=6436"},{"taxonomy":"product_tag","embeddable":true,"href":"https:\/\/alehandrogroup.al\/en\/wp-json\/wp\/v2\/product_tag?post=6436"}],"curies":[{"name":"wp","href":"https:\/\/api.w.org\/{rel}","templated":true}]}}