{"id":6434,"date":"2025-02-26T09:14:35","date_gmt":"2025-02-26T09:14:35","guid":{"rendered":"https:\/\/alehandrogroup.al\/?post_type=product&#038;p=6434"},"modified":"2025-12-02T12:21:15","modified_gmt":"2025-12-02T12:21:15","slug":"barrique-solera-di-famiglia-poli","status":"publish","type":"product","link":"https:\/\/alehandrogroup.al\/en\/product\/barrique-solera-di-famiglia-poli\/","title":{"rendered":"BARRIQUE SOLERA DI FAMIGLIA &#8211; POLI"},"content":{"rendered":"<h3><strong><em>P\u00ebrshkrimi i Ver\u00ebs: BARRIQUE SOLERA DI FAMIGLIA &#8211; POLI<\/em><\/strong><\/h3>\n<p><em><strong>Detaje t\u00eb Prodhimit:<\/strong><\/em><\/p>\n<p data-start=\"38\" data-end=\"346\">Kjo grappa ekskluzive \u00ebsht\u00eb nj\u00eb p\u00ebrzierje e distilateve t\u00eb ndryshme t\u00eb rrushit, t\u00eb cilat piqen p\u00ebr nj\u00eb periudh\u00eb t\u00eb gjat\u00eb n\u00eb <strong data-start=\"605\" data-end=\"626\">fu\u00e7i lisi francez<\/strong> sipas metod\u00ebs <strong data-start=\"641\" data-end=\"651\">Solera<\/strong>, nj\u00eb teknik\u00eb e vjet\u00ebr plakjeje q\u00eb krijon nj\u00eb produkt t\u00eb pasur dhe t\u00eb rafinuar. Ky proces i lejon grapas t\u00eb arrij\u00eb nj\u00eb kompleksitet dhe harmoni unike t\u00eb aromave dhe shijeve.<\/p>\n<hr \/>\n<h3><strong><em>Karakteristikat<\/em><\/strong><\/h3>\n<ul>\n<li data-start=\"42\" data-end=\"139\"><strong data-start=\"44\" data-end=\"55\">Ngjyra:<\/strong> E art\u00eb e thell\u00eb me reflektime qelibari, q\u00eb tregon plakjen e saj t\u00eb gjat\u00eb n\u00eb fu\u00e7i.<\/li>\n<li data-start=\"140\" data-end=\"294\"><strong data-start=\"142\" data-end=\"152\">Aroma:<\/strong> Kompleks dhe e pasur, me nuanca t\u00eb mjaltit, vaniljes, er\u00ebzave t\u00eb \u00ebmbla, l\u00ebkur\u00ebs s\u00eb portokallit dhe nj\u00eb prekje delikate t\u00eb drurit t\u00eb pjekur.<\/li>\n<li data-start=\"295\" data-end=\"448\"><strong data-start=\"297\" data-end=\"307\">Shija:<\/strong> E but\u00eb dhe elegante, me nota t\u00eb karamelit, \u00e7okollat\u00ebs s\u00eb zez\u00eb, frutave t\u00eb thata dhe nj\u00eb p\u00ebrfundim t\u00eb gjat\u00eb, t\u00eb ngroht\u00eb dhe t\u00eb harmonizuar.<\/li>\n<\/ul>\n<hr \/>\n<h3><em><strong>Shoq\u00ebrime t\u00eb Sugjeruara<\/strong><\/em><\/h3>\n<p><em>Kombinohet n\u00eb m\u00ebnyr\u00eb t\u00eb shk\u00eblqyer me:<\/em><\/p>\n<ul>\n<li data-start=\"864\" data-end=\"926\">Perfekte si nj\u00eb <strong data-start=\"882\" data-end=\"894\">digestiv<\/strong> pas nj\u00eb vakti t\u00eb r\u00ebnd\u00ebsish\u00ebm.<\/li>\n<li data-start=\"927\" data-end=\"1065\">Shoq\u00ebrohet n\u00eb m\u00ebnyr\u00eb ideale me <strong data-start=\"960\" data-end=\"1002\">\u00e7okollat\u00eb t\u00eb zez\u00eb t\u00eb hidhur (min. 70%)<\/strong>, duke nxjerr\u00eb n\u00eb pah nuancat e saj t\u00eb thella dhe t\u00eb ngrohta.<\/li>\n<li data-start=\"1066\" data-end=\"1157\">Kombinohet mrekullisht me <strong data-start=\"1094\" data-end=\"1119\">djathe t\u00eb stazhionuar<\/strong>, si Pecorino e Parmigiano Reggiano.<\/li>\n<li data-start=\"1158\" data-end=\"1228\">P\u00ebr nj\u00eb eksperienc\u00eb t\u00eb rafinuar, shijohet me nj\u00eb <strong data-start=\"1209\" data-end=\"1225\">puro cil\u00ebsor<\/strong>.<\/li>\n<\/ul>","protected":false},"excerpt":{"rendered":"<p>P\u00ebrshkrimi i Ver\u00ebs: BARRIQUE SOLERA DI FAMIGLIA &#8211; POLI Detaje t\u00eb Prodhimit: Kjo grappa ekskluzive \u00ebsht\u00eb nj\u00eb p\u00ebrzierje e distilateve t\u00eb ndryshme t\u00eb rrushit, t\u00eb cilat piqen p\u00ebr nj\u00eb periudh\u00eb t\u00eb gjat\u00eb n\u00eb fu\u00e7i lisi francez sipas metod\u00ebs Solera, nj\u00eb teknik\u00eb e vjet\u00ebr plakjeje q\u00eb krijon nj\u00eb produkt t\u00eb pasur dhe t\u00eb rafinuar. Ky proces [&hellip;]<\/p>\n","protected":false},"featured_media":7721,"template":"","meta":[],"product_brand":[],"product_cat":[45],"product_tag":[],"class_list":{"0":"post-6434","1":"product","2":"type-product","3":"status-publish","4":"has-post-thumbnail","6":"product_cat-pije-alkolike","8":"first","9":"instock","10":"shipping-taxable","11":"purchasable","12":"product-type-simple"},"_links":{"self":[{"href":"https:\/\/alehandrogroup.al\/en\/wp-json\/wp\/v2\/product\/6434","targetHints":{"allow":["GET"]}}],"collection":[{"href":"https:\/\/alehandrogroup.al\/en\/wp-json\/wp\/v2\/product"}],"about":[{"href":"https:\/\/alehandrogroup.al\/en\/wp-json\/wp\/v2\/types\/product"}],"version-history":[{"count":1,"href":"https:\/\/alehandrogroup.al\/en\/wp-json\/wp\/v2\/product\/6434\/revisions"}],"predecessor-version":[{"id":7722,"href":"https:\/\/alehandrogroup.al\/en\/wp-json\/wp\/v2\/product\/6434\/revisions\/7722"}],"wp:featuredmedia":[{"embeddable":true,"href":"https:\/\/alehandrogroup.al\/en\/wp-json\/wp\/v2\/media\/7721"}],"wp:attachment":[{"href":"https:\/\/alehandrogroup.al\/en\/wp-json\/wp\/v2\/media?parent=6434"}],"wp:term":[{"taxonomy":"product_brand","embeddable":true,"href":"https:\/\/alehandrogroup.al\/en\/wp-json\/wp\/v2\/product_brand?post=6434"},{"taxonomy":"product_cat","embeddable":true,"href":"https:\/\/alehandrogroup.al\/en\/wp-json\/wp\/v2\/product_cat?post=6434"},{"taxonomy":"product_tag","embeddable":true,"href":"https:\/\/alehandrogroup.al\/en\/wp-json\/wp\/v2\/product_tag?post=6434"}],"curies":[{"name":"wp","href":"https:\/\/api.w.org\/{rel}","templated":true}]}}