{"id":6431,"date":"2025-02-26T09:10:10","date_gmt":"2025-02-26T09:10:10","guid":{"rendered":"https:\/\/alehandrogroup.al\/?post_type=product&#038;p=6431"},"modified":"2025-12-02T12:42:03","modified_gmt":"2025-12-02T12:42:03","slug":"cleopatra-moscato-grappa-0-7-ml-poli","status":"publish","type":"product","link":"https:\/\/alehandrogroup.al\/en\/product\/cleopatra-moscato-grappa-0-7-ml-poli\/","title":{"rendered":"CLEOPATRA MOSCATO GRAPPA 0.7 ML &#8211; POLI"},"content":{"rendered":"<h3><strong><em>P\u00ebrshkrimi i Ver\u00ebs: CLEOPATRA MOSCATO GRAPPA 0.7 ML &#8211; POLI<\/em><\/strong><\/h3>\n<p><em><strong>Detaje t\u00eb Prodhimit:<\/strong><\/em><\/p>\n<p data-start=\"38\" data-end=\"346\">Kjo grappa e jasht\u00ebzakonshme \u00ebsht\u00eb prodhuar nga rrushi Moscato dhe distiluar me metod\u00ebn inovative &#8220;Crysopea&#8221;, nj\u00eb sistem i distilimit n\u00eb vakum q\u00eb ruan maksimalisht aromat delikate t\u00eb rrushit. Emri &#8220;Cleopatra&#8221; i referohet alkimistes s\u00eb lasht\u00eb egjiptiane q\u00eb p\u00ebrmir\u00ebsoi teknikat e distilimit, duke reflektuar filozofin\u00eb e Poli p\u00ebr artin e prodhimit t\u00eb grapas cil\u00ebsore.<\/p>\n<hr \/>\n<h3><strong><em>Karakteristikat<\/em><\/strong><\/h3>\n<ul>\n<li data-start=\"48\" data-end=\"105\"><strong data-start=\"50\" data-end=\"61\">Ngjyra:<\/strong> E art\u00eb e \u00e7elur, me reflektime t\u00eb ngrohta.<\/li>\n<li data-start=\"106\" data-end=\"211\"><strong data-start=\"108\" data-end=\"118\">Aroma:<\/strong> Aromatike dhe e rafinuar, me nota agrumesh, lulesh t\u00eb bardha, pjeshke, mjalt\u00eb dhe vanilje.<\/li>\n<li data-start=\"212\" data-end=\"348\"><strong data-start=\"214\" data-end=\"224\">Shija:<\/strong> E but\u00eb dhe e pasur, me nj\u00eb harmoni perfekte mes \u00ebmb\u00eblsis\u00eb dhe freskis\u00eb, e ndjekur nga nj\u00eb p\u00ebrfundim i gjat\u00eb e i k\u00ebndsh\u00ebm.<\/li>\n<\/ul>\n<hr \/>\n<h3><em><strong>Shoq\u00ebrime t\u00eb Sugjeruara<\/strong><\/em><\/h3>\n<p><em>Kombinohet n\u00eb m\u00ebnyr\u00eb t\u00eb shk\u00eblqyer me:<\/em><\/p>\n<ul>\n<li data-start=\"818\" data-end=\"884\">P\u00ebr t&#8217;u shijuar si nj\u00eb <strong data-start=\"843\" data-end=\"855\">digestiv<\/strong> pas nj\u00eb vakti t\u00eb bollsh\u00ebm.<\/li>\n<li data-start=\"885\" data-end=\"1022\">Shoq\u00ebrohet n\u00eb m\u00ebnyr\u00eb perfekte me <strong data-start=\"920\" data-end=\"942\">\u00ebmb\u00eblsira t\u00eb lehta<\/strong> si pastat me bajame, panna cotta me vanilje ose nj\u00eb tart\u00eb me fruta tropikale.<\/li>\n<li data-start=\"1023\" data-end=\"1165\">Mund t\u00eb kombinohet edhe me <strong data-start=\"1052\" data-end=\"1075\">\u00e7okollat\u00eb t\u00eb bardh\u00eb<\/strong> ose djath\u00ebra t\u00eb stazhionuar si Parmigiano Reggiano p\u00ebr nj\u00eb p\u00ebrvoj\u00eb t\u00eb rafinuar shijimi.<\/li>\n<\/ul>","protected":false},"excerpt":{"rendered":"<p>P\u00ebrshkrimi i Ver\u00ebs: CLEOPATRA MOSCATO GRAPPA 0.7 ML &#8211; POLI Detaje t\u00eb Prodhimit: Kjo grappa e jasht\u00ebzakonshme \u00ebsht\u00eb prodhuar nga rrushi Moscato dhe distiluar me metod\u00ebn inovative &#8220;Crysopea&#8221;, nj\u00eb sistem i distilimit n\u00eb vakum q\u00eb ruan maksimalisht aromat delikate t\u00eb rrushit. Emri &#8220;Cleopatra&#8221; i referohet alkimistes s\u00eb lasht\u00eb egjiptiane q\u00eb p\u00ebrmir\u00ebsoi teknikat e distilimit, duke [&hellip;]<\/p>\n","protected":false},"featured_media":7741,"template":"","meta":[],"product_brand":[],"product_cat":[45],"product_tag":[],"class_list":{"0":"post-6431","1":"product","2":"type-product","3":"status-publish","4":"has-post-thumbnail","6":"product_cat-pije-alkolike","8":"first","9":"instock","10":"shipping-taxable","11":"purchasable","12":"product-type-simple"},"_links":{"self":[{"href":"https:\/\/alehandrogroup.al\/en\/wp-json\/wp\/v2\/product\/6431","targetHints":{"allow":["GET"]}}],"collection":[{"href":"https:\/\/alehandrogroup.al\/en\/wp-json\/wp\/v2\/product"}],"about":[{"href":"https:\/\/alehandrogroup.al\/en\/wp-json\/wp\/v2\/types\/product"}],"version-history":[{"count":1,"href":"https:\/\/alehandrogroup.al\/en\/wp-json\/wp\/v2\/product\/6431\/revisions"}],"predecessor-version":[{"id":7742,"href":"https:\/\/alehandrogroup.al\/en\/wp-json\/wp\/v2\/product\/6431\/revisions\/7742"}],"wp:featuredmedia":[{"embeddable":true,"href":"https:\/\/alehandrogroup.al\/en\/wp-json\/wp\/v2\/media\/7741"}],"wp:attachment":[{"href":"https:\/\/alehandrogroup.al\/en\/wp-json\/wp\/v2\/media?parent=6431"}],"wp:term":[{"taxonomy":"product_brand","embeddable":true,"href":"https:\/\/alehandrogroup.al\/en\/wp-json\/wp\/v2\/product_brand?post=6431"},{"taxonomy":"product_cat","embeddable":true,"href":"https:\/\/alehandrogroup.al\/en\/wp-json\/wp\/v2\/product_cat?post=6431"},{"taxonomy":"product_tag","embeddable":true,"href":"https:\/\/alehandrogroup.al\/en\/wp-json\/wp\/v2\/product_tag?post=6431"}],"curies":[{"name":"wp","href":"https:\/\/api.w.org\/{rel}","templated":true}]}}