{"id":6429,"date":"2025-02-26T09:06:46","date_gmt":"2025-02-26T09:06:46","guid":{"rendered":"https:\/\/alehandrogroup.al\/?post_type=product&#038;p=6429"},"modified":"2025-12-24T10:22:25","modified_gmt":"2025-12-24T10:22:25","slug":"po-di-poli-morbida-moscato-grappa-poli","status":"publish","type":"product","link":"https:\/\/alehandrogroup.al\/en\/product\/po-di-poli-morbida-moscato-grappa-poli\/","title":{"rendered":"PO&#8217; DI POLI MORBIDA MOSCATO GRAPPA &#8211; POLI"},"content":{"rendered":"<h3><strong><em>P\u00ebrshkrimi i Ver\u00ebs: PO&#8217; DI POLI MORBIDA MOSCATO GRAPPA &#8211; POLI<\/em><\/strong><\/h3>\n<p><em><strong>Detaje t\u00eb Prodhimit:<\/strong><\/em><\/p>\n<p data-start=\"38\" data-end=\"346\">Po\u2019 di Poli Morbida \u00ebsht\u00eb nj\u00eb <strong data-start=\"437\" data-end=\"470\">grapa elegante dhe e rafinuar<\/strong>, e prodhuar nga distilimi i vishnjave t\u00eb rrushit Moscato, i njohur p\u00ebr arom\u00ebn e tij t\u00eb pasur dhe \u00ebmb\u00eblsin\u00eb natyrale. Distilohet me metod\u00ebn tradicionale artizanale n\u00eb grupe t\u00eb vogla, duke reflektuar filozofin\u00eb e distileris\u00eb Poli: <strong data-start=\"700\" data-end=\"742\">ekuilib\u00ebr, past\u00ebrti dhe cil\u00ebsi e lart\u00eb<\/strong>.<\/p>\n<hr \/>\n<h3><strong><em>Karakteristikat<\/em><\/strong><\/h3>\n<ul>\n<li data-start=\"49\" data-end=\"121\"><strong data-start=\"51\" data-end=\"62\">Ngjyra:<\/strong> Kristaline dhe transparente, me reflektime t\u00eb ndritshme.<\/li>\n<li data-start=\"122\" data-end=\"214\"><strong data-start=\"124\" data-end=\"134\">Aroma:<\/strong> E pasur dhe aromatike me nota lulesh t\u00eb bardha, agrumesh, pjeshke dhe mjalt\u00eb.<\/li>\n<li data-start=\"215\" data-end=\"329\"><strong data-start=\"217\" data-end=\"227\">Shija:<\/strong> E but\u00eb, e \u00ebmb\u00ebl dhe e harmonizuar, me nj\u00eb struktur\u00eb delikate dhe nj\u00eb p\u00ebrfundim t\u00eb gjat\u00eb e aromatik.<\/li>\n<\/ul>\n<hr \/>\n<h3><em><strong>Shoq\u00ebrime t\u00eb Sugjeruara<\/strong><\/em><\/h3>\n<p><em>Kombinohet n\u00eb m\u00ebnyr\u00eb t\u00eb shk\u00eblqyer me:<\/em><\/p>\n<ul>\n<li><strong data-start=\"1468\" data-end=\"1503\">E sh\u00ebrbyer n\u00eb nj\u00eb got\u00eb tulipani<\/strong>, p\u00ebr t\u00eb shfaqur arom\u00ebn e saj t\u00eb plot\u00eb<\/li>\n<li><strong data-start=\"1546\" data-end=\"1573\">N\u00eb temperatur\u00ebn 16-18\u00b0C<\/strong>, ideale p\u00ebr t\u00eb ndjer\u00eb t\u00eb gjitha nuancat e saj<\/li>\n<li><strong data-start=\"1624\" data-end=\"1651\">Si digestiv pas vakteve<\/strong>, p\u00ebr nj\u00eb p\u00ebrvoj\u00eb t\u00eb rafinuar<\/li>\n<li><strong data-start=\"1685\" data-end=\"1738\">E kombinuar me \u00e7okollat\u00eb t\u00eb zez\u00eb ose puro premium<\/strong><\/li>\n<\/ul>","protected":false},"excerpt":{"rendered":"<p>P\u00ebrshkrimi i Ver\u00ebs: PO&#8217; DI POLI MORBIDA MOSCATO GRAPPA &#8211; POLI Detaje t\u00eb Prodhimit: Po\u2019 di Poli Morbida \u00ebsht\u00eb nj\u00eb grapa elegante dhe e rafinuar, e prodhuar nga distilimi i vishnjave t\u00eb rrushit Moscato, i njohur p\u00ebr arom\u00ebn e tij t\u00eb pasur dhe \u00ebmb\u00eblsin\u00eb natyrale. Distilohet me metod\u00ebn tradicionale artizanale n\u00eb grupe t\u00eb vogla, duke [&hellip;]<\/p>\n","protected":false},"featured_media":7921,"template":"","meta":[],"product_brand":[],"product_cat":[45],"product_tag":[],"class_list":{"0":"post-6429","1":"product","2":"type-product","3":"status-publish","4":"has-post-thumbnail","6":"product_cat-pije-alkolike","8":"first","9":"instock","10":"shipping-taxable","11":"purchasable","12":"product-type-simple"},"_links":{"self":[{"href":"https:\/\/alehandrogroup.al\/en\/wp-json\/wp\/v2\/product\/6429","targetHints":{"allow":["GET"]}}],"collection":[{"href":"https:\/\/alehandrogroup.al\/en\/wp-json\/wp\/v2\/product"}],"about":[{"href":"https:\/\/alehandrogroup.al\/en\/wp-json\/wp\/v2\/types\/product"}],"version-history":[{"count":1,"href":"https:\/\/alehandrogroup.al\/en\/wp-json\/wp\/v2\/product\/6429\/revisions"}],"predecessor-version":[{"id":7922,"href":"https:\/\/alehandrogroup.al\/en\/wp-json\/wp\/v2\/product\/6429\/revisions\/7922"}],"wp:featuredmedia":[{"embeddable":true,"href":"https:\/\/alehandrogroup.al\/en\/wp-json\/wp\/v2\/media\/7921"}],"wp:attachment":[{"href":"https:\/\/alehandrogroup.al\/en\/wp-json\/wp\/v2\/media?parent=6429"}],"wp:term":[{"taxonomy":"product_brand","embeddable":true,"href":"https:\/\/alehandrogroup.al\/en\/wp-json\/wp\/v2\/product_brand?post=6429"},{"taxonomy":"product_cat","embeddable":true,"href":"https:\/\/alehandrogroup.al\/en\/wp-json\/wp\/v2\/product_cat?post=6429"},{"taxonomy":"product_tag","embeddable":true,"href":"https:\/\/alehandrogroup.al\/en\/wp-json\/wp\/v2\/product_tag?post=6429"}],"curies":[{"name":"wp","href":"https:\/\/api.w.org\/{rel}","templated":true}]}}