{"id":6412,"date":"2025-02-19T09:23:55","date_gmt":"2025-02-19T09:23:55","guid":{"rendered":"https:\/\/alehandrogroup.al\/?post_type=product&#038;p=6412"},"modified":"2025-12-26T12:38:33","modified_gmt":"2025-12-26T12:38:33","slug":"unico-reserva-especial-vega-sicilia","status":"publish","type":"product","link":"https:\/\/alehandrogroup.al\/en\/product\/unico-reserva-especial-vega-sicilia\/","title":{"rendered":"UNICO RESERVA ESPECIAL &#8211; VEGA SICILIA"},"content":{"rendered":"<h3><strong><em>P\u00ebrshkrimi i Ver\u00ebs: UNICO RESERVA ESPECIAL &#8211; VEGA SICILIA<\/em><\/strong><\/h3>\n<p><em><strong>Detaje t\u00eb Prodhimit:<\/strong><\/em><\/p>\n<p data-start=\"38\" data-end=\"346\"><strong data-start=\"49\" data-end=\"75\">\u00danico Reserva Especial<\/strong> \u00ebsht\u00eb vera m\u00eb ekskluzive dhe emblem\u00eb e <strong data-start=\"115\" data-end=\"131\">Vega Sicilia<\/strong>, nj\u00eb p\u00ebrzierje unike e disa nga vitet m\u00eb t\u00eb mira t\u00eb <strong data-start=\"184\" data-end=\"193\">\u00danico<\/strong>. Ky stil tradicional i p\u00ebrzierjes s\u00eb vjeljeve t\u00eb ndryshme \u00ebsht\u00eb nj\u00eb praktik\u00eb q\u00eb vet\u00ebm pak kantina n\u00eb bot\u00eb e ndjekin ende, duke krijuar nj\u00eb ver\u00eb q\u00eb mish\u00ebron <strong data-start=\"350\" data-end=\"415\">eleganc\u00ebn, kompleksitetin dhe jet\u00ebgjat\u00ebsin\u00eb e jasht\u00ebzakonshme<\/strong> t\u00eb sht\u00ebpis\u00eb Vega Sicilia.<\/p>\n<hr \/>\n<h3><strong><em>Karakteristikat<\/em><\/strong><\/h3>\n<ul>\n<li data-start=\"967\" data-end=\"1020\"><strong data-start=\"969\" data-end=\"980\">Ngjyra:<\/strong> E kuqe <strong data-start=\"474\" data-end=\"493\">e thell\u00eb rubini<\/strong>, me reflektime <strong data-start=\"509\" data-end=\"534\">t\u00eb err\u00ebta t\u00eb purpurta<\/strong>, q\u00eb tregojn\u00eb jet\u00ebgjat\u00ebsin\u00eb e saj t\u00eb madhe.<\/li>\n<li data-start=\"1021\" data-end=\"1219\"><strong data-start=\"1023\" data-end=\"1033\">Aroma: <\/strong><strong data-start=\"604\" data-end=\"624\">Fruta t\u00eb pjekura<\/strong>: kumbull e zez\u00eb, manaferr\u00eb, rrush i that\u00eb. <strong data-start=\"671\" data-end=\"704\">Nuanca minerale dhe balsamike<\/strong>, shfaqin kompleksitetin e terroir-it t\u00eb Ribera del Duero. <strong data-start=\"766\" data-end=\"814\">Tinguj druri t\u00eb integruar n\u00eb m\u00ebnyr\u00eb perfekte<\/strong>, me nota vanilje, kafeje dhe \u00e7okollate. <strong data-start=\"858\" data-end=\"888\">Er\u00ebza t\u00eb buta dhe delikate<\/strong>, si arr\u00ebmyshk, kanell\u00eb dhe spec i zi<\/li>\n<li data-start=\"1220\" data-end=\"1491\"><strong data-start=\"1222\" data-end=\"1232\">Shija: <\/strong><strong data-start=\"952\" data-end=\"984\">E fuqishme dhe e ekuilibruar<\/strong>, me nj\u00eb struktur\u00eb t\u00eb pasur tanike dhe aciditet t\u00eb rafinuar <strong data-start=\"1048\" data-end=\"1072\">M\u00ebndafsh n\u00eb tekstur\u00eb<\/strong>, por nj\u00ebkoh\u00ebsisht e gjall\u00eb dhe dinamike. <strong data-start=\"1117\" data-end=\"1155\">Finale shum\u00eb e gjat\u00eb dhe komplekse<\/strong>, ku ndihen notat e frutave t\u00eb pjekura dhe drurit t\u00eb rafinuar. <strong data-start=\"1221\" data-end=\"1252\">Evoluon vazhdimisht n\u00eb got\u00eb<\/strong>, duke zbuluar shtresa t\u00eb reja aromash dhe shijesh<\/li>\n<\/ul>\n<hr \/>\n<h3><em><strong>Shoq\u00ebrime t\u00eb Sugjeruara<\/strong><\/em><\/h3>\n<p><em>Kombinohet n\u00eb m\u00ebnyr\u00eb t\u00eb shk\u00eblqyer me:<\/em><\/p>\n<ul>\n<li data-start=\"1784\" data-end=\"1827\"><strong data-start=\"1786\" data-end=\"1825\">Vi\u00e7i Wagyu ose mish qengji i pjekur<\/strong><\/li>\n<li data-start=\"1828\" data-end=\"1883\"><strong data-start=\"1830\" data-end=\"1881\">Pjata me k\u00ebrpudha t\u00eb egra dhe truffle t\u00eb bardha<\/strong><\/li>\n<li data-start=\"1884\" data-end=\"1954\"><strong data-start=\"1886\" data-end=\"1913\">Djath\u00ebra t\u00eb stazhionuar<\/strong>, si Pecorino, Comt\u00e9 dhe Manchego a\u00f1ejo<\/li>\n<li data-start=\"1955\" data-end=\"2029\"><strong data-start=\"1957\" data-end=\"1989\">Gastronomi e lart\u00eb spanjolle<\/strong>, si cochinillo asado (derri i pjekur)<\/li>\n<\/ul>","protected":false},"excerpt":{"rendered":"<p>P\u00ebrshkrimi i Ver\u00ebs: UNICO RESERVA ESPECIAL &#8211; VEGA SICILIA Detaje t\u00eb Prodhimit: \u00danico Reserva Especial \u00ebsht\u00eb vera m\u00eb ekskluzive dhe emblem\u00eb e Vega Sicilia, nj\u00eb p\u00ebrzierje unike e disa nga vitet m\u00eb t\u00eb mira t\u00eb \u00danico. Ky stil tradicional i p\u00ebrzierjes s\u00eb vjeljeve t\u00eb ndryshme \u00ebsht\u00eb nj\u00eb praktik\u00eb q\u00eb vet\u00ebm pak kantina n\u00eb bot\u00eb e [&hellip;]<\/p>\n","protected":false},"featured_media":8042,"template":"","meta":[],"product_brand":[],"product_cat":[58,46],"product_tag":[],"class_list":{"0":"post-6412","1":"product","2":"type-product","3":"status-publish","4":"has-post-thumbnail","6":"product_cat-vere","7":"product_cat-vere-e-kuqe","9":"first","10":"instock","11":"shipping-taxable","12":"purchasable","13":"product-type-simple"},"_links":{"self":[{"href":"https:\/\/alehandrogroup.al\/en\/wp-json\/wp\/v2\/product\/6412","targetHints":{"allow":["GET"]}}],"collection":[{"href":"https:\/\/alehandrogroup.al\/en\/wp-json\/wp\/v2\/product"}],"about":[{"href":"https:\/\/alehandrogroup.al\/en\/wp-json\/wp\/v2\/types\/product"}],"version-history":[{"count":1,"href":"https:\/\/alehandrogroup.al\/en\/wp-json\/wp\/v2\/product\/6412\/revisions"}],"predecessor-version":[{"id":8043,"href":"https:\/\/alehandrogroup.al\/en\/wp-json\/wp\/v2\/product\/6412\/revisions\/8043"}],"wp:featuredmedia":[{"embeddable":true,"href":"https:\/\/alehandrogroup.al\/en\/wp-json\/wp\/v2\/media\/8042"}],"wp:attachment":[{"href":"https:\/\/alehandrogroup.al\/en\/wp-json\/wp\/v2\/media?parent=6412"}],"wp:term":[{"taxonomy":"product_brand","embeddable":true,"href":"https:\/\/alehandrogroup.al\/en\/wp-json\/wp\/v2\/product_brand?post=6412"},{"taxonomy":"product_cat","embeddable":true,"href":"https:\/\/alehandrogroup.al\/en\/wp-json\/wp\/v2\/product_cat?post=6412"},{"taxonomy":"product_tag","embeddable":true,"href":"https:\/\/alehandrogroup.al\/en\/wp-json\/wp\/v2\/product_tag?post=6412"}],"curies":[{"name":"wp","href":"https:\/\/api.w.org\/{rel}","templated":true}]}}