{"id":6408,"date":"2025-02-19T09:15:08","date_gmt":"2025-02-19T09:15:08","guid":{"rendered":"https:\/\/alehandrogroup.al\/?post_type=product&#038;p=6408"},"modified":"2025-12-26T12:40:00","modified_gmt":"2025-12-26T12:40:00","slug":"valbuena-5-vega-sicilia","status":"publish","type":"product","link":"https:\/\/alehandrogroup.al\/en\/product\/valbuena-5-vega-sicilia\/","title":{"rendered":"VALBUENA 5 &#8211; VEGA SICILIA"},"content":{"rendered":"<h3><strong><em>P\u00ebrshkrimi i Ver\u00ebs: VALBUENA 5 &#8211; VEGA SICILIA<\/em><\/strong><\/h3>\n<p><em><strong>Detaje t\u00eb Prodhimit:<\/strong><\/em><\/p>\n<p data-start=\"38\" data-end=\"346\"><strong data-start=\"38\" data-end=\"53\">Valbuena 5\u00b0<\/strong> \u00ebsht\u00eb nj\u00eb nga ver\u00ebrat m\u00eb ikonike t\u00eb <strong data-start=\"90\" data-end=\"106\">Vega Sicilia<\/strong>, nj\u00eb em\u00ebr legjendar n\u00eb bot\u00ebn e ver\u00ebs. Emri <strong data-start=\"150\" data-end=\"158\">&#8220;5\u00b0&#8221;<\/strong> vjen nga fakti q\u00eb kjo ver\u00eb vjetrohet p\u00ebr <strong data-start=\"197\" data-end=\"210\">pes\u00eb vite<\/strong> p\u00ebrpara se t\u00eb dal\u00eb n\u00eb treg, nj\u00eb kombinim i rafinuar i fu\u00e7ive t\u00eb drurit dhe shisheve, i cili i jep nj\u00eb karakter t\u00eb pasur dhe kompleks.<\/p>\n<p data-start=\"348\" data-end=\"544\">Kjo ver\u00eb p\u00ebrfaq\u00ebson <strong data-start=\"368\" data-end=\"409\">shpirtin e past\u00ebr t\u00eb Ribera del Duero<\/strong>, duke kombinuar eleganc\u00ebn, struktur\u00ebn dhe potencialin e jasht\u00ebzakonsh\u00ebm t\u00eb plakjes q\u00eb karakterizon t\u00eb gjitha ver\u00ebrat e Vega Sicili<\/p>\n<hr \/>\n<h3><strong><em>Karakteristikat<\/em><\/strong><\/h3>\n<ul>\n<li data-start=\"967\" data-end=\"1020\"><strong data-start=\"969\" data-end=\"980\">Ngjyra:<\/strong> Nj\u00eb e kuqe <strong data-start=\"579\" data-end=\"598\">e thell\u00eb rubini<\/strong>, me reflektime t\u00eb lehta <strong data-start=\"623\" data-end=\"638\">t\u00eb purpurta<\/strong>, q\u00eb tregon freskin\u00eb dhe potencialin e gjat\u00eb t\u00eb ruajtjes.<\/li>\n<li data-start=\"1021\" data-end=\"1219\"><strong data-start=\"1023\" data-end=\"1033\">Aroma: <\/strong><strong data-start=\"722\" data-end=\"750\">Fruta t\u00eb zeza t\u00eb pjekura<\/strong>, si <strong data-start=\"755\" data-end=\"795\">rrush i that\u00eb, kumbull dhe manaferr\u00eb. <\/strong><strong data-start=\"800\" data-end=\"833\">Tinguj balsamik\u00eb dhe minerale<\/strong>, q\u00eb vijn\u00eb nga toka e pasur e Ribera del Duero. <strong data-start=\"884\" data-end=\"920\">Nuanca t\u00eb sofistikuara t\u00eb drurit<\/strong>, si <strong data-start=\"925\" data-end=\"959\">vanilje, duhan, kakao dhe kafe<\/strong>, nga plakja e gjat\u00eb n\u00eb fu\u00e7i. <strong data-start=\"992\" data-end=\"1008\">Nota pikante<\/strong>, si <strong data-start=\"1013\" data-end=\"1038\">spec i zi dhe kanell\u00eb<\/strong>, q\u00eb shtojn\u00eb kompleksitetin<\/li>\n<li data-start=\"1220\" data-end=\"1491\"><strong data-start=\"1222\" data-end=\"1232\">Shija: <\/strong><strong data-start=\"1092\" data-end=\"1130\">E but\u00eb, elegante dhe e ekuilibruar<\/strong>, me nj\u00eb struktur\u00eb t\u00eb jasht\u00ebzakonshme. <strong data-start=\"1172\" data-end=\"1196\">Taninet e m\u00ebndafshta<\/strong>, por me karakter dhe thell\u00ebsi. <strong data-start=\"1231\" data-end=\"1260\">Shije e gjat\u00eb dhe e pasur<\/strong>, me nj\u00eb kombinim perfekt midis frutave, drurit dhe mineraleve. <strong data-start=\"1327\" data-end=\"1351\">Finale e vazhdueshme<\/strong>, me ndjesi t\u00eb rafinuara dhe t\u00eb sofistikuara q\u00eb zgjasin p\u00ebr minuta t\u00eb t\u00ebra n\u00eb qiellz\u00eb<\/li>\n<\/ul>\n<hr \/>\n<h3><em><strong>Shoq\u00ebrime t\u00eb Sugjeruara<\/strong><\/em><\/h3>\n<p><em>Kombinohet n\u00eb m\u00ebnyr\u00eb t\u00eb shk\u00eblqyer me:<\/em><\/p>\n<ul>\n<li data-start=\"1975\" data-end=\"2045\"><strong data-start=\"1977\" data-end=\"2004\">Mishra t\u00eb kuq t\u00eb pjekur<\/strong>, si <strong data-start=\"2009\" data-end=\"2043\">biftek vi\u00e7i ose qengj n\u00eb skar\u00eb<\/strong><\/li>\n<li data-start=\"2046\" data-end=\"2158\"><strong data-start=\"2048\" data-end=\"2080\">Pjata tradicionale<\/strong><\/li>\n<li data-start=\"2159\" data-end=\"2207\"><strong data-start=\"2161\" data-end=\"2205\">Pasta dhe rizoto me k\u00ebrpudha dhe truffle<\/strong><\/li>\n<li data-start=\"2208\" data-end=\"2269\"><strong data-start=\"2210\" data-end=\"2237\">Djath\u00ebra t\u00eb stazhionuar<\/strong>, si <strong data-start=\"2242\" data-end=\"2267\">Manchego dhe Pecorino<\/strong><\/li>\n<\/ul>","protected":false},"excerpt":{"rendered":"<p>P\u00ebrshkrimi i Ver\u00ebs: VALBUENA 5 &#8211; VEGA SICILIA Detaje t\u00eb Prodhimit: Valbuena 5\u00b0 \u00ebsht\u00eb nj\u00eb nga ver\u00ebrat m\u00eb ikonike t\u00eb Vega Sicilia, nj\u00eb em\u00ebr legjendar n\u00eb bot\u00ebn e ver\u00ebs. Emri &#8220;5\u00b0&#8221; vjen nga fakti q\u00eb kjo ver\u00eb vjetrohet p\u00ebr pes\u00eb vite p\u00ebrpara se t\u00eb dal\u00eb n\u00eb treg, nj\u00eb kombinim i rafinuar i fu\u00e7ive t\u00eb drurit [&hellip;]<\/p>\n","protected":false},"featured_media":8044,"template":"","meta":[],"product_brand":[],"product_cat":[58,46],"product_tag":[],"class_list":{"0":"post-6408","1":"product","2":"type-product","3":"status-publish","4":"has-post-thumbnail","6":"product_cat-vere","7":"product_cat-vere-e-kuqe","9":"first","10":"instock","11":"shipping-taxable","12":"purchasable","13":"product-type-simple"},"_links":{"self":[{"href":"https:\/\/alehandrogroup.al\/en\/wp-json\/wp\/v2\/product\/6408","targetHints":{"allow":["GET"]}}],"collection":[{"href":"https:\/\/alehandrogroup.al\/en\/wp-json\/wp\/v2\/product"}],"about":[{"href":"https:\/\/alehandrogroup.al\/en\/wp-json\/wp\/v2\/types\/product"}],"version-history":[{"count":1,"href":"https:\/\/alehandrogroup.al\/en\/wp-json\/wp\/v2\/product\/6408\/revisions"}],"predecessor-version":[{"id":8045,"href":"https:\/\/alehandrogroup.al\/en\/wp-json\/wp\/v2\/product\/6408\/revisions\/8045"}],"wp:featuredmedia":[{"embeddable":true,"href":"https:\/\/alehandrogroup.al\/en\/wp-json\/wp\/v2\/media\/8044"}],"wp:attachment":[{"href":"https:\/\/alehandrogroup.al\/en\/wp-json\/wp\/v2\/media?parent=6408"}],"wp:term":[{"taxonomy":"product_brand","embeddable":true,"href":"https:\/\/alehandrogroup.al\/en\/wp-json\/wp\/v2\/product_brand?post=6408"},{"taxonomy":"product_cat","embeddable":true,"href":"https:\/\/alehandrogroup.al\/en\/wp-json\/wp\/v2\/product_cat?post=6408"},{"taxonomy":"product_tag","embeddable":true,"href":"https:\/\/alehandrogroup.al\/en\/wp-json\/wp\/v2\/product_tag?post=6408"}],"curies":[{"name":"wp","href":"https:\/\/api.w.org\/{rel}","templated":true}]}}