{"id":6406,"date":"2025-02-19T09:07:01","date_gmt":"2025-02-19T09:07:01","guid":{"rendered":"https:\/\/alehandrogroup.al\/?post_type=product&#038;p=6406"},"modified":"2025-11-22T11:46:15","modified_gmt":"2025-11-22T11:46:15","slug":"macan-cosecha-vega-sicilia","status":"publish","type":"product","link":"https:\/\/alehandrogroup.al\/en\/product\/macan-cosecha-vega-sicilia\/","title":{"rendered":"MACAN COSECHA &#8211; VEGA SICILIA"},"content":{"rendered":"<h3><strong><em>P\u00ebrshkrimi i Ver\u00ebs: MACAN COSECHA &#8211; VEGA SICILIA<\/em><\/strong><\/h3>\n<p><em><strong>Detaje t\u00eb Prodhimit:<\/strong><\/em><\/p>\n<p data-start=\"0\" data-end=\"317\"><strong data-start=\"40\" data-end=\"57\">Mac\u00e1n Cosecha<\/strong> \u00ebsht\u00eb nj\u00eb ver\u00eb elegante dhe moderne, e krijuar nga nj\u00eb bashk\u00ebpunim unik midis <strong data-start=\"136\" data-end=\"152\">Vega Sicilia<\/strong> dhe <strong data-start=\"157\" data-end=\"183\">Benjamin de Rothschild<\/strong>, dy emra t\u00eb m\u00ebdhenj n\u00eb bot\u00ebn e ver\u00ebs. Kjo ver\u00eb p\u00ebrfaq\u00ebson nj\u00eb interpretim bashk\u00ebkohor t\u00eb <strong data-start=\"273\" data-end=\"290\">Tempranillo-s<\/strong> nga rajoni prestigjioz i <strong data-start=\"316\" data-end=\"325\">Rioja<\/strong>, duke sjell\u00eb nj\u00eb stil t\u00eb past\u00ebr, t\u00eb fresk\u00ebt dhe me nj\u00eb struktur\u00eb t\u00eb jasht\u00ebzakonshme<\/p>\n<hr \/>\n<h3><strong><em>Karakteristikat<\/em><\/strong><\/h3>\n<ul>\n<li data-start=\"967\" data-end=\"1020\"><strong data-start=\"969\" data-end=\"980\">Ngjyra:<\/strong> E kuqe <strong data-start=\"443\" data-end=\"462\">rubini e thell\u00eb<\/strong>, me reflektime <strong data-start=\"478\" data-end=\"499\">vjollc\u00eb t\u00eb ndezur<\/strong>, q\u00eb tregon freski dhe potencial t\u00eb mir\u00eb plakjeje.<\/li>\n<li data-start=\"1021\" data-end=\"1219\"><strong data-start=\"1023\" data-end=\"1033\">Aroma: <\/strong><strong data-start=\"571\" data-end=\"600\">Fruta t\u00eb kuqe dhe t\u00eb zeza<\/strong>, si <strong data-start=\"605\" data-end=\"636\">qershi, mjed\u00ebr dhe boronic\u00eb. <\/strong><strong data-start=\"641\" data-end=\"670\">Nuanca delikate t\u00eb drurit<\/strong>, si <strong data-start=\"675\" data-end=\"696\">vanilje dhe kakao<\/strong>, nga plakja n\u00eb fu\u00e7i lisi. <strong data-start=\"726\" data-end=\"757\">Tinguj minerale dhe pikante<\/strong>, si <strong data-start=\"762\" data-end=\"805\">spec i zi dhe er\u00ebza t\u00eb thata mesdhetare<\/strong><\/li>\n<li data-start=\"1220\" data-end=\"1491\"><strong data-start=\"1222\" data-end=\"1232\">Shija: <\/strong><strong data-start=\"832\" data-end=\"861\">E pasur dhe e ekuilibruar<\/strong>, me nj\u00eb struktur\u00eb t\u00eb but\u00eb tanike. <strong data-start=\"899\" data-end=\"936\">Shije e thell\u00eb frutash t\u00eb pjekura<\/strong>, me prekje balsamike dhe minerale. <strong data-start=\"975\" data-end=\"997\">Aciditet i fresk\u00ebt<\/strong>, q\u00eb i jep jet\u00eb dhe leht\u00ebsi konsumit. <strong data-start=\"1038\" data-end=\"1074\">P\u00ebrfundim i gjat\u00eb dhe i k\u00ebndsh\u00ebm<\/strong>, me nj\u00eb ndjesi t\u00eb q\u00ebndrueshme n\u00eb qiellz\u00eb<\/li>\n<\/ul>\n<hr \/>\n<h3><em><strong>Shoq\u00ebrime t\u00eb Sugjeruara<\/strong><\/em><\/h3>\n<p><em>Kombinohet n\u00eb m\u00ebnyr\u00eb t\u00eb shk\u00eblqyer me:<\/em><\/p>\n<ul>\n<li data-start=\"1681\" data-end=\"1728\"><strong data-start=\"1683\" data-end=\"1726\">Mish vi\u00e7i ose qengji t\u00eb pjekur n\u00eb skar\u00eb<\/strong><\/li>\n<li data-start=\"1729\" data-end=\"1816\"><strong data-start=\"1731\" data-end=\"1763\">Tapas tradicionale<\/strong><\/li>\n<li data-start=\"1817\" data-end=\"1873\"><strong data-start=\"1819\" data-end=\"1871\">Pjata mesdhetare<\/strong><\/li>\n<li data-start=\"1874\" data-end=\"1922\"><strong data-start=\"1876\" data-end=\"1920\">Pasta dhe rizoto me k\u00ebrpudha dhe truffle<\/strong><\/li>\n<\/ul>","protected":false},"excerpt":{"rendered":"<p>P\u00ebrshkrimi i Ver\u00ebs: MACAN COSECHA &#8211; VEGA SICILIA Detaje t\u00eb Prodhimit: Mac\u00e1n Cosecha \u00ebsht\u00eb nj\u00eb ver\u00eb elegante dhe moderne, e krijuar nga nj\u00eb bashk\u00ebpunim unik midis Vega Sicilia dhe Benjamin de Rothschild, dy emra t\u00eb m\u00ebdhenj n\u00eb bot\u00ebn e ver\u00ebs. Kjo ver\u00eb p\u00ebrfaq\u00ebson nj\u00eb interpretim bashk\u00ebkohor t\u00eb Tempranillo-s nga rajoni prestigjioz i Rioja, duke sjell\u00eb [&hellip;]<\/p>\n","protected":false},"featured_media":7613,"template":"","meta":[],"product_brand":[],"product_cat":[58,46],"product_tag":[],"class_list":{"0":"post-6406","1":"product","2":"type-product","3":"status-publish","4":"has-post-thumbnail","6":"product_cat-vere","7":"product_cat-vere-e-kuqe","9":"first","10":"instock","11":"shipping-taxable","12":"purchasable","13":"product-type-simple"},"_links":{"self":[{"href":"https:\/\/alehandrogroup.al\/en\/wp-json\/wp\/v2\/product\/6406","targetHints":{"allow":["GET"]}}],"collection":[{"href":"https:\/\/alehandrogroup.al\/en\/wp-json\/wp\/v2\/product"}],"about":[{"href":"https:\/\/alehandrogroup.al\/en\/wp-json\/wp\/v2\/types\/product"}],"version-history":[{"count":1,"href":"https:\/\/alehandrogroup.al\/en\/wp-json\/wp\/v2\/product\/6406\/revisions"}],"predecessor-version":[{"id":7614,"href":"https:\/\/alehandrogroup.al\/en\/wp-json\/wp\/v2\/product\/6406\/revisions\/7614"}],"wp:featuredmedia":[{"embeddable":true,"href":"https:\/\/alehandrogroup.al\/en\/wp-json\/wp\/v2\/media\/7613"}],"wp:attachment":[{"href":"https:\/\/alehandrogroup.al\/en\/wp-json\/wp\/v2\/media?parent=6406"}],"wp:term":[{"taxonomy":"product_brand","embeddable":true,"href":"https:\/\/alehandrogroup.al\/en\/wp-json\/wp\/v2\/product_brand?post=6406"},{"taxonomy":"product_cat","embeddable":true,"href":"https:\/\/alehandrogroup.al\/en\/wp-json\/wp\/v2\/product_cat?post=6406"},{"taxonomy":"product_tag","embeddable":true,"href":"https:\/\/alehandrogroup.al\/en\/wp-json\/wp\/v2\/product_tag?post=6406"}],"curies":[{"name":"wp","href":"https:\/\/api.w.org\/{rel}","templated":true}]}}