{"id":6402,"date":"2025-02-19T08:59:26","date_gmt":"2025-02-19T08:59:26","guid":{"rendered":"https:\/\/alehandrogroup.al\/?post_type=product&#038;p=6402"},"modified":"2025-11-22T12:24:11","modified_gmt":"2025-11-22T12:24:11","slug":"pintia-vega-sicilia","status":"publish","type":"product","link":"https:\/\/alehandrogroup.al\/en\/product\/pintia-vega-sicilia\/","title":{"rendered":"PINTIA &#8211; VEGA SICILIA"},"content":{"rendered":"<h3><strong><em>P\u00ebrshkrimi i Ver\u00ebs: PINTIA &#8211; VEGA SICILIA<\/em><\/strong><\/h3>\n<p><em><strong>Detaje t\u00eb Prodhimit:<\/strong><\/em><\/p>\n<p data-start=\"0\" data-end=\"317\"><strong data-start=\"2637\" data-end=\"2662\">Pintia \u2013 Vega Sicilia<\/strong> \u00ebsht\u00eb nj\u00eb ver\u00eb q\u00eb kombinon tradit\u00ebn e kantin\u00ebs legjendare <strong data-start=\"2721\" data-end=\"2737\">Vega Sicilia<\/strong> me karakterin e fort\u00eb t\u00eb <strong data-start=\"2763\" data-end=\"2773\">Toro-s<\/strong>, duke krijuar nj\u00eb p\u00ebrvoj\u00eb unike dhe t\u00eb paharrueshme p\u00ebr \u00e7do dashamir\u00ebs t\u00eb ver\u00ebs. <strong data-start=\"33\" data-end=\"43\">Pintia<\/strong> \u00ebsht\u00eb nj\u00eb ver\u00eb e kuqe <strong data-start=\"66\" data-end=\"108\">e fuqishme, elegante dhe e strukturuar<\/strong>, e prodhuar nga <strong data-start=\"125\" data-end=\"141\">Vega Sicilia<\/strong>, nj\u00eb nga kantinat m\u00eb t\u00eb famshme spanjolle. Kjo ver\u00eb vjen nga rajoni i <strong data-start=\"212\" data-end=\"220\">Toro<\/strong>, i njohur p\u00ebr ver\u00ebrat e tij t\u00eb pasura dhe me trup t\u00eb plot\u00eb, t\u00eb prodhuara kryesisht nga rrushi <strong data-start=\"315\" data-end=\"332\">Tinta de Toro<\/strong> (nj\u00eb klon vendas i Tempranillo-s).<\/p>\n<hr \/>\n<h3><strong><em>Karakteristikat<\/em><\/strong><\/h3>\n<ul>\n<li data-start=\"967\" data-end=\"1020\"><strong data-start=\"969\" data-end=\"980\">Ngjyra:<\/strong> Nj\u00eb <strong data-start=\"397\" data-end=\"423\">e kuqe rubini e thell\u00eb<\/strong>, me reflektime <strong data-start=\"439\" data-end=\"460\">t\u00eb err\u00ebta vjollc\u00eb<\/strong>, q\u00eb tregon potencialin e saj t\u00eb madh p\u00ebr plakje.<\/li>\n<li data-start=\"1021\" data-end=\"1219\"><strong data-start=\"1023\" data-end=\"1033\">Aroma: <\/strong>Fruta t\u00eb pjekura dhe t\u00eb koncentruara, si qershi e zez\u00eb, kumbulla dhe manaferr\u00eb. Nuanca pikante dhe minerale, si vanilje, piper i zi dhe duhan. Nota t\u00eb sofistikuara t\u00eb l\u00ebkur\u00ebs dhe drurit t\u00eb pjekur, q\u00eb vijn\u00eb nga plakja n\u00eb fu\u00e7i lisi<\/li>\n<li data-start=\"1220\" data-end=\"1491\"><strong data-start=\"1222\" data-end=\"1232\">Shija: <\/strong><strong data-start=\"813\" data-end=\"839\">E pasur dhe e fuqishme<\/strong>, me nj\u00eb struktur\u00eb t\u00eb jasht\u00ebzakonshme. <strong data-start=\"881\" data-end=\"918\">Tanina t\u00eb forta, por t\u00eb rafinuara<\/strong>, q\u00eb japin kompleksitet dhe eleganc\u00eb. <strong data-start=\"959\" data-end=\"1009\">Shije t\u00eb p\u00ebrqendruara frutash dhe nuanca druri<\/strong>, me nj\u00eb p\u00ebrfundim <strong data-start=\"1028\" data-end=\"1057\">t\u00eb gjat\u00eb dhe t\u00eb balancuar. <\/strong><strong data-start=\"1062\" data-end=\"1085\">Aciditet i moderuar<\/strong>, duke i dh\u00ebn\u00eb freski dhe nj\u00eb potencial t\u00eb gjat\u00eb plakjeje<\/li>\n<\/ul>\n<hr \/>\n<h3><em><strong>Shoq\u00ebrime t\u00eb Sugjeruara<\/strong><\/em><\/h3>\n<p><em>Kombinohet n\u00eb m\u00ebnyr\u00eb t\u00eb shk\u00eblqyer me:<\/em><\/p>\n<ul>\n<li data-start=\"1627\" data-end=\"1674\"><strong>Antipasta<\/strong><\/li>\n<li data-start=\"1675\" data-end=\"1731\"><strong data-start=\"1677\" data-end=\"1729\">Pasta\u00a0<\/strong><\/li>\n<li data-start=\"1675\" data-end=\"1731\"><strong data-start=\"1853\" data-end=\"1872\">Pjata me gjueti<\/strong>, si <strong data-start=\"1877\" data-end=\"1908\">mish dreri ose derri i eg\u00ebr<\/strong><\/li>\n<li data-start=\"1866\" data-end=\"1921\"><strong data-start=\"1868\" data-end=\"1919\">Mish t\u00eb Kuqe<\/strong><\/li>\n<li data-start=\"1922\" data-end=\"1961\"><strong>Pjata tradicionale<\/strong><\/li>\n<\/ul>","protected":false},"excerpt":{"rendered":"<p>P\u00ebrshkrimi i Ver\u00ebs: PINTIA &#8211; VEGA SICILIA Detaje t\u00eb Prodhimit: Pintia \u2013 Vega Sicilia \u00ebsht\u00eb nj\u00eb ver\u00eb q\u00eb kombinon tradit\u00ebn e kantin\u00ebs legjendare Vega Sicilia me karakterin e fort\u00eb t\u00eb Toro-s, duke krijuar nj\u00eb p\u00ebrvoj\u00eb unike dhe t\u00eb paharrueshme p\u00ebr \u00e7do dashamir\u00ebs t\u00eb ver\u00ebs. Pintia \u00ebsht\u00eb nj\u00eb ver\u00eb e kuqe e fuqishme, elegante dhe e [&hellip;]<\/p>\n","protected":false},"featured_media":7639,"template":"","meta":[],"product_brand":[],"product_cat":[58,46],"product_tag":[],"class_list":{"0":"post-6402","1":"product","2":"type-product","3":"status-publish","4":"has-post-thumbnail","6":"product_cat-vere","7":"product_cat-vere-e-kuqe","9":"first","10":"instock","11":"shipping-taxable","12":"purchasable","13":"product-type-simple"},"_links":{"self":[{"href":"https:\/\/alehandrogroup.al\/en\/wp-json\/wp\/v2\/product\/6402","targetHints":{"allow":["GET"]}}],"collection":[{"href":"https:\/\/alehandrogroup.al\/en\/wp-json\/wp\/v2\/product"}],"about":[{"href":"https:\/\/alehandrogroup.al\/en\/wp-json\/wp\/v2\/types\/product"}],"version-history":[{"count":2,"href":"https:\/\/alehandrogroup.al\/en\/wp-json\/wp\/v2\/product\/6402\/revisions"}],"predecessor-version":[{"id":7641,"href":"https:\/\/alehandrogroup.al\/en\/wp-json\/wp\/v2\/product\/6402\/revisions\/7641"}],"wp:featuredmedia":[{"embeddable":true,"href":"https:\/\/alehandrogroup.al\/en\/wp-json\/wp\/v2\/media\/7639"}],"wp:attachment":[{"href":"https:\/\/alehandrogroup.al\/en\/wp-json\/wp\/v2\/media?parent=6402"}],"wp:term":[{"taxonomy":"product_brand","embeddable":true,"href":"https:\/\/alehandrogroup.al\/en\/wp-json\/wp\/v2\/product_brand?post=6402"},{"taxonomy":"product_cat","embeddable":true,"href":"https:\/\/alehandrogroup.al\/en\/wp-json\/wp\/v2\/product_cat?post=6402"},{"taxonomy":"product_tag","embeddable":true,"href":"https:\/\/alehandrogroup.al\/en\/wp-json\/wp\/v2\/product_tag?post=6402"}],"curies":[{"name":"wp","href":"https:\/\/api.w.org\/{rel}","templated":true}]}}