{"id":6399,"date":"2025-02-14T15:06:32","date_gmt":"2025-02-14T15:06:32","guid":{"rendered":"https:\/\/alehandrogroup.al\/?post_type=product&#038;p=6399"},"modified":"2025-11-21T21:09:16","modified_gmt":"2025-11-21T21:09:16","slug":"barolo-docg-0-375l-batasiolo","status":"publish","type":"product","link":"https:\/\/alehandrogroup.al\/en\/product\/barolo-docg-0-375l-batasiolo\/","title":{"rendered":"BAROLO DOCG 0.375L &#8211; BATASIOLO"},"content":{"rendered":"<h3><strong><em>P\u00ebrshkrimi i Ver\u00ebs: BAROLO DOCG 0.375L &#8211; BATASIOLO<\/em><\/strong><\/h3>\n<p><em><strong>Detaje t\u00eb Prodhimit:<\/strong><\/em><\/p>\n<p data-start=\"0\" data-end=\"317\"><strong data-start=\"35\" data-end=\"62\">Barolo DOCG \u2013 Batasiolo<\/strong> \u00ebsht\u00eb nj\u00eb nd\u00ebr ver\u00ebrat m\u00eb t\u00eb \u00e7muara t\u00eb rajonit <strong data-start=\"110\" data-end=\"130\">Langhe, Piemonte<\/strong>, e prodhuar ekskluzivisht nga <strong data-start=\"161\" data-end=\"185\">100% rrushi Nebbiolo<\/strong>. Kjo ver\u00eb ikonike \u00ebsht\u00eb sinonim i eleganc\u00ebs dhe fuqis\u00eb, duke pasur nj\u00eb struktur\u00eb t\u00eb pasur dhe potencial t\u00eb jasht\u00ebzakonsh\u00ebm p\u00ebr vjet\u00ebrsim.<\/p>\n<hr \/>\n<h3><strong><em>Karakteristikat<\/em><\/strong><\/h3>\n<ul>\n<li data-start=\"967\" data-end=\"1020\"><strong data-start=\"969\" data-end=\"980\">Ngjyra:<\/strong> Nj\u00eb <strong data-start=\"353\" data-end=\"380\">e kuqe granate e thell\u00eb<\/strong>, q\u00eb me kalimin e viteve fiton reflektime portokalli.<\/li>\n<li data-start=\"1021\" data-end=\"1219\"><strong data-start=\"1023\" data-end=\"1033\">Aroma: <\/strong>Buket\u00eb <strong data-start=\"462\" data-end=\"496\">komplekse dhe shum\u00eb e rafinuar<\/strong>, me nota t\u00eb <strong data-start=\"509\" data-end=\"572\">qershis\u00eb s\u00eb pjekur, kumbull\u00ebs s\u00eb zez\u00eb dhe frutave t\u00eb pyllit<\/strong>. Hije <strong data-start=\"583\" data-end=\"638\">vjollce, tr\u00ebndafili t\u00eb thar\u00eb dhe er\u00ebzash t\u00eb ngrohta<\/strong> si kanell\u00eb dhe vanilje. Me kalimin e koh\u00ebs, zhvillon aroma <strong data-start=\"702\" data-end=\"751\">duhani, tartufi t\u00eb bardh\u00eb dhe druri t\u00eb pjekur<\/strong>, duke u b\u00ebr\u00eb gjithnj\u00eb e m\u00eb e sofistikuar.<\/li>\n<li data-start=\"1220\" data-end=\"1491\"><strong data-start=\"1222\" data-end=\"1232\">Shija: <\/strong><strong data-start=\"820\" data-end=\"851\">Trup i plot\u00eb dhe i fuqish\u00ebm<\/strong>, me tanin\u00eb t\u00eb pranishme, por t\u00eb ekuilibruara. Aciditet i lart\u00eb, q\u00eb i jep freski dhe i mund\u00ebson jet\u00ebgjat\u00ebsi t\u00eb madhe. <strong data-start=\"977\" data-end=\"1010\">P\u00ebrfundim i gjat\u00eb dhe elegant<\/strong>, me nuanca frutash t\u00eb pjekura dhe er\u00ebzash.<\/li>\n<\/ul>\n<hr \/>\n<h3><em><strong>Shoq\u00ebrime t\u00eb Sugjeruara<\/strong><\/em><\/h3>\n<p><em>Kombinohet n\u00eb m\u00ebnyr\u00eb t\u00eb shk\u00eblqyer me:<\/em><\/p>\n<ul>\n<li data-start=\"1627\" data-end=\"1674\"><strong>Antipasta<\/strong><\/li>\n<li data-start=\"1675\" data-end=\"1731\"><strong data-start=\"1677\" data-end=\"1729\">Pasta\u00a0<\/strong><\/li>\n<li data-start=\"1866\" data-end=\"1921\"><strong data-start=\"1868\" data-end=\"1919\">Mish t\u00eb Kuqe<\/strong><\/li>\n<li data-start=\"1922\" data-end=\"1961\"><strong>Pjata tradicionale<\/strong><\/li>\n<\/ul>","protected":false},"excerpt":{"rendered":"<p>P\u00ebrshkrimi i Ver\u00ebs: BAROLO DOCG 0.375L &#8211; BATASIOLO Detaje t\u00eb Prodhimit: Barolo DOCG \u2013 Batasiolo \u00ebsht\u00eb nj\u00eb nd\u00ebr ver\u00ebrat m\u00eb t\u00eb \u00e7muara t\u00eb rajonit Langhe, Piemonte, e prodhuar ekskluzivisht nga 100% rrushi Nebbiolo. Kjo ver\u00eb ikonike \u00ebsht\u00eb sinonim i eleganc\u00ebs dhe fuqis\u00eb, duke pasur nj\u00eb struktur\u00eb t\u00eb pasur dhe potencial t\u00eb jasht\u00ebzakonsh\u00ebm p\u00ebr vjet\u00ebrsim. Karakteristikat [&hellip;]<\/p>\n","protected":false},"featured_media":7516,"template":"","meta":[],"product_brand":[],"product_cat":[58,46],"product_tag":[],"class_list":{"0":"post-6399","1":"product","2":"type-product","3":"status-publish","4":"has-post-thumbnail","6":"product_cat-vere","7":"product_cat-vere-e-kuqe","9":"first","10":"instock","11":"shipping-taxable","12":"purchasable","13":"product-type-simple"},"_links":{"self":[{"href":"https:\/\/alehandrogroup.al\/en\/wp-json\/wp\/v2\/product\/6399","targetHints":{"allow":["GET"]}}],"collection":[{"href":"https:\/\/alehandrogroup.al\/en\/wp-json\/wp\/v2\/product"}],"about":[{"href":"https:\/\/alehandrogroup.al\/en\/wp-json\/wp\/v2\/types\/product"}],"version-history":[{"count":1,"href":"https:\/\/alehandrogroup.al\/en\/wp-json\/wp\/v2\/product\/6399\/revisions"}],"predecessor-version":[{"id":7517,"href":"https:\/\/alehandrogroup.al\/en\/wp-json\/wp\/v2\/product\/6399\/revisions\/7517"}],"wp:featuredmedia":[{"embeddable":true,"href":"https:\/\/alehandrogroup.al\/en\/wp-json\/wp\/v2\/media\/7516"}],"wp:attachment":[{"href":"https:\/\/alehandrogroup.al\/en\/wp-json\/wp\/v2\/media?parent=6399"}],"wp:term":[{"taxonomy":"product_brand","embeddable":true,"href":"https:\/\/alehandrogroup.al\/en\/wp-json\/wp\/v2\/product_brand?post=6399"},{"taxonomy":"product_cat","embeddable":true,"href":"https:\/\/alehandrogroup.al\/en\/wp-json\/wp\/v2\/product_cat?post=6399"},{"taxonomy":"product_tag","embeddable":true,"href":"https:\/\/alehandrogroup.al\/en\/wp-json\/wp\/v2\/product_tag?post=6399"}],"curies":[{"name":"wp","href":"https:\/\/api.w.org\/{rel}","templated":true}]}}