{"id":6397,"date":"2025-02-14T15:04:15","date_gmt":"2025-02-14T15:04:15","guid":{"rendered":"https:\/\/alehandrogroup.al\/?post_type=product&#038;p=6397"},"modified":"2025-12-02T13:44:17","modified_gmt":"2025-12-02T13:44:17","slug":"dolcetto-dalba-doc-7-cascine","status":"publish","type":"product","link":"https:\/\/alehandrogroup.al\/en\/product\/dolcetto-dalba-doc-7-cascine\/","title":{"rendered":"DOLCETTO D&#8217;ALBA DOC &#8211; 7 CASCINE"},"content":{"rendered":"<h3><strong><em>P\u00ebrshkrimi i Ver\u00ebs: DOLCETTO D&#8217;ALBA DOC &#8211; 7 CASCINE<\/em><\/strong><\/h3>\n<p><em><strong>Detaje t\u00eb Prodhimit:<\/strong><\/em><\/p>\n<p data-start=\"0\" data-end=\"317\"><strong data-start=\"43\" data-end=\"66\">Dolcetto d&#8217;Alba DOC<\/strong> nga <strong data-start=\"71\" data-end=\"84\">7 Cascine<\/strong> \u00ebsht\u00eb nj\u00eb ver\u00eb e kuqe elegante dhe e fresk\u00ebt, q\u00eb pasqyron m\u00eb s\u00eb miri karakterin e rrushit <strong data-start=\"175\" data-end=\"187\">Dolcetto<\/strong>, nj\u00eb varietet autokton i rajonit t\u00eb <strong data-start=\"224\" data-end=\"236\">Piemonte<\/strong> n\u00eb Itali. Kjo ver\u00eb \u00ebsht\u00eb e njohur p\u00ebr struktur\u00ebn e saj t\u00eb but\u00eb, tanin\u00ebn e leht\u00eb dhe frutat e bollshme, duke e b\u00ebr\u00eb nj\u00eb opsion t\u00eb shk\u00eblqyer p\u00ebr konsum t\u00eb p\u00ebrditsh\u00ebm.<\/p>\n<hr \/>\n<h3><strong><em>Karakteristikat<\/em><\/strong><\/h3>\n<ul>\n<li data-start=\"967\" data-end=\"1020\"><strong data-start=\"969\" data-end=\"980\">Ngjyra:<\/strong> Nj\u00eb <strong data-start=\"431\" data-end=\"448\">e kuqe rubini<\/strong> e thell\u00eb dhe e ndritshme, me reflektime vjollc\u00eb t\u00eb lehta.<\/li>\n<li data-start=\"1021\" data-end=\"1219\"><strong data-start=\"1023\" data-end=\"1033\">Aroma:<\/strong><\/li>\n<li data-start=\"526\" data-end=\"606\"><strong data-start=\"528\" data-end=\"563\">Fruta t\u00eb fresk\u00ebta dhe intensive<\/strong>, si <strong data-start=\"568\" data-end=\"603\">manaferra, qershia dhe boronica<\/strong>. Nuanca t\u00eb <strong data-start=\"619\" data-end=\"655\">vjollc\u00ebs dhe bajameve t\u00eb hidhura<\/strong>, t\u00eb cilat jan\u00eb karakteristik\u00eb e varietetit Dolcetto. <strong data-start=\"713\" data-end=\"752\">Sh\u00ebnja t\u00eb lehta bimore dhe minerale<\/strong>, q\u00eb i japin kompleksitet ver\u00ebs.<\/li>\n<li data-start=\"1220\" data-end=\"1491\"><strong data-start=\"1222\" data-end=\"1232\">Shija: <\/strong>E but\u00eb, e fresk\u00ebt dhe <strong data-start=\"833\" data-end=\"852\">me trup mesatar<\/strong>, me nj\u00eb aciditet t\u00eb ul\u00ebt, gj\u00eb q\u00eb e dallon nga shum\u00eb ver\u00ebra t\u00eb tjera t\u00eb rajonit. <strong data-start=\"937\" data-end=\"978\">Tanina t\u00eb buta dhe t\u00eb rrumbullakosura<\/strong>, duke e b\u00ebr\u00eb nj\u00eb ver\u00eb t\u00eb leht\u00eb p\u00ebr t\u2019u shijuar. Nj\u00eb p\u00ebrfundim <strong data-start=\"1045\" data-end=\"1071\">i k\u00ebndsh\u00ebm dhe frutash<\/strong>, q\u00eb l\u00eb nj\u00eb ndjesi t\u00eb fresk\u00ebt n\u00eb goj\u00eb.<\/li>\n<\/ul>\n<hr \/>\n<h3><em><strong>Shoq\u00ebrime t\u00eb Sugjeruara<\/strong><\/em><\/h3>\n<p><em>Kombinohet n\u00eb m\u00ebnyr\u00eb t\u00eb shk\u00eblqyer me:<\/em><\/p>\n<ul>\n<li data-start=\"1733\" data-end=\"1822\"><strong data-start=\"1735\" data-end=\"1770\">Antipasta tradicionale italiane<\/strong> si <strong data-start=\"1774\" data-end=\"1820\">sallame, proshut\u00eb dhe djath\u00ebra t\u00eb fresk\u00ebta<\/strong><\/li>\n<li data-start=\"1823\" data-end=\"1897\"><strong data-start=\"1825\" data-end=\"1857\">Pasta<\/strong><\/li>\n<li data-start=\"1898\" data-end=\"1988\"><strong data-start=\"1900\" data-end=\"1926\">Pizza<\/strong><\/li>\n<li data-start=\"1989\" data-end=\"2059\"><strong data-start=\"1991\" data-end=\"2035\">Mishra t\u00eb bardh\u00eb t\u00eb pjekur<\/strong><\/li>\n<li data-start=\"2060\" data-end=\"2138\"><strong data-start=\"2062\" data-end=\"2092\">Pjata me perime t\u00eb pjekura<\/strong><\/li>\n<\/ul>","protected":false},"excerpt":{"rendered":"<p>P\u00ebrshkrimi i Ver\u00ebs: DOLCETTO D&#8217;ALBA DOC &#8211; 7 CASCINE Detaje t\u00eb Prodhimit: Dolcetto d&#8217;Alba DOC nga 7 Cascine \u00ebsht\u00eb nj\u00eb ver\u00eb e kuqe elegante dhe e fresk\u00ebt, q\u00eb pasqyron m\u00eb s\u00eb miri karakterin e rrushit Dolcetto, nj\u00eb varietet autokton i rajonit t\u00eb Piemonte n\u00eb Itali. Kjo ver\u00eb \u00ebsht\u00eb e njohur p\u00ebr struktur\u00ebn e saj t\u00eb [&hellip;]<\/p>\n","protected":false},"featured_media":7759,"template":"","meta":[],"product_brand":[],"product_cat":[58,46],"product_tag":[],"class_list":{"0":"post-6397","1":"product","2":"type-product","3":"status-publish","4":"has-post-thumbnail","6":"product_cat-vere","7":"product_cat-vere-e-kuqe","9":"first","10":"instock","11":"shipping-taxable","12":"purchasable","13":"product-type-simple"},"_links":{"self":[{"href":"https:\/\/alehandrogroup.al\/en\/wp-json\/wp\/v2\/product\/6397","targetHints":{"allow":["GET"]}}],"collection":[{"href":"https:\/\/alehandrogroup.al\/en\/wp-json\/wp\/v2\/product"}],"about":[{"href":"https:\/\/alehandrogroup.al\/en\/wp-json\/wp\/v2\/types\/product"}],"version-history":[{"count":1,"href":"https:\/\/alehandrogroup.al\/en\/wp-json\/wp\/v2\/product\/6397\/revisions"}],"predecessor-version":[{"id":7760,"href":"https:\/\/alehandrogroup.al\/en\/wp-json\/wp\/v2\/product\/6397\/revisions\/7760"}],"wp:featuredmedia":[{"embeddable":true,"href":"https:\/\/alehandrogroup.al\/en\/wp-json\/wp\/v2\/media\/7759"}],"wp:attachment":[{"href":"https:\/\/alehandrogroup.al\/en\/wp-json\/wp\/v2\/media?parent=6397"}],"wp:term":[{"taxonomy":"product_brand","embeddable":true,"href":"https:\/\/alehandrogroup.al\/en\/wp-json\/wp\/v2\/product_brand?post=6397"},{"taxonomy":"product_cat","embeddable":true,"href":"https:\/\/alehandrogroup.al\/en\/wp-json\/wp\/v2\/product_cat?post=6397"},{"taxonomy":"product_tag","embeddable":true,"href":"https:\/\/alehandrogroup.al\/en\/wp-json\/wp\/v2\/product_tag?post=6397"}],"curies":[{"name":"wp","href":"https:\/\/api.w.org\/{rel}","templated":true}]}}