{"id":6392,"date":"2025-02-14T14:57:47","date_gmt":"2025-02-14T14:57:47","guid":{"rendered":"https:\/\/alehandrogroup.al\/?post_type=product&#038;p=6392"},"modified":"2025-11-21T21:00:09","modified_gmt":"2025-11-21T21:00:09","slug":"barolo-docg-7-cascine","status":"publish","type":"product","link":"https:\/\/alehandrogroup.al\/en\/product\/barolo-docg-7-cascine\/","title":{"rendered":"BAROLO DOCG &#8211; 7 CASCINE"},"content":{"rendered":"<h3><strong><em>P\u00ebrshkrimi i Ver\u00ebs: BAROLO DOCG &#8211; 7 CASCINE<\/em><\/strong><\/h3>\n<p><em><strong>Detaje t\u00eb Prodhimit:<\/strong><\/em><\/p>\n<p data-start=\"0\" data-end=\"317\"><strong data-start=\"35\" data-end=\"62\">Barolo DOCG \u2013 7 Cascine<\/strong> \u00ebsht\u00eb nj\u00eb nga ver\u00ebrat m\u00eb t\u00eb famshme dhe fisnike t\u00eb Italis\u00eb, e prodhuar n\u00eb rajonin prestigjioz t\u00eb <strong data-start=\"160\" data-end=\"180\">Langhe, Piemonte<\/strong>, nga <strong data-start=\"186\" data-end=\"210\">100% rrushi Nebbiolo<\/strong>. I njohur si &#8220;Mbreti i Ver\u00ebrave dhe Vera e Mbret\u00ebrve&#8221;, Barolo \u00ebsht\u00eb nj\u00eb ver\u00eb me struktur\u00eb t\u00eb fuqishme, tanin\u00eb t\u00eb theksuara dhe nj\u00eb potencial t\u00eb jasht\u00ebzakonsh\u00ebm p\u00ebr vjet\u00ebrsim.<\/p>\n<hr \/>\n<h3><strong><em>Karakteristikat<\/em><\/strong><\/h3>\n<ul>\n<li data-start=\"967\" data-end=\"1020\"><strong data-start=\"969\" data-end=\"980\">Ngjyra:<\/strong> Nj\u00eb <strong data-start=\"415\" data-end=\"442\">e kuqe granate e thell\u00eb<\/strong> q\u00eb, me kalimin e viteve, fiton reflektime t\u00eb buta portokalli.<\/li>\n<li data-start=\"1021\" data-end=\"1219\"><strong data-start=\"1023\" data-end=\"1033\">Aroma: <\/strong>Buket\u00eb <strong data-start=\"533\" data-end=\"561\">komplekse dhe e rafinuar<\/strong> me aroma t\u00eb <strong data-start=\"574\" data-end=\"619\">qershis\u00eb, kumbull\u00ebs dhe frutave t\u00eb pyllit<\/strong>. Hije <strong data-start=\"630\" data-end=\"683\">tr\u00ebndafili t\u00eb thar\u00eb, vjollce dhe er\u00ebza t\u00eb ngrohta<\/strong> si kanell\u00eb dhe piper i zi. Nuanca t\u00eb zhvilluara t\u00eb <strong data-start=\"739\" data-end=\"799\">duhanit, l\u00ebkur\u00ebs, tartufit t\u00eb bardh\u00eb dhe drurit t\u00eb lisit<\/strong>, t\u00eb p\u00ebrftuara nga vjet\u00ebrsimi.<\/li>\n<li data-start=\"1220\" data-end=\"1491\"><strong data-start=\"1222\" data-end=\"1232\">Shija: <\/strong><strong data-start=\"856\" data-end=\"890\">Trup i plot\u00eb dhe i strukturuar<\/strong>, me tanin\u00eb t\u00eb fuqishme, por t\u00eb ekuilibruara. Aciditet i lart\u00eb q\u00eb i jep freski dhe aft\u00ebsi p\u00ebr vjet\u00ebrsim t\u00eb gjat\u00eb. <strong data-start=\"1012\" data-end=\"1045\">P\u00ebrfundim i gjat\u00eb dhe elegant<\/strong>, me nj\u00eb ndjesi t\u00eb k\u00ebndshme t\u00eb frutave dhe er\u00ebzave n\u00eb qiellz\u00eb<\/li>\n<\/ul>\n<hr \/>\n<h3><em><strong>Shoq\u00ebrime t\u00eb Sugjeruara<\/strong><\/em><\/h3>\n<p><em>Kombinohet n\u00eb m\u00ebnyr\u00eb t\u00eb shk\u00eblqyer me:<\/em><\/p>\n<ul>\n<li data-start=\"1627\" data-end=\"1674\"><strong>Antipasta<\/strong><\/li>\n<li data-start=\"1675\" data-end=\"1731\"><strong data-start=\"1677\" data-end=\"1729\">Pasta\u00a0<\/strong><\/li>\n<li data-start=\"1866\" data-end=\"1921\"><strong data-start=\"1868\" data-end=\"1919\">Mish t\u00eb Kuqe<\/strong><\/li>\n<li data-start=\"1922\" data-end=\"1961\"><strong>Pjata tradicionale<\/strong><\/li>\n<\/ul>","protected":false},"excerpt":{"rendered":"<p>P\u00ebrshkrimi i Ver\u00ebs: BAROLO DOCG &#8211; 7 CASCINE Detaje t\u00eb Prodhimit: Barolo DOCG \u2013 7 Cascine \u00ebsht\u00eb nj\u00eb nga ver\u00ebrat m\u00eb t\u00eb famshme dhe fisnike t\u00eb Italis\u00eb, e prodhuar n\u00eb rajonin prestigjioz t\u00eb Langhe, Piemonte, nga 100% rrushi Nebbiolo. I njohur si &#8220;Mbreti i Ver\u00ebrave dhe Vera e Mbret\u00ebrve&#8221;, Barolo \u00ebsht\u00eb nj\u00eb ver\u00eb me struktur\u00eb [&hellip;]<\/p>\n","protected":false},"featured_media":7512,"template":"","meta":[],"product_brand":[],"product_cat":[58,46],"product_tag":[],"class_list":{"0":"post-6392","1":"product","2":"type-product","3":"status-publish","4":"has-post-thumbnail","6":"product_cat-vere","7":"product_cat-vere-e-kuqe","9":"first","10":"instock","11":"shipping-taxable","12":"purchasable","13":"product-type-simple"},"_links":{"self":[{"href":"https:\/\/alehandrogroup.al\/en\/wp-json\/wp\/v2\/product\/6392","targetHints":{"allow":["GET"]}}],"collection":[{"href":"https:\/\/alehandrogroup.al\/en\/wp-json\/wp\/v2\/product"}],"about":[{"href":"https:\/\/alehandrogroup.al\/en\/wp-json\/wp\/v2\/types\/product"}],"version-history":[{"count":1,"href":"https:\/\/alehandrogroup.al\/en\/wp-json\/wp\/v2\/product\/6392\/revisions"}],"predecessor-version":[{"id":7513,"href":"https:\/\/alehandrogroup.al\/en\/wp-json\/wp\/v2\/product\/6392\/revisions\/7513"}],"wp:featuredmedia":[{"embeddable":true,"href":"https:\/\/alehandrogroup.al\/en\/wp-json\/wp\/v2\/media\/7512"}],"wp:attachment":[{"href":"https:\/\/alehandrogroup.al\/en\/wp-json\/wp\/v2\/media?parent=6392"}],"wp:term":[{"taxonomy":"product_brand","embeddable":true,"href":"https:\/\/alehandrogroup.al\/en\/wp-json\/wp\/v2\/product_brand?post=6392"},{"taxonomy":"product_cat","embeddable":true,"href":"https:\/\/alehandrogroup.al\/en\/wp-json\/wp\/v2\/product_cat?post=6392"},{"taxonomy":"product_tag","embeddable":true,"href":"https:\/\/alehandrogroup.al\/en\/wp-json\/wp\/v2\/product_tag?post=6392"}],"curies":[{"name":"wp","href":"https:\/\/api.w.org\/{rel}","templated":true}]}}