{"id":6389,"date":"2025-02-14T14:53:32","date_gmt":"2025-02-14T14:53:32","guid":{"rendered":"https:\/\/alehandrogroup.al\/?post_type=product&#038;p=6389"},"modified":"2025-11-21T20:56:36","modified_gmt":"2025-11-21T20:56:36","slug":"barbaresco-docg-7-cascine","status":"publish","type":"product","link":"https:\/\/alehandrogroup.al\/en\/product\/barbaresco-docg-7-cascine\/","title":{"rendered":"BARBARESCO DOCG &#8211; 7 CASCINE"},"content":{"rendered":"<h3><strong><em>P\u00ebrshkrimi i Ver\u00ebs: BARBARESCO DOCG &#8211; 7 CASCINE<\/em><\/strong><\/h3>\n<p><em><strong>Detaje t\u00eb Prodhimit:<\/strong><\/em><\/p>\n<p data-start=\"0\" data-end=\"317\"><strong data-start=\"39\" data-end=\"58\">Barbaresco DOCG<\/strong> nga <strong data-start=\"63\" data-end=\"76\">7 Cascine<\/strong> \u00ebsht\u00eb nj\u00eb ver\u00eb e kuqe e sofistikuar dhe elegante, e prodhuar nga <strong data-start=\"142\" data-end=\"166\">100% rrushi Nebbiolo<\/strong>, nj\u00eb nd\u00ebr varietetet m\u00eb t\u00eb \u00e7muara t\u00eb rajonit t\u00eb Piemontit n\u00eb Itali. E njohur p\u00ebr struktur\u00ebn e saj t\u00eb fuqishme dhe aromat komplekse, kjo ver\u00eb \u00ebsht\u00eb nj\u00eb p\u00ebrfaq\u00ebsuese e shk\u00eblqyer e tradit\u00ebs piemontese.<\/p>\n<hr \/>\n<h3><strong><em>Karakteristikat<\/em><\/strong><\/h3>\n<ul>\n<li data-start=\"967\" data-end=\"1020\"><strong data-start=\"969\" data-end=\"980\">Ngjyra:<\/strong> Nj\u00eb <strong data-start=\"395\" data-end=\"438\">e kuqe granate me reflektime portokalli<\/strong>, q\u00eb b\u00ebhet m\u00eb e thell\u00eb me kalimin e viteve.<\/li>\n<li data-start=\"1021\" data-end=\"1219\"><strong data-start=\"1023\" data-end=\"1033\">Aroma: <\/strong>Arom\u00eb e pasur dhe e rafinuar me <strong data-start=\"535\" data-end=\"559\">nota frutash t\u00eb kuqe<\/strong> si qershia dhe mjedra. Hije delikate <strong data-start=\"601\" data-end=\"627\">tr\u00ebndafili dhe vjollce<\/strong>, karakteristike p\u00ebr Nebbiolon. Nuanca komplekse t\u00eb <strong data-start=\"683\" data-end=\"724\">er\u00ebzave t\u00eb \u00ebmbla, duhanit dhe l\u00ebkur\u00ebs<\/strong>, t\u00eb p\u00ebrftuara nga vjet\u00ebrsimi n\u00eb fu\u00e7i lisi.<\/li>\n<li data-start=\"1220\" data-end=\"1491\"><strong data-start=\"1222\" data-end=\"1232\">Shija: <\/strong>E <strong data-start=\"796\" data-end=\"826\">strukturuar dhe e fuqishme<\/strong>, me tanin\u00eb t\u00eb pranishme, por t\u00eb rafinuara. Shije e thell\u00eb me nj\u00eb <strong data-start=\"896\" data-end=\"968\">balanc\u00eb t\u00eb shk\u00eblqyer mes frutave, aciditetit dhe notave t\u00eb pjekuris\u00eb<\/strong>. <strong data-start=\"974\" data-end=\"1008\">P\u00ebrfundim i gjat\u00eb dhe kompleks<\/strong>, q\u00eb l\u00eb nj\u00eb ndjesi t\u00eb k\u00ebndshme n\u00eb qiellz\u00eb.<\/li>\n<\/ul>\n<hr \/>\n<h3><em><strong>Shoq\u00ebrime t\u00eb Sugjeruara<\/strong><\/em><\/h3>\n<p><em>Kombinohet n\u00eb m\u00ebnyr\u00eb t\u00eb shk\u00eblqyer me:<\/em><\/p>\n<ul>\n<li data-start=\"1627\" data-end=\"1674\"><strong>Pjata me k\u00ebrpudha dhe tartuf<\/strong><\/li>\n<li data-start=\"1675\" data-end=\"1731\"><strong data-start=\"1677\" data-end=\"1729\">Pasta\u00a0<\/strong><\/li>\n<li data-start=\"1866\" data-end=\"1921\"><strong data-start=\"1868\" data-end=\"1919\">Mish t\u00eb Kuqe<\/strong><\/li>\n<li data-start=\"1922\" data-end=\"1961\"><strong>Pjata tradicionale<\/strong><\/li>\n<\/ul>","protected":false},"excerpt":{"rendered":"<p>P\u00ebrshkrimi i Ver\u00ebs: BARBARESCO DOCG &#8211; 7 CASCINE Detaje t\u00eb Prodhimit: Barbaresco DOCG nga 7 Cascine \u00ebsht\u00eb nj\u00eb ver\u00eb e kuqe e sofistikuar dhe elegante, e prodhuar nga 100% rrushi Nebbiolo, nj\u00eb nd\u00ebr varietetet m\u00eb t\u00eb \u00e7muara t\u00eb rajonit t\u00eb Piemontit n\u00eb Itali. E njohur p\u00ebr struktur\u00ebn e saj t\u00eb fuqishme dhe aromat komplekse, kjo [&hellip;]<\/p>\n","protected":false},"featured_media":7510,"template":"","meta":[],"product_brand":[],"product_cat":[58,46],"product_tag":[],"class_list":{"0":"post-6389","1":"product","2":"type-product","3":"status-publish","4":"has-post-thumbnail","6":"product_cat-vere","7":"product_cat-vere-e-kuqe","9":"first","10":"instock","11":"shipping-taxable","12":"purchasable","13":"product-type-simple"},"_links":{"self":[{"href":"https:\/\/alehandrogroup.al\/en\/wp-json\/wp\/v2\/product\/6389","targetHints":{"allow":["GET"]}}],"collection":[{"href":"https:\/\/alehandrogroup.al\/en\/wp-json\/wp\/v2\/product"}],"about":[{"href":"https:\/\/alehandrogroup.al\/en\/wp-json\/wp\/v2\/types\/product"}],"version-history":[{"count":2,"href":"https:\/\/alehandrogroup.al\/en\/wp-json\/wp\/v2\/product\/6389\/revisions"}],"predecessor-version":[{"id":7511,"href":"https:\/\/alehandrogroup.al\/en\/wp-json\/wp\/v2\/product\/6389\/revisions\/7511"}],"wp:featuredmedia":[{"embeddable":true,"href":"https:\/\/alehandrogroup.al\/en\/wp-json\/wp\/v2\/media\/7510"}],"wp:attachment":[{"href":"https:\/\/alehandrogroup.al\/en\/wp-json\/wp\/v2\/media?parent=6389"}],"wp:term":[{"taxonomy":"product_brand","embeddable":true,"href":"https:\/\/alehandrogroup.al\/en\/wp-json\/wp\/v2\/product_brand?post=6389"},{"taxonomy":"product_cat","embeddable":true,"href":"https:\/\/alehandrogroup.al\/en\/wp-json\/wp\/v2\/product_cat?post=6389"},{"taxonomy":"product_tag","embeddable":true,"href":"https:\/\/alehandrogroup.al\/en\/wp-json\/wp\/v2\/product_tag?post=6389"}],"curies":[{"name":"wp","href":"https:\/\/api.w.org\/{rel}","templated":true}]}}