{"id":6381,"date":"2025-02-14T14:30:30","date_gmt":"2025-02-14T14:30:30","guid":{"rendered":"https:\/\/alehandrogroup.al\/?post_type=product&#038;p=6381"},"modified":"2025-12-26T11:54:40","modified_gmt":"2025-12-26T11:54:40","slug":"sherazade-sicilia-doc-nero-davola-donnafugata","status":"publish","type":"product","link":"https:\/\/alehandrogroup.al\/en\/product\/sherazade-sicilia-doc-nero-davola-donnafugata\/","title":{"rendered":"SHERAZADE SICILIA DOC NERO D&#8217;AVOLA &#8211; DONNAFUGATA"},"content":{"rendered":"<h3><strong><em>P\u00ebrshkrimi i Ver\u00ebs: SHERAZADE SICILIA DOC NERO D&#8217;AVOLA &#8211; DONNAFUGATA<\/em><\/strong><\/h3>\n<p><em><strong>Detaje t\u00eb Prodhimit:<\/strong><\/em><\/p>\n<p data-start=\"0\" data-end=\"317\">Sherazade \u00ebsht\u00eb nj\u00eb <strong data-start=\"80\" data-end=\"128\">Nero d\u2019Avola elegant, i fresk\u00ebt dhe aromatik<\/strong>, i cili shpreh an\u00ebn m\u00eb t\u00eb but\u00eb dhe t\u00eb k\u00ebndshme t\u00eb k\u00ebtij varieteti t\u00eb famsh\u00ebm sicilian. Ky ver\u00eb e kuqe ka nj\u00eb stil t\u00eb ve\u00e7ant\u00eb, m\u00eb t\u00eb leht\u00eb dhe t\u00eb k\u00ebndsh\u00ebm p\u00ebr t\u2019u pir\u00eb krahasuar me Nero d\u2019Avola-t m\u00eb strukturor\u00eb dhe t\u00eb fuqish\u00ebm.<\/p>\n<hr \/>\n<h3><strong><em>Karakteristikat<\/em><\/strong><\/h3>\n<ul>\n<li data-start=\"967\" data-end=\"1020\"><strong data-start=\"969\" data-end=\"980\">Ngjyra:<\/strong> Nj\u00eb e kuqe <strong data-start=\"392\" data-end=\"432\">rubin e thell\u00eb me reflektime vjollc\u00eb<\/strong>, q\u00eb tregon freskin\u00eb dhe rinin\u00eb e tij.<\/li>\n<li data-start=\"1021\" data-end=\"1219\"><strong data-start=\"1023\" data-end=\"1033\">Aroma:<\/strong> Intensive dhe t\u00ebrheq\u00ebse, me nota <strong data-start=\"523\" data-end=\"554\">t\u00eb bollshme frutash t\u00eb kuqe<\/strong> si qershia dhe mjedra, t\u00eb shoq\u00ebruara me nuanca <strong data-start=\"602\" data-end=\"621\">delikate lulesh<\/strong> dhe nj\u00eb prekje er\u00ebzash mesdhetare.<\/li>\n<li data-start=\"1220\" data-end=\"1491\"><strong data-start=\"1222\" data-end=\"1232\">Shija: <\/strong>E but\u00eb dhe e fresk\u00ebt n\u00eb goj\u00eb, me nj\u00eb ekuilib\u00ebr t\u00eb shk\u00eblqyer midis <strong data-start=\"744\" data-end=\"791\">frutave t\u00eb kuqe dhe nj\u00eb aciditeti t\u00eb gjall\u00eb<\/strong>. <strong data-start=\"797\" data-end=\"839\">Taninat jan\u00eb t\u00eb lehta dhe t\u00eb rafinuara<\/strong>, duke dh\u00ebn\u00eb nj\u00eb ndjesi t\u00eb k\u00ebndshme dhe t\u00eb but\u00eb n\u00eb qiellz\u00eb. Fundi \u00ebsht\u00eb i mes\u00ebm dhe i fresk\u00ebt, me nj\u00eb kthim t\u00eb k\u00ebndsh\u00ebm t\u00eb aromave frutore<\/li>\n<\/ul>\n<hr \/>\n<h3><em><strong>Shoq\u00ebrime t\u00eb Sugjeruara<\/strong><\/em><\/h3>\n<p><em>Kombinohet n\u00eb m\u00ebnyr\u00eb t\u00eb shk\u00eblqyer me:<\/em><\/p>\n<ul>\n<li data-start=\"1627\" data-end=\"1674\"><strong data-start=\"1629\" data-end=\"1672\">Antipasta t\u00eb lehta dhe me baz\u00eb perimesh<\/strong><\/li>\n<li data-start=\"1675\" data-end=\"1731\"><strong data-start=\"1677\" data-end=\"1729\">Pasta\u00a0<\/strong><\/li>\n<li data-start=\"1732\" data-end=\"1799\"><strong data-start=\"1734\" data-end=\"1797\">Pizza<\/strong><\/li>\n<li data-start=\"1800\" data-end=\"1865\"><strong data-start=\"1802\" data-end=\"1863\">Peshk t\u00eb pjekur<\/strong><\/li>\n<li data-start=\"1866\" data-end=\"1921\"><strong data-start=\"1868\" data-end=\"1919\">Mish t\u00eb bardh\u00eb<\/strong><\/li>\n<li data-start=\"1922\" data-end=\"1961\"><strong data-start=\"1924\" data-end=\"1959\">Djath\u00ebra t\u00eb but\u00eb dhe t\u00eb fresk\u00ebt<\/strong><\/li>\n<\/ul>","protected":false},"excerpt":{"rendered":"<p>P\u00ebrshkrimi i Ver\u00ebs: SHERAZADE SICILIA DOC NERO D&#8217;AVOLA &#8211; DONNAFUGATA Detaje t\u00eb Prodhimit: Sherazade \u00ebsht\u00eb nj\u00eb Nero d\u2019Avola elegant, i fresk\u00ebt dhe aromatik, i cili shpreh an\u00ebn m\u00eb t\u00eb but\u00eb dhe t\u00eb k\u00ebndshme t\u00eb k\u00ebtij varieteti t\u00eb famsh\u00ebm sicilian. Ky ver\u00eb e kuqe ka nj\u00eb stil t\u00eb ve\u00e7ant\u00eb, m\u00eb t\u00eb leht\u00eb dhe t\u00eb k\u00ebndsh\u00ebm p\u00ebr [&hellip;]<\/p>\n","protected":false},"featured_media":8013,"template":"","meta":[],"product_brand":[],"product_cat":[58,46],"product_tag":[],"class_list":{"0":"post-6381","1":"product","2":"type-product","3":"status-publish","4":"has-post-thumbnail","6":"product_cat-vere","7":"product_cat-vere-e-kuqe","9":"first","10":"instock","11":"shipping-taxable","12":"purchasable","13":"product-type-simple"},"_links":{"self":[{"href":"https:\/\/alehandrogroup.al\/en\/wp-json\/wp\/v2\/product\/6381","targetHints":{"allow":["GET"]}}],"collection":[{"href":"https:\/\/alehandrogroup.al\/en\/wp-json\/wp\/v2\/product"}],"about":[{"href":"https:\/\/alehandrogroup.al\/en\/wp-json\/wp\/v2\/types\/product"}],"version-history":[{"count":2,"href":"https:\/\/alehandrogroup.al\/en\/wp-json\/wp\/v2\/product\/6381\/revisions"}],"predecessor-version":[{"id":8014,"href":"https:\/\/alehandrogroup.al\/en\/wp-json\/wp\/v2\/product\/6381\/revisions\/8014"}],"wp:featuredmedia":[{"embeddable":true,"href":"https:\/\/alehandrogroup.al\/en\/wp-json\/wp\/v2\/media\/8013"}],"wp:attachment":[{"href":"https:\/\/alehandrogroup.al\/en\/wp-json\/wp\/v2\/media?parent=6381"}],"wp:term":[{"taxonomy":"product_brand","embeddable":true,"href":"https:\/\/alehandrogroup.al\/en\/wp-json\/wp\/v2\/product_brand?post=6381"},{"taxonomy":"product_cat","embeddable":true,"href":"https:\/\/alehandrogroup.al\/en\/wp-json\/wp\/v2\/product_cat?post=6381"},{"taxonomy":"product_tag","embeddable":true,"href":"https:\/\/alehandrogroup.al\/en\/wp-json\/wp\/v2\/product_tag?post=6381"}],"curies":[{"name":"wp","href":"https:\/\/api.w.org\/{rel}","templated":true}]}}