{"id":6379,"date":"2025-02-14T11:24:40","date_gmt":"2025-02-14T11:24:40","guid":{"rendered":"https:\/\/alehandrogroup.al\/?post_type=product&#038;p=6379"},"modified":"2025-11-21T21:24:41","modified_gmt":"2025-11-21T21:24:41","slug":"bellassai-vittoria-doc-frappato-donnafugata","status":"publish","type":"product","link":"https:\/\/alehandrogroup.al\/en\/product\/bellassai-vittoria-doc-frappato-donnafugata\/","title":{"rendered":"BELL&#8217;ASSAI VITTORIA DOC FRAPPATO &#8211; DONNAFUGATA"},"content":{"rendered":"<h3><strong><em>P\u00ebrshkrimi i Ver\u00ebs: BELL&#8217;ASSAI VITTORIA DOC FRAPPATO &#8211; DONNAFUGATA<\/em><\/strong><\/h3>\n<p><em><strong>Detaje t\u00eb Prodhimit:<\/strong><\/em><\/p>\n<p data-start=\"0\" data-end=\"317\"><strong data-start=\"58\" data-end=\"94\">Bell\u2019Assai Vittoria DOC Frappato<\/strong> \u00ebsht\u00eb nj\u00eb ver\u00eb <strong data-start=\"110\" data-end=\"146\">e leht\u00eb, aromatike dhe e fresk\u00ebt<\/strong>, q\u00eb vjen nga pjesa juglindore e Si\u00e7ilis\u00eb, nj\u00eb zon\u00eb e njohur p\u00ebr prodhimin e Frappato-s \u2013 nj\u00eb varietet rrushi autokton i njohur p\u00ebr karakterin e tij t\u00eb frutsh\u00ebm dhe eleganc\u00ebn e tij t\u00eb natyrshme.<\/p>\n<hr \/>\n<h3><strong><em>Karakteristikat<\/em><\/strong><\/h3>\n<ul>\n<li data-start=\"967\" data-end=\"1020\"><strong data-start=\"969\" data-end=\"980\">Ngjyra:<\/strong> Ka nj\u00eb <strong data-start=\"368\" data-end=\"405\">ngjyr\u00eb t\u00eb kuqe rubin t\u00eb ndritshme<\/strong>, me reflektime vjollc\u00eb, q\u00eb tregon freskin\u00eb dhe stilin e tij t\u00eb leht\u00eb.<\/li>\n<li data-start=\"1021\" data-end=\"1219\"><strong data-start=\"1023\" data-end=\"1033\">Aroma:<\/strong> Shp\u00ebrthen me <strong data-start=\"508\" data-end=\"599\">aroma intensive dhe t\u00eb k\u00ebndshme t\u00eb frutave t\u00eb kuqe si qershia, mjedra dhe luleshtrydhja<\/strong>, t\u00eb shoq\u00ebruara me nota <strong data-start=\"623\" data-end=\"668\">delikate lulesh si vjollca dhe tr\u00ebndafili<\/strong>. Kjo e b\u00ebn nj\u00eb ver\u00eb shum\u00eb aromatike dhe t\u00eb k\u00ebndshme.<\/li>\n<li data-start=\"1220\" data-end=\"1491\"><strong data-start=\"1222\" data-end=\"1232\">Shija:<\/strong> N\u00eb goj\u00eb \u00ebsht\u00eb <strong data-start=\"755\" data-end=\"793\">e but\u00eb, e fresk\u00ebt dhe e m\u00ebndafsht\u00eb<\/strong>, me nj\u00eb aciditet t\u00eb shk\u00eblqyer q\u00eb e b\u00ebn shum\u00eb t\u00eb leht\u00eb p\u00ebr t\u2019u pir\u00eb. <strong data-start=\"862\" data-end=\"910\">Taninat jan\u00eb t\u00eb lehta dhe t\u00eb integruara mir\u00eb<\/strong>, nd\u00ebrsa fundi \u00ebsht\u00eb i gjat\u00eb dhe i k\u00ebndsh\u00ebm, me nj\u00eb ndjesi t\u00eb fresk\u00ebt frutash.<\/li>\n<\/ul>\n<hr \/>\n<h3><em><strong>Shoq\u00ebrime t\u00eb Sugjeruara<\/strong><\/em><\/h3>\n<p><em>Kombinohet n\u00eb m\u00ebnyr\u00eb t\u00eb shk\u00eblqyer me:<\/em><\/p>\n<ul>\n<li data-start=\"1596\" data-end=\"1628\"><strong>Antipasta t\u00eb lehta dhe tapas<\/strong><\/li>\n<li data-start=\"1629\" data-end=\"1693\"><strong>Peshk t\u00eb pjekur ose t\u00eb gatuar me domate dhe er\u00ebza mesdhetare<\/strong><\/li>\n<li data-start=\"1694\" data-end=\"1735\"><strong>Pjata me baz\u00eb perimesh dhe k\u00ebrpudhash<\/strong><\/li>\n<li data-start=\"1736\" data-end=\"1788\"><strong>Mishra t\u00eb bardh\u00eb ose sallame artizanale t\u00eb lehta<\/strong><\/li>\n<li data-start=\"1789\" data-end=\"1835\"><strong>Djath\u00ebra t\u00eb but\u00eb dhe gjysm\u00eb t\u00eb stazhionuar<\/strong><\/li>\n<\/ul>","protected":false},"excerpt":{"rendered":"<p>P\u00ebrshkrimi i Ver\u00ebs: BELL&#8217;ASSAI VITTORIA DOC FRAPPATO &#8211; DONNAFUGATA Detaje t\u00eb Prodhimit: Bell\u2019Assai Vittoria DOC Frappato \u00ebsht\u00eb nj\u00eb ver\u00eb e leht\u00eb, aromatike dhe e fresk\u00ebt, q\u00eb vjen nga pjesa juglindore e Si\u00e7ilis\u00eb, nj\u00eb zon\u00eb e njohur p\u00ebr prodhimin e Frappato-s \u2013 nj\u00eb varietet rrushi autokton i njohur p\u00ebr karakterin e tij t\u00eb frutsh\u00ebm dhe eleganc\u00ebn [&hellip;]<\/p>\n","protected":false},"featured_media":7522,"template":"","meta":[],"product_brand":[],"product_cat":[58,46],"product_tag":[],"class_list":{"0":"post-6379","1":"product","2":"type-product","3":"status-publish","4":"has-post-thumbnail","6":"product_cat-vere","7":"product_cat-vere-e-kuqe","9":"first","10":"instock","11":"shipping-taxable","12":"purchasable","13":"product-type-simple"},"_links":{"self":[{"href":"https:\/\/alehandrogroup.al\/en\/wp-json\/wp\/v2\/product\/6379","targetHints":{"allow":["GET"]}}],"collection":[{"href":"https:\/\/alehandrogroup.al\/en\/wp-json\/wp\/v2\/product"}],"about":[{"href":"https:\/\/alehandrogroup.al\/en\/wp-json\/wp\/v2\/types\/product"}],"version-history":[{"count":1,"href":"https:\/\/alehandrogroup.al\/en\/wp-json\/wp\/v2\/product\/6379\/revisions"}],"predecessor-version":[{"id":7523,"href":"https:\/\/alehandrogroup.al\/en\/wp-json\/wp\/v2\/product\/6379\/revisions\/7523"}],"wp:featuredmedia":[{"embeddable":true,"href":"https:\/\/alehandrogroup.al\/en\/wp-json\/wp\/v2\/media\/7522"}],"wp:attachment":[{"href":"https:\/\/alehandrogroup.al\/en\/wp-json\/wp\/v2\/media?parent=6379"}],"wp:term":[{"taxonomy":"product_brand","embeddable":true,"href":"https:\/\/alehandrogroup.al\/en\/wp-json\/wp\/v2\/product_brand?post=6379"},{"taxonomy":"product_cat","embeddable":true,"href":"https:\/\/alehandrogroup.al\/en\/wp-json\/wp\/v2\/product_cat?post=6379"},{"taxonomy":"product_tag","embeddable":true,"href":"https:\/\/alehandrogroup.al\/en\/wp-json\/wp\/v2\/product_tag?post=6379"}],"curies":[{"name":"wp","href":"https:\/\/api.w.org\/{rel}","templated":true}]}}