{"id":6375,"date":"2025-02-14T11:17:52","date_gmt":"2025-02-14T11:17:52","guid":{"rendered":"https:\/\/alehandrogroup.al\/?post_type=product&#038;p=6375"},"modified":"2025-12-26T12:26:25","modified_gmt":"2025-12-26T12:26:25","slug":"sul-vulcano-etna-rosato-donnafugata","status":"publish","type":"product","link":"https:\/\/alehandrogroup.al\/en\/product\/sul-vulcano-etna-rosato-donnafugata\/","title":{"rendered":"SUL VULCANO ETNA ROSATO &#8211; DONNAFUGATA"},"content":{"rendered":"<h3><strong><em>P\u00ebrshkrimi i Ver\u00ebs: SUL VULCANO ETNA ROSATO &#8211; DONNAFUGATA<\/em><\/strong><\/h3>\n<p><em><strong>Detaje t\u00eb Prodhimit:<\/strong><\/em><\/p>\n<p data-start=\"0\" data-end=\"317\"><strong data-start=\"45\" data-end=\"72\">Sul Vulcano Etna Rosato<\/strong> \u00ebsht\u00eb nj\u00eb ver\u00eb elegante dhe e rafinuar nga kantina <strong data-start=\"124\" data-end=\"139\">Donnafugata<\/strong>, e prodhuar n\u00eb shpatet e vullkanit Etna, n\u00eb Si\u00e7ili. Kjo ver\u00eb pasqyron n\u00eb m\u00ebnyr\u00eb t\u00eb p\u00ebrkryer karakterin unik t\u00eb terroirit vullkanik dhe freskin\u00eb e rrushit <strong data-start=\"294\" data-end=\"315\">Nerello Mascalese<\/strong>, nj\u00eb nga varietalet autoktone m\u00eb t\u00eb \u00e7muara t\u00eb rajonit<\/p>\n<hr \/>\n<h3><strong><em>Karakteristikat<\/em><\/strong><\/h3>\n<ul>\n<li data-start=\"967\" data-end=\"1020\"><strong data-start=\"969\" data-end=\"980\">Ngjyra:<\/strong> Ka nj\u00eb <strong data-start=\"398\" data-end=\"430\">ngjyr\u00eb t\u00eb bukur roz\u00eb t\u00eb but\u00eb<\/strong> me reflektime delikate pastel, q\u00eb sjell n\u00eb mendje drit\u00ebn e per\u00ebndimit mbi vullkanin Etna.<\/li>\n<li data-start=\"1021\" data-end=\"1219\"><strong data-start=\"1023\" data-end=\"1033\">Aroma:<\/strong> Aromat jan\u00eb t\u00eb fresk\u00ebta dhe komplekse, me nota t\u00eb k\u00ebndshme <strong data-start=\"599\" data-end=\"684\">lulesh t\u00eb bardha, agrumesh dhe frutash t\u00eb kuqe si qershi dhe luleshtrydhe t\u00eb egra<\/strong>, t\u00eb shoq\u00ebruara nga nuanca minerale q\u00eb vijn\u00eb nga toka vullkanike.<\/li>\n<li data-start=\"1220\" data-end=\"1491\"><strong data-start=\"1222\" data-end=\"1232\">Shija:<\/strong> Esht\u00eb <strong data-start=\"783\" data-end=\"829\">e fresk\u00ebt, e ekuilibruar dhe e sofistikuar<\/strong>, me nj\u00eb struktur\u00eb t\u00eb leht\u00eb dhe nj\u00eb aciditet t\u00eb k\u00ebndsh\u00ebm q\u00eb i jep nj\u00eb ndjesi t\u00eb jasht\u00ebzakonshme freskie dhe gjall\u00ebrie. Fundi \u00ebsht\u00eb i past\u00ebr dhe i q\u00ebndruesh\u00ebm, me nj\u00eb prekje t\u00eb hijeve minerale dhe nj\u00eb \u00ebmb\u00eblsi delikate natyrale.<\/li>\n<\/ul>\n<hr \/>\n<h3><em><strong>Shoq\u00ebrime t\u00eb Sugjeruara<\/strong><\/em><\/h3>\n<p><em>Kombinohet n\u00eb m\u00ebnyr\u00eb t\u00eb shk\u00eblqyer me:<\/em><\/p>\n<ul>\n<li data-start=\"1799\" data-end=\"1858\"><strong>Antipasta me fruta deti dhe ushqime t\u00eb lehta mesdhetare<\/strong><\/li>\n<li data-start=\"1859\" data-end=\"1887\"><strong>Sushi dhe tartare peshku<\/strong><\/li>\n<li data-start=\"1888\" data-end=\"1942\"><strong>Pjata me perime t\u00eb pjekura ose sallata t\u00eb fresk\u00ebta<\/strong><\/li>\n<li data-start=\"1943\" data-end=\"1984\"><strong>Djath\u00ebra t\u00eb but\u00eb dhe gjiz\u00eb t\u00eb fresk\u00ebt<\/strong><\/li>\n<\/ul>","protected":false},"excerpt":{"rendered":"<p>P\u00ebrshkrimi i Ver\u00ebs: SUL VULCANO ETNA ROSATO &#8211; DONNAFUGATA Detaje t\u00eb Prodhimit: Sul Vulcano Etna Rosato \u00ebsht\u00eb nj\u00eb ver\u00eb elegante dhe e rafinuar nga kantina Donnafugata, e prodhuar n\u00eb shpatet e vullkanit Etna, n\u00eb Si\u00e7ili. Kjo ver\u00eb pasqyron n\u00eb m\u00ebnyr\u00eb t\u00eb p\u00ebrkryer karakterin unik t\u00eb terroirit vullkanik dhe freskin\u00eb e rrushit Nerello Mascalese, nj\u00eb nga [&hellip;]<\/p>\n","protected":false},"featured_media":8030,"template":"","meta":[],"product_brand":[],"product_cat":[58,69],"product_tag":[],"class_list":{"0":"post-6375","1":"product","2":"type-product","3":"status-publish","4":"has-post-thumbnail","6":"product_cat-vere","7":"product_cat-vere-roze","9":"first","10":"instock","11":"shipping-taxable","12":"purchasable","13":"product-type-simple"},"_links":{"self":[{"href":"https:\/\/alehandrogroup.al\/en\/wp-json\/wp\/v2\/product\/6375","targetHints":{"allow":["GET"]}}],"collection":[{"href":"https:\/\/alehandrogroup.al\/en\/wp-json\/wp\/v2\/product"}],"about":[{"href":"https:\/\/alehandrogroup.al\/en\/wp-json\/wp\/v2\/types\/product"}],"version-history":[{"count":1,"href":"https:\/\/alehandrogroup.al\/en\/wp-json\/wp\/v2\/product\/6375\/revisions"}],"predecessor-version":[{"id":8031,"href":"https:\/\/alehandrogroup.al\/en\/wp-json\/wp\/v2\/product\/6375\/revisions\/8031"}],"wp:featuredmedia":[{"embeddable":true,"href":"https:\/\/alehandrogroup.al\/en\/wp-json\/wp\/v2\/media\/8030"}],"wp:attachment":[{"href":"https:\/\/alehandrogroup.al\/en\/wp-json\/wp\/v2\/media?parent=6375"}],"wp:term":[{"taxonomy":"product_brand","embeddable":true,"href":"https:\/\/alehandrogroup.al\/en\/wp-json\/wp\/v2\/product_brand?post=6375"},{"taxonomy":"product_cat","embeddable":true,"href":"https:\/\/alehandrogroup.al\/en\/wp-json\/wp\/v2\/product_cat?post=6375"},{"taxonomy":"product_tag","embeddable":true,"href":"https:\/\/alehandrogroup.al\/en\/wp-json\/wp\/v2\/product_tag?post=6375"}],"curies":[{"name":"wp","href":"https:\/\/api.w.org\/{rel}","templated":true}]}}