{"id":6371,"date":"2025-02-13T13:50:22","date_gmt":"2025-02-13T13:50:22","guid":{"rendered":"https:\/\/alehandrogroup.al\/?post_type=product&#038;p=6371"},"modified":"2025-12-26T11:15:15","modified_gmt":"2025-12-26T11:15:15","slug":"rosa-dolce-gabbana-e-donnafugata","status":"publish","type":"product","link":"https:\/\/alehandrogroup.al\/en\/product\/rosa-dolce-gabbana-e-donnafugata\/","title":{"rendered":"ROSA &#8211; DOLCE &amp; GABBANA E DONNAFUGATA"},"content":{"rendered":"<h3><strong><em>P\u00ebrshkrimi i Ver\u00ebs: ROSA &#8211; DOLCE &amp; GABBANA E DONNAFUGATA<\/em><\/strong><\/h3>\n<p><em><strong>Detaje t\u00eb Prodhimit:<\/strong><\/em><\/p>\n<p data-start=\"0\" data-end=\"317\"><strong data-start=\"0\" data-end=\"40\">Rosa &#8211; Dolce &amp; Gabbana e Donnafugata<\/strong> \u00ebsht\u00eb nj\u00eb ver\u00eb e ve\u00e7ant\u00eb dhe e rafinuar, q\u00eb pasqyron p\u00ebrkryer bashk\u00ebpunimin mes dy markave prestigjioze. Me nj\u00eb v\u00ebmendje t\u00eb ve\u00e7ant\u00eb ndaj cil\u00ebsis\u00eb dhe detajeve, kjo ver\u00eb \u00ebsht\u00eb nj\u00eb p\u00ebrfaq\u00ebsuese e shk\u00eblqyer e Sicilis\u00eb, me nj\u00eb shije t\u00eb fresk\u00ebt dhe aromatike q\u00eb i jep ndjesi t\u00eb ve\u00e7anta. 100% Nerello Mascalese, nj\u00eb varietet tipik i Sicilis\u00eb q\u00eb ofron nj\u00eb shije komplekse dhe unike.<\/p>\n<hr \/>\n<h3><strong><em>Karakteristikat<\/em><\/strong><\/h3>\n<ul>\n<li data-start=\"967\" data-end=\"1020\"><strong data-start=\"969\" data-end=\"980\">Ngjyra:<\/strong> Rosa ka nj\u00eb ngjyr\u00eb t\u00eb bukur, roz\u00eb t\u00eb thell\u00eb, q\u00eb shk\u00eblqen n\u00eb got\u00eb. Kjo ngjyr\u00eb tregon freskin\u00eb dhe delikates\u00ebn e ver\u00ebs, duke e b\u00ebr\u00eb at\u00eb t\u00ebrheq\u00ebse dhe mikprit\u00ebse.<\/li>\n<li data-start=\"1021\" data-end=\"1219\"><strong data-start=\"1023\" data-end=\"1033\">Aroma:<\/strong> Aroma e Rosa \u00ebsht\u00eb shum\u00eb e pasur, me nota t\u00eb frutave t\u00eb fresk\u00ebta si luleshtrydhe, qershi dhe franga, duke ofruar nj\u00eb kompozim t\u00eb nuancave t\u00eb \u00ebmbla dhe t\u00eb shijshme. Nd\u00ebrkoh\u00eb, p\u00ebrqendrimi n\u00eb aromat florale si tr\u00ebndafil dhe kasht\u00eb i jep ver\u00ebs nj\u00eb dimension t\u00eb bukur dhe t\u00eb balancuar.<\/li>\n<li data-start=\"1220\" data-end=\"1491\"><strong data-start=\"1222\" data-end=\"1232\">Shija:<\/strong> N\u00eb qiellz\u00eb, Rosa \u00ebsht\u00eb e but\u00eb dhe elegante, me nj\u00eb aciditet t\u00eb fresk\u00ebt dhe nj\u00eb trup t\u00eb leht\u00eb dhe t\u00eb k\u00ebndsh\u00ebm. Shija e saj \u00ebsht\u00eb e pasur dhe e ekuilibruar, duke kombinuar \u00ebmb\u00eblsin\u00eb e frutave dhe aromat florale me nj\u00eb fund t\u00eb pasur, q\u00eb mbetet i k\u00ebndsh\u00ebm n\u00eb goj\u00eb.<\/li>\n<\/ul>\n<hr \/>\n<h3><em><strong>Shoq\u00ebrime t\u00eb Sugjeruara<\/strong><\/em><\/h3>\n<p><em>Kombinohet n\u00eb m\u00ebnyr\u00eb t\u00eb shk\u00eblqyer me:<\/em><\/p>\n<ul>\n<li data-start=\"1589\" data-end=\"1654\"><strong data-start=\"1591\" data-end=\"1616\">Fruta deti<\/strong><\/li>\n<li data-start=\"1655\" data-end=\"1728\"><strong data-start=\"1657\" data-end=\"1684\">Peshk i pjekur n\u00eb skar\u00eb<\/strong><\/li>\n<li data-start=\"1729\" data-end=\"1819\"><strong data-start=\"1731\" data-end=\"1754\">Djath\u00ebra t\u00eb fresk\u00ebt<\/strong><\/li>\n<li data-start=\"1820\" data-end=\"1903\"><strong>Sushi<\/strong><\/li>\n<\/ul>","protected":false},"excerpt":{"rendered":"<p>P\u00ebrshkrimi i Ver\u00ebs: ROSA &#8211; DOLCE &amp; GABBANA E DONNAFUGATA Detaje t\u00eb Prodhimit: Rosa &#8211; Dolce &amp; Gabbana e Donnafugata \u00ebsht\u00eb nj\u00eb ver\u00eb e ve\u00e7ant\u00eb dhe e rafinuar, q\u00eb pasqyron p\u00ebrkryer bashk\u00ebpunimin mes dy markave prestigjioze. Me nj\u00eb v\u00ebmendje t\u00eb ve\u00e7ant\u00eb ndaj cil\u00ebsis\u00eb dhe detajeve, kjo ver\u00eb \u00ebsht\u00eb nj\u00eb p\u00ebrfaq\u00ebsuese e shk\u00eblqyer e Sicilis\u00eb, me [&hellip;]<\/p>\n","protected":false},"featured_media":7985,"template":"","meta":[],"product_brand":[],"product_cat":[58,69],"product_tag":[],"class_list":{"0":"post-6371","1":"product","2":"type-product","3":"status-publish","4":"has-post-thumbnail","6":"product_cat-vere","7":"product_cat-vere-roze","9":"first","10":"instock","11":"shipping-taxable","12":"purchasable","13":"product-type-simple"},"_links":{"self":[{"href":"https:\/\/alehandrogroup.al\/en\/wp-json\/wp\/v2\/product\/6371","targetHints":{"allow":["GET"]}}],"collection":[{"href":"https:\/\/alehandrogroup.al\/en\/wp-json\/wp\/v2\/product"}],"about":[{"href":"https:\/\/alehandrogroup.al\/en\/wp-json\/wp\/v2\/types\/product"}],"version-history":[{"count":1,"href":"https:\/\/alehandrogroup.al\/en\/wp-json\/wp\/v2\/product\/6371\/revisions"}],"predecessor-version":[{"id":7986,"href":"https:\/\/alehandrogroup.al\/en\/wp-json\/wp\/v2\/product\/6371\/revisions\/7986"}],"wp:featuredmedia":[{"embeddable":true,"href":"https:\/\/alehandrogroup.al\/en\/wp-json\/wp\/v2\/media\/7985"}],"wp:attachment":[{"href":"https:\/\/alehandrogroup.al\/en\/wp-json\/wp\/v2\/media?parent=6371"}],"wp:term":[{"taxonomy":"product_brand","embeddable":true,"href":"https:\/\/alehandrogroup.al\/en\/wp-json\/wp\/v2\/product_brand?post=6371"},{"taxonomy":"product_cat","embeddable":true,"href":"https:\/\/alehandrogroup.al\/en\/wp-json\/wp\/v2\/product_cat?post=6371"},{"taxonomy":"product_tag","embeddable":true,"href":"https:\/\/alehandrogroup.al\/en\/wp-json\/wp\/v2\/product_tag?post=6371"}],"curies":[{"name":"wp","href":"https:\/\/api.w.org\/{rel}","templated":true}]}}