{"id":6361,"date":"2025-02-13T13:29:47","date_gmt":"2025-02-13T13:29:47","guid":{"rendered":"https:\/\/alehandrogroup.al\/?post_type=product&#038;p=6361"},"modified":"2025-11-27T17:24:31","modified_gmt":"2025-11-27T17:24:31","slug":"chateau-des-laurets-baron-edmond-de-rothschild","status":"publish","type":"product","link":"https:\/\/alehandrogroup.al\/en\/product\/chateau-des-laurets-baron-edmond-de-rothschild\/","title":{"rendered":"CHATEAU DES LAURETS BARON &#8211; EDMOND DE ROTHSCHILD"},"content":{"rendered":"<h3><strong><em>P\u00ebrshkrimi i Ver\u00ebs: CHATEAU DES LAURETS BARON &#8211; EDMOND DE ROTHSCHILD<\/em><\/strong><\/h3>\n<p><em><strong>Detaje t\u00eb Prodhimit:<\/strong><\/em><\/p>\n<p data-start=\"0\" data-end=\"356\"><strong data-start=\"0\" data-end=\"52\">Ch\u00e2teau des Laurets Baron &#8211; Edmond de Rothschild<\/strong> \u00ebsht\u00eb nj\u00eb ver\u00eb q\u00eb vjen nga nj\u00eb nga vreshtat m\u00eb t\u00eb njohura t\u00eb Bordeaux n\u00eb Franc\u00eb, q\u00eb ka ndjekur nj\u00eb tradit\u00eb t\u00eb pasur ver\u00ebrash p\u00ebr shum\u00eb shekuj. Ky ver\u00eb \u00ebsht\u00eb nj\u00eb pasqyr\u00eb e shk\u00eblqyer e filozofis\u00eb s\u00eb Edmond de Rothschild p\u00ebr t\u00eb krijuar ver\u00ebra q\u00eb jan\u00eb nj\u00eb simbioz\u00eb e p\u00ebrsosur e trash\u00ebgimis\u00eb dhe inovacionit. Esht\u00eb nj\u00eb p\u00ebrzierje e <strong data-start=\"387\" data-end=\"397\">Merlot<\/strong> (70%) dhe <strong data-start=\"408\" data-end=\"430\">Cabernet Sauvignon<\/strong> (30%), dy nga varietetet m\u00eb t\u00eb njohura t\u00eb Bordeaux, q\u00eb ofrojn\u00eb nj\u00eb struktur\u00eb t\u00eb pasur dhe t\u00eb balancuar.<\/p>\n<hr \/>\n<h3><strong><em>Karakteristikat<\/em><\/strong><\/h3>\n<ul>\n<li data-start=\"378\" data-end=\"441\"><strong data-start=\"380\" data-end=\"391\">Ngjyra:<\/strong> Ka nj\u00eb ngjyr\u00eb t\u00eb thell\u00eb <strong data-start=\"77\" data-end=\"100\">t\u00eb kuqe t\u00eb purpurt\u00eb<\/strong>, e cila tregon nj\u00eb struktur\u00eb t\u00eb pasur dhe nj\u00eb intensitet t\u00eb lart\u00eb<\/li>\n<li data-start=\"442\" data-end=\"600\"><strong data-start=\"444\" data-end=\"454\">Aroma:<\/strong> Aromat jan\u00eb t\u00eb pasura dhe t\u00eb nuancuara, duke ofruar shenja t\u00eb <strong data-start=\"1078\" data-end=\"1097\">frutave t\u00eb kuqe<\/strong> si <strong data-start=\"1101\" data-end=\"1111\">qershi<\/strong> dhe <strong data-start=\"1116\" data-end=\"1126\">dardha<\/strong>, t\u00eb shoq\u00ebruara me nota t\u00eb buta t\u00eb <strong data-start=\"1161\" data-end=\"1172\">tabakos<\/strong> dhe <strong data-start=\"1177\" data-end=\"1187\">drurit<\/strong>. K\u00ebto nota kompletohen nga nj\u00eb ndjesi e but\u00eb dhe e rafinuar q\u00eb vjen nga procesi i maturimit n\u00eb drur\u00eb, q\u00eb e b\u00ebn ver\u00ebn t\u00eb mbetet e balancuar dhe elegante.<\/li>\n<li data-start=\"601\" data-end=\"821\"><strong data-start=\"603\" data-end=\"613\">Shija:<\/strong> N\u00eb shije, <strong data-start=\"1352\" data-end=\"1381\">Ch\u00e2teau des Laurets Baron<\/strong> \u00ebsht\u00eb e but\u00eb dhe e l\u00ebmuar, me tanina t\u00eb rafinuara dhe nj\u00eb trup t\u00eb pasur. Shija \u00ebsht\u00eb e pasur me frutalitet t\u00eb but\u00eb dhe sh\u00ebnja t\u00eb nuancuara q\u00eb zhvillohen me kalimin e koh\u00ebs. Vera ka nj\u00eb fund t\u00eb gjat\u00eb dhe harmonik.<\/li>\n<\/ul>\n<hr \/>\n<h3><em><strong>Shoq\u00ebrime t\u00eb Sugjeruara<\/strong><\/em><\/h3>\n<p><em>Kombinohet n\u00eb m\u00ebnyr\u00eb t\u00eb shk\u00eblqyer me:<\/em><\/p>\n<ul>\n<li data-start=\"1496\" data-end=\"1549\"><strong data-start=\"1498\" data-end=\"1523\">Mish qengji t\u00eb pjekur<\/strong><\/li>\n<li data-start=\"1593\" data-end=\"1646\"><strong data-start=\"1595\" data-end=\"1624\">Pjatat me shpend\u00eb t\u00eb eg\u00ebr<\/strong><\/li>\n<li data-start=\"1593\" data-end=\"1646\"><strong>Pasta<\/strong><\/li>\n<li data-start=\"1647\" data-end=\"1706\"><strong data-start=\"1649\" data-end=\"1676\">Djath\u00ebra t\u00eb stazhionuar<\/strong><\/li>\n<\/ul>","protected":false},"excerpt":{"rendered":"<p>P\u00ebrshkrimi i Ver\u00ebs: CHATEAU DES LAURETS BARON &#8211; EDMOND DE ROTHSCHILD Detaje t\u00eb Prodhimit: Ch\u00e2teau des Laurets Baron &#8211; Edmond de Rothschild \u00ebsht\u00eb nj\u00eb ver\u00eb q\u00eb vjen nga nj\u00eb nga vreshtat m\u00eb t\u00eb njohura t\u00eb Bordeaux n\u00eb Franc\u00eb, q\u00eb ka ndjekur nj\u00eb tradit\u00eb t\u00eb pasur ver\u00ebrash p\u00ebr shum\u00eb shekuj. Ky ver\u00eb \u00ebsht\u00eb nj\u00eb pasqyr\u00eb e [&hellip;]<\/p>\n","protected":false},"featured_media":7710,"template":"","meta":[],"product_brand":[],"product_cat":[58,46],"product_tag":[],"class_list":{"0":"post-6361","1":"product","2":"type-product","3":"status-publish","4":"has-post-thumbnail","6":"product_cat-vere","7":"product_cat-vere-e-kuqe","9":"first","10":"instock","11":"shipping-taxable","12":"purchasable","13":"product-type-simple"},"_links":{"self":[{"href":"https:\/\/alehandrogroup.al\/en\/wp-json\/wp\/v2\/product\/6361","targetHints":{"allow":["GET"]}}],"collection":[{"href":"https:\/\/alehandrogroup.al\/en\/wp-json\/wp\/v2\/product"}],"about":[{"href":"https:\/\/alehandrogroup.al\/en\/wp-json\/wp\/v2\/types\/product"}],"version-history":[{"count":1,"href":"https:\/\/alehandrogroup.al\/en\/wp-json\/wp\/v2\/product\/6361\/revisions"}],"predecessor-version":[{"id":7711,"href":"https:\/\/alehandrogroup.al\/en\/wp-json\/wp\/v2\/product\/6361\/revisions\/7711"}],"wp:featuredmedia":[{"embeddable":true,"href":"https:\/\/alehandrogroup.al\/en\/wp-json\/wp\/v2\/media\/7710"}],"wp:attachment":[{"href":"https:\/\/alehandrogroup.al\/en\/wp-json\/wp\/v2\/media?parent=6361"}],"wp:term":[{"taxonomy":"product_brand","embeddable":true,"href":"https:\/\/alehandrogroup.al\/en\/wp-json\/wp\/v2\/product_brand?post=6361"},{"taxonomy":"product_cat","embeddable":true,"href":"https:\/\/alehandrogroup.al\/en\/wp-json\/wp\/v2\/product_cat?post=6361"},{"taxonomy":"product_tag","embeddable":true,"href":"https:\/\/alehandrogroup.al\/en\/wp-json\/wp\/v2\/product_tag?post=6361"}],"curies":[{"name":"wp","href":"https:\/\/api.w.org\/{rel}","templated":true}]}}