{"id":6359,"date":"2025-02-13T13:22:29","date_gmt":"2025-02-13T13:22:29","guid":{"rendered":"https:\/\/alehandrogroup.al\/?post_type=product&#038;p=6359"},"modified":"2025-12-26T11:26:28","modified_gmt":"2025-12-26T11:26:28","slug":"rupert-rothschild-baron-edmond-edmond-de-rothschild","status":"publish","type":"product","link":"https:\/\/alehandrogroup.al\/en\/product\/rupert-rothschild-baron-edmond-edmond-de-rothschild\/","title":{"rendered":"RUPERT &amp; ROTHSCHILD BARON EDMOND &#8211; EDMOND DE ROTHSCHILD"},"content":{"rendered":"<h3><strong><em>P\u00ebrshkrimi i Ver\u00ebs: RUPERT &amp; ROTHSCHILD BARON EDMOND &#8211; EDMOND DE ROTHSCHILD<\/em><\/strong><\/h3>\n<p><em><strong>Detaje t\u00eb Prodhimit:<\/strong><\/em><\/p>\n<p data-start=\"0\" data-end=\"361\"><strong data-start=\"0\" data-end=\"36\">Rupert &amp; Rothschild Baron Edmond<\/strong> \u00ebsht\u00eb nj\u00eb nga krijimet m\u00eb t\u00eb rafinuara dhe prestigjioze q\u00eb vijn\u00eb nga Lugin\u00eb Franshhoek, nj\u00eb nga rajonet m\u00eb t\u00eb njohura t\u00eb ver\u00ebrave n\u00eb Afrik\u00ebn e Jugut. Ky ver\u00eb ka lindur nga bashk\u00ebpunimi mes familjes Rothschild, e cila sjell me vete shekuj eksperienc\u00eb n\u00eb bot\u00ebn e ver\u00ebs, dhe Rupert Wines, dhe \u00ebsht\u00eb nj\u00eb tributim p\u00ebr ekselenc\u00ebn. Kombinimi i <strong data-start=\"375\" data-end=\"397\">Cabernet Sauvignon<\/strong> (65%), <strong data-start=\"405\" data-end=\"415\">Merlot<\/strong> (20%) dhe <strong data-start=\"426\" data-end=\"444\">Cabernet Franc<\/strong> (15%) i jep k\u00ebsaj cuv\u00e9e nj\u00eb ekuilib\u00ebr t\u00eb p\u00ebrsosur mes struktur\u00ebs, kompleksitetit dhe eleganc\u00ebs.<\/p>\n<hr \/>\n<h3><strong><em>Karakteristikat<\/em><\/strong><\/h3>\n<ul>\n<li data-start=\"378\" data-end=\"441\"><strong data-start=\"380\" data-end=\"391\">Ngjyra:<\/strong> E kuqe rubin e thell\u00eb me reflektime t\u00eb purpurta<\/li>\n<li data-start=\"442\" data-end=\"600\"><strong data-start=\"444\" data-end=\"454\">Aroma:<\/strong> Intense dhe e rafinuar, me nota t\u00eb frutave t\u00eb zeza si manaferrat dhe kumbullat, t\u00eb pasuruara me nuanca t\u00eb duhanit, vaniljes dhe er\u00ebzave t\u00eb buta<\/li>\n<li data-start=\"601\" data-end=\"821\"><strong data-start=\"603\" data-end=\"613\">Shija:<\/strong> Strukturuar mir\u00eb, me tanin\u00eb t\u00eb fuqishme por t\u00eb rafinuara. Shija \u00ebsht\u00eb komplekse, me nj\u00eb ekuilib\u00ebr t\u00eb shk\u00eblqyer midis frutave t\u00eb pjekura dhe nuancave t\u00eb lisit, duke ofruar nj\u00eb p\u00ebrfundim t\u00eb gjat\u00eb dhe elegant<\/li>\n<\/ul>\n<hr \/>\n<h3><em><strong>Shoq\u00ebrime t\u00eb Sugjeruara<\/strong><\/em><\/h3>\n<p><em>Kombinohet n\u00eb m\u00ebnyr\u00eb t\u00eb shk\u00eblqyer me:<\/em><\/p>\n<ul>\n<li data-start=\"1496\" data-end=\"1549\"><strong data-start=\"1498\" data-end=\"1523\">Mish qengji t\u00eb pjekur<\/strong><\/li>\n<li data-start=\"1593\" data-end=\"1646\"><strong data-start=\"1595\" data-end=\"1624\">Pjatat me shpend\u00eb t\u00eb eg\u00ebr<\/strong><\/li>\n<li data-start=\"1593\" data-end=\"1646\"><strong>Pasta<\/strong><\/li>\n<li data-start=\"1647\" data-end=\"1706\"><strong data-start=\"1649\" data-end=\"1676\">Djath\u00ebra t\u00eb stazhionuar<\/strong><\/li>\n<\/ul>","protected":false},"excerpt":{"rendered":"<p>P\u00ebrshkrimi i Ver\u00ebs: RUPERT &amp; ROTHSCHILD BARON EDMOND &#8211; EDMOND DE ROTHSCHILD Detaje t\u00eb Prodhimit: Rupert &amp; Rothschild Baron Edmond \u00ebsht\u00eb nj\u00eb nga krijimet m\u00eb t\u00eb rafinuara dhe prestigjioze q\u00eb vijn\u00eb nga Lugin\u00eb Franshhoek, nj\u00eb nga rajonet m\u00eb t\u00eb njohura t\u00eb ver\u00ebrave n\u00eb Afrik\u00ebn e Jugut. Ky ver\u00eb ka lindur nga bashk\u00ebpunimi mes familjes Rothschild, [&hellip;]<\/p>\n","protected":false},"featured_media":7989,"template":"","meta":[],"product_brand":[],"product_cat":[58,46],"product_tag":[],"class_list":{"0":"post-6359","1":"product","2":"type-product","3":"status-publish","4":"has-post-thumbnail","6":"product_cat-vere","7":"product_cat-vere-e-kuqe","9":"first","10":"instock","11":"shipping-taxable","12":"purchasable","13":"product-type-simple"},"_links":{"self":[{"href":"https:\/\/alehandrogroup.al\/en\/wp-json\/wp\/v2\/product\/6359","targetHints":{"allow":["GET"]}}],"collection":[{"href":"https:\/\/alehandrogroup.al\/en\/wp-json\/wp\/v2\/product"}],"about":[{"href":"https:\/\/alehandrogroup.al\/en\/wp-json\/wp\/v2\/types\/product"}],"version-history":[{"count":1,"href":"https:\/\/alehandrogroup.al\/en\/wp-json\/wp\/v2\/product\/6359\/revisions"}],"predecessor-version":[{"id":7990,"href":"https:\/\/alehandrogroup.al\/en\/wp-json\/wp\/v2\/product\/6359\/revisions\/7990"}],"wp:featuredmedia":[{"embeddable":true,"href":"https:\/\/alehandrogroup.al\/en\/wp-json\/wp\/v2\/media\/7989"}],"wp:attachment":[{"href":"https:\/\/alehandrogroup.al\/en\/wp-json\/wp\/v2\/media?parent=6359"}],"wp:term":[{"taxonomy":"product_brand","embeddable":true,"href":"https:\/\/alehandrogroup.al\/en\/wp-json\/wp\/v2\/product_brand?post=6359"},{"taxonomy":"product_cat","embeddable":true,"href":"https:\/\/alehandrogroup.al\/en\/wp-json\/wp\/v2\/product_cat?post=6359"},{"taxonomy":"product_tag","embeddable":true,"href":"https:\/\/alehandrogroup.al\/en\/wp-json\/wp\/v2\/product_tag?post=6359"}],"curies":[{"name":"wp","href":"https:\/\/api.w.org\/{rel}","templated":true}]}}