{"id":6355,"date":"2025-02-13T13:12:24","date_gmt":"2025-02-13T13:12:24","guid":{"rendered":"https:\/\/alehandrogroup.al\/?post_type=product&#038;p=6355"},"modified":"2025-11-27T17:21:46","modified_gmt":"2025-11-27T17:21:46","slug":"chateau-de-malengin-eve-edmond-de-rothschild","status":"publish","type":"product","link":"https:\/\/alehandrogroup.al\/en\/product\/chateau-de-malengin-eve-edmond-de-rothschild\/","title":{"rendered":"CHATEAU DE MALENGIN EVE &#8211; EDMOND DE ROTHSCHILD"},"content":{"rendered":"<h3><strong><em>P\u00ebrshkrimi i Ver\u00ebs: CHATEAU DE MALENGIN EVE &#8211; EDMOND DE ROTHSCHILD<\/em><\/strong><\/h3>\n<p><em><strong>Detaje t\u00eb Prodhimit:<\/strong><\/em><\/p>\n<p data-start=\"863\" data-end=\"1135\">Ch\u00e2teau de Malengin \u00c8ve \u00ebsht\u00eb nj\u00eb ver\u00eb q\u00eb mish\u00ebron eleganc\u00ebn dhe tradit\u00ebn e prodhimit t\u00eb ver\u00ebs n\u00eb Bordeaux. E prodhuar n\u00eb nj\u00eb nga apelacionet m\u00eb t\u00eb njohura t\u00eb rajonit, kjo ver\u00eb reflekton me p\u00ebrpik\u00ebri pasurin\u00eb e terroirit t\u00eb Montagne-Saint-\u00c9milion, duke sjell\u00eb nj\u00eb ekuilib\u00ebr t\u00eb shk\u00eblqyer mes struktur\u00ebs dhe fines\u00ebs.<\/p>\n<hr \/>\n<h3><strong><em>Karakteristikat<\/em><\/strong><\/h3>\n<ul>\n<li data-start=\"363\" data-end=\"426\"><strong data-start=\"365\" data-end=\"376\">Ngjyra:<\/strong> E kuqe e thell\u00eb rubin me reflektime t\u00eb purpurta<\/li>\n<li data-start=\"427\" data-end=\"594\"><strong data-start=\"429\" data-end=\"439\">Aroma:<\/strong> E pasur dhe e rafinuar, me nota t\u00eb frutave t\u00eb pjekura si kumbulla dhe mjedra, t\u00eb shoq\u00ebruara nga nuanca t\u00eb lehta t\u00eb vaniljes, kakaos dhe er\u00ebzave t\u00eb \u00ebmbla<\/li>\n<li data-start=\"595\" data-end=\"769\"><strong data-start=\"597\" data-end=\"607\">Shija:<\/strong> E plot\u00eb dhe e strukturuar mir\u00eb, me tanin\u00eb t\u00eb buta dhe t\u00eb integruara. Aciditeti i balancuar dhe kompleksiteti i aromave japin nj\u00eb p\u00ebrfundim t\u00eb gjat\u00eb dhe elegant<\/li>\n<\/ul>\n<hr \/>\n<h3><em><strong>Shoq\u00ebrime t\u00eb Sugjeruara<\/strong><\/em><\/h3>\n<p><em>Kombinohet n\u00eb m\u00ebnyr\u00eb t\u00eb shk\u00eblqyer me:<\/em><\/p>\n<ul>\n<li data-start=\"1496\" data-end=\"1549\"><strong data-start=\"1498\" data-end=\"1523\">Mish qengji t\u00eb pjekur<\/strong><\/li>\n<li data-start=\"1593\" data-end=\"1646\"><strong data-start=\"1595\" data-end=\"1624\">Pjatat me shpend\u00eb t\u00eb eg\u00ebr<\/strong><\/li>\n<li data-start=\"1593\" data-end=\"1646\"><strong>Pasta<\/strong><\/li>\n<li data-start=\"1647\" data-end=\"1706\"><strong data-start=\"1649\" data-end=\"1676\">Djath\u00ebra t\u00eb stazhionuar<\/strong><\/li>\n<\/ul>","protected":false},"excerpt":{"rendered":"<p>P\u00ebrshkrimi i Ver\u00ebs: CHATEAU DE MALENGIN EVE &#8211; EDMOND DE ROTHSCHILD Detaje t\u00eb Prodhimit: Ch\u00e2teau de Malengin \u00c8ve \u00ebsht\u00eb nj\u00eb ver\u00eb q\u00eb mish\u00ebron eleganc\u00ebn dhe tradit\u00ebn e prodhimit t\u00eb ver\u00ebs n\u00eb Bordeaux. E prodhuar n\u00eb nj\u00eb nga apelacionet m\u00eb t\u00eb njohura t\u00eb rajonit, kjo ver\u00eb reflekton me p\u00ebrpik\u00ebri pasurin\u00eb e terroirit t\u00eb Montagne-Saint-\u00c9milion, duke sjell\u00eb [&hellip;]<\/p>\n","protected":false},"featured_media":7708,"template":"","meta":[],"product_brand":[],"product_cat":[58,46],"product_tag":[],"class_list":{"0":"post-6355","1":"product","2":"type-product","3":"status-publish","4":"has-post-thumbnail","6":"product_cat-vere","7":"product_cat-vere-e-kuqe","9":"first","10":"instock","11":"shipping-taxable","12":"purchasable","13":"product-type-simple"},"_links":{"self":[{"href":"https:\/\/alehandrogroup.al\/en\/wp-json\/wp\/v2\/product\/6355","targetHints":{"allow":["GET"]}}],"collection":[{"href":"https:\/\/alehandrogroup.al\/en\/wp-json\/wp\/v2\/product"}],"about":[{"href":"https:\/\/alehandrogroup.al\/en\/wp-json\/wp\/v2\/types\/product"}],"version-history":[{"count":1,"href":"https:\/\/alehandrogroup.al\/en\/wp-json\/wp\/v2\/product\/6355\/revisions"}],"predecessor-version":[{"id":7709,"href":"https:\/\/alehandrogroup.al\/en\/wp-json\/wp\/v2\/product\/6355\/revisions\/7709"}],"wp:featuredmedia":[{"embeddable":true,"href":"https:\/\/alehandrogroup.al\/en\/wp-json\/wp\/v2\/media\/7708"}],"wp:attachment":[{"href":"https:\/\/alehandrogroup.al\/en\/wp-json\/wp\/v2\/media?parent=6355"}],"wp:term":[{"taxonomy":"product_brand","embeddable":true,"href":"https:\/\/alehandrogroup.al\/en\/wp-json\/wp\/v2\/product_brand?post=6355"},{"taxonomy":"product_cat","embeddable":true,"href":"https:\/\/alehandrogroup.al\/en\/wp-json\/wp\/v2\/product_cat?post=6355"},{"taxonomy":"product_tag","embeddable":true,"href":"https:\/\/alehandrogroup.al\/en\/wp-json\/wp\/v2\/product_tag?post=6355"}],"curies":[{"name":"wp","href":"https:\/\/api.w.org\/{rel}","templated":true}]}}