{"id":6353,"date":"2025-02-13T13:09:10","date_gmt":"2025-02-13T13:09:10","guid":{"rendered":"https:\/\/alehandrogroup.al\/?post_type=product&#038;p=6353"},"modified":"2025-12-24T11:49:41","modified_gmt":"2025-12-24T11:49:41","slug":"rimapere-pinot-noir-edmond-de-rothschild","status":"publish","type":"product","link":"https:\/\/alehandrogroup.al\/en\/product\/rimapere-pinot-noir-edmond-de-rothschild\/","title":{"rendered":"RIMAPERE PINOT NOIR &#8211; EDMOND DE ROTHSCHILD"},"content":{"rendered":"<h3><strong><em>P\u00ebrshkrimi i Ver\u00ebs: RIMAPERE PINOT NOIR &#8211; EDMOND DE ROTHSCHILD<\/em><\/strong><\/h3>\n<p><em><strong>Detaje t\u00eb Prodhimit:<\/strong><\/em><\/p>\n<p data-start=\"863\" data-end=\"1135\">Rimapere Pinot Noir \u00ebsht\u00eb nj\u00eb nga ver\u00ebrat m\u00eb t\u00eb ve\u00e7anta t\u00eb Edmond de Rothschild, duke reflektuar me eleganc\u00eb karakteristikat unike t\u00eb rajonit Marlborough. Klima e fresk\u00ebt dhe tokat minerale ndihmojn\u00eb n\u00eb prodhimin e nj\u00eb Pinot Noir me freski dhe fines\u00eb t\u00eb jasht\u00ebzakonshme, duke e b\u00ebr\u00eb at\u00eb nj\u00eb zgjedhje t\u00eb shk\u00eblqyer p\u00ebr adhuruesit e ver\u00ebrave t\u00eb rafinuara.<\/p>\n<hr \/>\n<h3><strong><em>Karakteristikat<\/em><\/strong><\/h3>\n<ul>\n<li data-start=\"306\" data-end=\"377\"><strong data-start=\"308\" data-end=\"319\">Ngjyra:<\/strong> E kuqe rubin e ndritshme me reflektime t\u00eb lehta vjollce<\/li>\n<li data-start=\"378\" data-end=\"555\"><strong data-start=\"380\" data-end=\"390\">Aroma:<\/strong> Shpalos nota t\u00eb pasura frutash t\u00eb kuqe si qershi, luleshtrydhe dhe mjed\u00ebr, t\u00eb kombinuara me nuanca t\u00eb buta t\u00eb drurit, vaniljes dhe nj\u00eb prekje t\u00eb leht\u00eb piper t\u00eb zi<\/li>\n<li data-start=\"556\" data-end=\"735\"><strong data-start=\"558\" data-end=\"568\">Shija:<\/strong> E ekuilibruar, me tanin\u00eb t\u00eb buta dhe nj\u00eb struktur\u00eb elegante. Aciditeti i fresk\u00ebt dhe kompleksiteti i frutave krijojn\u00eb nj\u00eb p\u00ebrfundim t\u00eb gjat\u00eb dhe t\u00eb k\u00ebndsh\u00ebm n\u00eb goj\u00eb<\/li>\n<\/ul>\n<hr \/>\n<h3><em><strong>Shoq\u00ebrime t\u00eb Sugjeruara<\/strong><\/em><\/h3>\n<p><em>Kombinohet n\u00eb m\u00ebnyr\u00eb t\u00eb shk\u00eblqyer me:<\/em><\/p>\n<ul>\n<li data-start=\"1496\" data-end=\"1549\"><strong data-start=\"1498\" data-end=\"1523\">Mishi bardhe t\u00eb pjekur<\/strong><\/li>\n<li data-start=\"1593\" data-end=\"1646\"><b>Rizotto<\/b><\/li>\n<li data-start=\"1593\" data-end=\"1646\"><strong>Pasta<\/strong><\/li>\n<li data-start=\"1647\" data-end=\"1706\"><strong data-start=\"1649\" data-end=\"1676\">Antipasta<\/strong><\/li>\n<\/ul>","protected":false},"excerpt":{"rendered":"<p>P\u00ebrshkrimi i Ver\u00ebs: RIMAPERE PINOT NOIR &#8211; EDMOND DE ROTHSCHILD Detaje t\u00eb Prodhimit: Rimapere Pinot Noir \u00ebsht\u00eb nj\u00eb nga ver\u00ebrat m\u00eb t\u00eb ve\u00e7anta t\u00eb Edmond de Rothschild, duke reflektuar me eleganc\u00eb karakteristikat unike t\u00eb rajonit Marlborough. Klima e fresk\u00ebt dhe tokat minerale ndihmojn\u00eb n\u00eb prodhimin e nj\u00eb Pinot Noir me freski dhe fines\u00eb t\u00eb jasht\u00ebzakonshme, [&hellip;]<\/p>\n","protected":false},"featured_media":7968,"template":"","meta":[],"product_brand":[],"product_cat":[58,46],"product_tag":[],"class_list":{"0":"post-6353","1":"product","2":"type-product","3":"status-publish","4":"has-post-thumbnail","6":"product_cat-vere","7":"product_cat-vere-e-kuqe","9":"first","10":"instock","11":"shipping-taxable","12":"purchasable","13":"product-type-simple"},"_links":{"self":[{"href":"https:\/\/alehandrogroup.al\/en\/wp-json\/wp\/v2\/product\/6353","targetHints":{"allow":["GET"]}}],"collection":[{"href":"https:\/\/alehandrogroup.al\/en\/wp-json\/wp\/v2\/product"}],"about":[{"href":"https:\/\/alehandrogroup.al\/en\/wp-json\/wp\/v2\/types\/product"}],"version-history":[{"count":1,"href":"https:\/\/alehandrogroup.al\/en\/wp-json\/wp\/v2\/product\/6353\/revisions"}],"predecessor-version":[{"id":7969,"href":"https:\/\/alehandrogroup.al\/en\/wp-json\/wp\/v2\/product\/6353\/revisions\/7969"}],"wp:featuredmedia":[{"embeddable":true,"href":"https:\/\/alehandrogroup.al\/en\/wp-json\/wp\/v2\/media\/7968"}],"wp:attachment":[{"href":"https:\/\/alehandrogroup.al\/en\/wp-json\/wp\/v2\/media?parent=6353"}],"wp:term":[{"taxonomy":"product_brand","embeddable":true,"href":"https:\/\/alehandrogroup.al\/en\/wp-json\/wp\/v2\/product_brand?post=6353"},{"taxonomy":"product_cat","embeddable":true,"href":"https:\/\/alehandrogroup.al\/en\/wp-json\/wp\/v2\/product_cat?post=6353"},{"taxonomy":"product_tag","embeddable":true,"href":"https:\/\/alehandrogroup.al\/en\/wp-json\/wp\/v2\/product_tag?post=6353"}],"curies":[{"name":"wp","href":"https:\/\/api.w.org\/{rel}","templated":true}]}}