{"id":6350,"date":"2025-02-13T13:05:18","date_gmt":"2025-02-13T13:05:18","guid":{"rendered":"https:\/\/alehandrogroup.al\/?post_type=product&#038;p=6350"},"modified":"2025-12-30T10:36:44","modified_gmt":"2025-12-30T10:36:44","slug":"rupert-rothschild-baronne-nadine-edmond-de-rothschild","status":"publish","type":"product","link":"https:\/\/alehandrogroup.al\/en\/product\/rupert-rothschild-baronne-nadine-edmond-de-rothschild\/","title":{"rendered":"RUPERT &amp; ROTHSCHILD BARONNE NADINE- EDMOND DE ROTHSCHILD"},"content":{"rendered":"<h3><strong><em>P\u00ebrshkrimi i Ver\u00ebs: RUPERT &amp; ROTHSCHILD BARONNE NADINE- EDMOND DE ROTHSCHILD<\/em><\/strong><\/h3>\n<p><em><strong>Detaje t\u00eb Prodhimit:<\/strong><\/em><\/p>\n<p data-start=\"282\" data-end=\"579\">Rupert &amp; Rothschild Baronne Nadine \u00ebsht\u00eb nj\u00eb Chardonnay premium, prodhuar nga partneriteti prestigjioz midis familjes Rothschild dhe Rupert n\u00eb Afrik\u00ebn e Jugut. Vera shfaq nj\u00eb stil t\u00eb ngjash\u00ebm me Chardonnayn e Burgundis\u00eb, duke kombinuar kompleksitetin, eleganc\u00ebn dhe nj\u00eb ekuilib\u00ebr t\u00eb shk\u00eblqyer mes frutave dhe drurit. Nj\u00eb zgjedhje e shk\u00eblqyer p\u00ebr ata q\u00eb k\u00ebrkojn\u00eb nj\u00eb ver\u00eb t\u00eb rafinuar dhe t\u00eb sofistikuar.<\/p>\n<hr \/>\n<h3><strong><em>Karakteristikat<\/em><\/strong><\/h3>\n<ul>\n<li data-start=\"329\" data-end=\"404\"><strong data-start=\"331\" data-end=\"342\">Ngjyra:<\/strong> E art\u00eb e ndritshme me reflektime t\u00eb lehta t\u00eb verdh\u00eb t\u00eb but\u00eb<\/li>\n<li data-start=\"405\" data-end=\"586\"><strong data-start=\"407\" data-end=\"417\">Aroma:<\/strong> Arom\u00eb komplekse me nota t\u00eb agrumeve t\u00eb fresk\u00ebta, pjeshk\u00ebs s\u00eb pjekur dhe frutave tropikale, t\u00eb nd\u00ebrthurura me nuanca t\u00eb vaniljes dhe bajameve nga maturimi n\u00eb fu\u00e7i lisi<\/li>\n<li data-start=\"587\" data-end=\"794\"><strong data-start=\"589\" data-end=\"599\">Shija:<\/strong> E but\u00eb dhe e rafinuar, me aciditet t\u00eb balancuar dhe nj\u00eb struktur\u00eb t\u00eb pasur. Notat e frutave tropikale, mjaltit dhe gjalpit i japin nj\u00eb karakter elegant dhe nj\u00eb p\u00ebrfundim t\u00eb gjat\u00eb e t\u00eb k\u00ebndsh\u00ebm<\/li>\n<\/ul>\n<hr \/>\n<h3><em><strong>Shoq\u00ebrime t\u00eb Sugjeruara<\/strong><\/em><\/h3>\n<p><em>Kombinohet n\u00eb m\u00ebnyr\u00eb t\u00eb shk\u00eblqyer me:<\/em><\/p>\n<ul>\n<li data-start=\"1589\" data-end=\"1654\"><strong data-start=\"1591\" data-end=\"1616\">Fruta deti<\/strong><\/li>\n<li data-start=\"1655\" data-end=\"1728\"><strong data-start=\"1657\" data-end=\"1684\">Peshk i pjekur n\u00eb skar\u00eb<\/strong><\/li>\n<li data-start=\"1729\" data-end=\"1819\"><strong data-start=\"1731\" data-end=\"1754\">Djath\u00ebra t\u00eb fresk\u00ebt<\/strong><\/li>\n<li data-start=\"1820\" data-end=\"1903\"><strong>Sushi<\/strong><\/li>\n<\/ul>","protected":false},"excerpt":{"rendered":"<p>P\u00ebrshkrimi i Ver\u00ebs: RUPERT &amp; ROTHSCHILD BARONNE NADINE- EDMOND DE ROTHSCHILD Detaje t\u00eb Prodhimit: Rupert &amp; Rothschild Baronne Nadine \u00ebsht\u00eb nj\u00eb Chardonnay premium, prodhuar nga partneriteti prestigjioz midis familjes Rothschild dhe Rupert n\u00eb Afrik\u00ebn e Jugut. Vera shfaq nj\u00eb stil t\u00eb ngjash\u00ebm me Chardonnayn e Burgundis\u00eb, duke kombinuar kompleksitetin, eleganc\u00ebn dhe nj\u00eb ekuilib\u00ebr t\u00eb shk\u00eblqyer [&hellip;]<\/p>\n","protected":false},"featured_media":8086,"template":"","meta":[],"product_brand":[],"product_cat":[58,41],"product_tag":[],"class_list":{"0":"post-6350","1":"product","2":"type-product","3":"status-publish","4":"has-post-thumbnail","6":"product_cat-vere","7":"product_cat-vere-e-bardhe","9":"first","10":"instock","11":"shipping-taxable","12":"purchasable","13":"product-type-simple"},"_links":{"self":[{"href":"https:\/\/alehandrogroup.al\/en\/wp-json\/wp\/v2\/product\/6350","targetHints":{"allow":["GET"]}}],"collection":[{"href":"https:\/\/alehandrogroup.al\/en\/wp-json\/wp\/v2\/product"}],"about":[{"href":"https:\/\/alehandrogroup.al\/en\/wp-json\/wp\/v2\/types\/product"}],"version-history":[{"count":1,"href":"https:\/\/alehandrogroup.al\/en\/wp-json\/wp\/v2\/product\/6350\/revisions"}],"predecessor-version":[{"id":8087,"href":"https:\/\/alehandrogroup.al\/en\/wp-json\/wp\/v2\/product\/6350\/revisions\/8087"}],"wp:featuredmedia":[{"embeddable":true,"href":"https:\/\/alehandrogroup.al\/en\/wp-json\/wp\/v2\/media\/8086"}],"wp:attachment":[{"href":"https:\/\/alehandrogroup.al\/en\/wp-json\/wp\/v2\/media?parent=6350"}],"wp:term":[{"taxonomy":"product_brand","embeddable":true,"href":"https:\/\/alehandrogroup.al\/en\/wp-json\/wp\/v2\/product_brand?post=6350"},{"taxonomy":"product_cat","embeddable":true,"href":"https:\/\/alehandrogroup.al\/en\/wp-json\/wp\/v2\/product_cat?post=6350"},{"taxonomy":"product_tag","embeddable":true,"href":"https:\/\/alehandrogroup.al\/en\/wp-json\/wp\/v2\/product_tag?post=6350"}],"curies":[{"name":"wp","href":"https:\/\/api.w.org\/{rel}","templated":true}]}}