{"id":6348,"date":"2025-02-13T13:02:10","date_gmt":"2025-02-13T13:02:10","guid":{"rendered":"https:\/\/alehandrogroup.al\/?post_type=product&#038;p=6348"},"modified":"2025-12-02T12:33:29","modified_gmt":"2025-12-02T12:33:29","slug":"chateau-malmaison-edmond-de-rothschild","status":"publish","type":"product","link":"https:\/\/alehandrogroup.al\/en\/product\/chateau-malmaison-edmond-de-rothschild\/","title":{"rendered":"CHATEAU MALMAISON- EDMOND DE ROTHSCHILD"},"content":{"rendered":"<h3><strong><em>P\u00ebrshkrimi i Ver\u00ebs: CHATEAU MALMAISON- EDMOND DE ROTHSCHILD<\/em><\/strong><\/h3>\n<p><em><strong>Detaje t\u00eb Prodhimit:<\/strong><\/em><\/p>\n<p data-start=\"863\" data-end=\"1135\">Ch\u00e2teau Malmaison \u00ebsht\u00eb nj\u00eb nga pronat m\u00eb t\u00eb r\u00ebnd\u00ebsishme t\u00eb Edmond de Rothschild n\u00eb M\u00e9doc. Ky ch\u00e2teau njihet p\u00ebr prodhimin e ver\u00ebrave elegante dhe t\u00eb strukturuara, ku Merlot dominon p\u00ebr t\u00eb sjell\u00eb but\u00ebsi dhe kompleksitet, nd\u00ebrsa Cabernet Sauvignon kontribuon me struktur\u00eb dhe jet\u00ebgjat\u00ebsi. Vera reflekton eleganc\u00ebn klasike t\u00eb Bordeaux-it, me nj\u00eb stil t\u00eb sofistikuar dhe t\u00eb pasur.<\/p>\n<hr \/>\n<h3><strong><em>Karakteristikat<\/em><\/strong><\/h3>\n<ul>\n<li data-start=\"375\" data-end=\"444\"><strong data-start=\"377\" data-end=\"388\">Ngjyra:<\/strong> E kuqe rubin e thell\u00eb, me reflektime vjollc\u00eb t\u00eb lehta<\/li>\n<li data-start=\"445\" data-end=\"618\"><strong data-start=\"447\" data-end=\"457\">Aroma:<\/strong> Shfaq nota t\u00eb pasura t\u00eb frutave t\u00eb pjekura si manaferra, qershia e zez\u00eb dhe kumbulla, t\u00eb shoq\u00ebruara me nuanca t\u00eb lehta t\u00eb drurit, vaniljes dhe er\u00ebzave t\u00eb buta<\/li>\n<li data-start=\"619\" data-end=\"837\"><strong data-start=\"621\" data-end=\"631\">Shija:<\/strong> Trup i mes\u00ebm n\u00eb t\u00eb plot\u00eb, me tanine t\u00eb buta dhe t\u00eb strukturuara mir\u00eb. Shija \u00ebsht\u00eb e ekuilibruar mes frutave t\u00eb pjekura dhe notave t\u00eb drurit t\u00eb stazhionuar, duke dh\u00ebn\u00eb nj\u00eb mbyllje t\u00eb gjat\u00eb dhe t\u00eb rafinuar<\/li>\n<\/ul>\n<hr \/>\n<h3><em><strong>Shoq\u00ebrime t\u00eb Sugjeruara<\/strong><\/em><\/h3>\n<p><em>Kombinohet n\u00eb m\u00ebnyr\u00eb t\u00eb shk\u00eblqyer me:<\/em><\/p>\n<ul>\n<li data-start=\"1496\" data-end=\"1549\"><strong data-start=\"1498\" data-end=\"1523\">Mish qengji t\u00eb pjekur<\/strong><\/li>\n<li data-start=\"1593\" data-end=\"1646\"><strong data-start=\"1595\" data-end=\"1624\">Pjatat me shpend\u00eb t\u00eb eg\u00ebr<\/strong><\/li>\n<li data-start=\"1593\" data-end=\"1646\"><strong>Pasta<\/strong><\/li>\n<li data-start=\"1647\" data-end=\"1706\"><strong data-start=\"1649\" data-end=\"1676\">Djath\u00ebra t\u00eb stazhionuar<\/strong><\/li>\n<\/ul>","protected":false},"excerpt":{"rendered":"<p>P\u00ebrshkrimi i Ver\u00ebs: CHATEAU MALMAISON- EDMOND DE ROTHSCHILD Detaje t\u00eb Prodhimit: Ch\u00e2teau Malmaison \u00ebsht\u00eb nj\u00eb nga pronat m\u00eb t\u00eb r\u00ebnd\u00ebsishme t\u00eb Edmond de Rothschild n\u00eb M\u00e9doc. Ky ch\u00e2teau njihet p\u00ebr prodhimin e ver\u00ebrave elegante dhe t\u00eb strukturuara, ku Merlot dominon p\u00ebr t\u00eb sjell\u00eb but\u00ebsi dhe kompleksitet, nd\u00ebrsa Cabernet Sauvignon kontribuon me struktur\u00eb dhe jet\u00ebgjat\u00ebsi. Vera [&hellip;]<\/p>\n","protected":false},"featured_media":7731,"template":"","meta":[],"product_brand":[],"product_cat":[58,46],"product_tag":[],"class_list":{"0":"post-6348","1":"product","2":"type-product","3":"status-publish","4":"has-post-thumbnail","6":"product_cat-vere","7":"product_cat-vere-e-kuqe","9":"first","10":"instock","11":"shipping-taxable","12":"purchasable","13":"product-type-simple"},"_links":{"self":[{"href":"https:\/\/alehandrogroup.al\/en\/wp-json\/wp\/v2\/product\/6348","targetHints":{"allow":["GET"]}}],"collection":[{"href":"https:\/\/alehandrogroup.al\/en\/wp-json\/wp\/v2\/product"}],"about":[{"href":"https:\/\/alehandrogroup.al\/en\/wp-json\/wp\/v2\/types\/product"}],"version-history":[{"count":1,"href":"https:\/\/alehandrogroup.al\/en\/wp-json\/wp\/v2\/product\/6348\/revisions"}],"predecessor-version":[{"id":7732,"href":"https:\/\/alehandrogroup.al\/en\/wp-json\/wp\/v2\/product\/6348\/revisions\/7732"}],"wp:featuredmedia":[{"embeddable":true,"href":"https:\/\/alehandrogroup.al\/en\/wp-json\/wp\/v2\/media\/7731"}],"wp:attachment":[{"href":"https:\/\/alehandrogroup.al\/en\/wp-json\/wp\/v2\/media?parent=6348"}],"wp:term":[{"taxonomy":"product_brand","embeddable":true,"href":"https:\/\/alehandrogroup.al\/en\/wp-json\/wp\/v2\/product_brand?post=6348"},{"taxonomy":"product_cat","embeddable":true,"href":"https:\/\/alehandrogroup.al\/en\/wp-json\/wp\/v2\/product_cat?post=6348"},{"taxonomy":"product_tag","embeddable":true,"href":"https:\/\/alehandrogroup.al\/en\/wp-json\/wp\/v2\/product_tag?post=6348"}],"curies":[{"name":"wp","href":"https:\/\/api.w.org\/{rel}","templated":true}]}}