{"id":6346,"date":"2025-02-13T12:59:58","date_gmt":"2025-02-13T12:59:58","guid":{"rendered":"https:\/\/alehandrogroup.al\/?post_type=product&#038;p=6346"},"modified":"2025-12-26T11:31:56","modified_gmt":"2025-12-26T11:31:56","slug":"rupert-rothschild-classique-edmond-de-rothschild","status":"publish","type":"product","link":"https:\/\/alehandrogroup.al\/en\/product\/rupert-rothschild-classique-edmond-de-rothschild\/","title":{"rendered":"RUPERT &amp; ROTHSCHILD CLASSIQUE &#8211; EDMOND DE ROTHSCHILD"},"content":{"rendered":"<h3><strong><em>P\u00ebrshkrimi i Ver\u00ebs: RUPERT &amp; ROTHSCHILD CLASSIQUE &#8211; EDMOND DE ROTHSCHILD<\/em><\/strong><\/h3>\n<p><em><strong>Detaje t\u00eb Prodhimit:<\/strong><\/em><\/p>\n<p data-start=\"863\" data-end=\"1135\">Rupert &amp; Rothschild Classique \u00ebsht\u00eb nj\u00eb bashk\u00ebpunim prestigjioz midis familjeve t\u00eb njohura Rupert nga Afrika e Jugut dhe Edmond de Rothschild nga Franca. Kjo ver\u00eb simbolizon eleganc\u00ebn dhe cil\u00ebsin\u00eb e Bordeaux-it, e sjell\u00eb n\u00eb terroirin unik t\u00eb Franschhoek, nj\u00eb nga rajonet m\u00eb t\u00eb njohura t\u00eb ver\u00ebrave n\u00eb Afrik\u00ebn e Jugut.<\/p>\n<hr \/>\n<h3><strong><em>Karakteristikat<\/em><\/strong><\/h3>\n<ul>\n<li data-start=\"374\" data-end=\"442\"><strong data-start=\"376\" data-end=\"387\">Ngjyra:<\/strong> E kuqe rubin e thell\u00eb me reflektime delikate vjollc\u00eb<\/li>\n<li data-start=\"443\" data-end=\"601\"><strong data-start=\"445\" data-end=\"455\">Aroma:<\/strong> Shfaq nota intensive t\u00eb frutave t\u00eb pjekura si manaferrat dhe kumbullat, t\u00eb kombinuara me nuanca vaniljeje, \u00e7okollate t\u00eb zez\u00eb dhe er\u00ebza t\u00eb lehta<\/li>\n<li data-start=\"602\" data-end=\"777\"><strong data-start=\"604\" data-end=\"614\">Shija:<\/strong> Trup i mes\u00ebm n\u00eb t\u00eb plot\u00eb, me tanine t\u00eb buta dhe t\u00eb balancuara. Mbyllja \u00ebsht\u00eb e gjat\u00eb dhe harmonike, me nuanca frutash dhe nj\u00eb prekje t\u00eb k\u00ebndshme druri t\u00eb pjekur<\/li>\n<\/ul>\n<hr \/>\n<h3><em><strong>Shoq\u00ebrime t\u00eb Sugjeruara<\/strong><\/em><\/h3>\n<p><em>Kombinohet n\u00eb m\u00ebnyr\u00eb t\u00eb shk\u00eblqyer me:<\/em><\/p>\n<ul>\n<li data-start=\"1496\" data-end=\"1549\"><strong data-start=\"1498\" data-end=\"1523\">Mish qengji t\u00eb pjekur<\/strong><\/li>\n<li data-start=\"1550\" data-end=\"1592\"><strong data-start=\"1552\" data-end=\"1590\">Biftek vi\u00e7i<\/strong><\/li>\n<li data-start=\"1593\" data-end=\"1646\"><strong data-start=\"1595\" data-end=\"1624\">Pjatat me shpend\u00eb t\u00eb eg\u00ebr<\/strong><\/li>\n<li data-start=\"1593\" data-end=\"1646\"><strong>Pasta<\/strong><\/li>\n<li data-start=\"1647\" data-end=\"1706\"><strong data-start=\"1649\" data-end=\"1676\">Djath\u00ebra t\u00eb stazhionuar<\/strong><\/li>\n<\/ul>","protected":false},"excerpt":{"rendered":"<p>P\u00ebrshkrimi i Ver\u00ebs: RUPERT &amp; ROTHSCHILD CLASSIQUE &#8211; EDMOND DE ROTHSCHILD Detaje t\u00eb Prodhimit: Rupert &amp; Rothschild Classique \u00ebsht\u00eb nj\u00eb bashk\u00ebpunim prestigjioz midis familjeve t\u00eb njohura Rupert nga Afrika e Jugut dhe Edmond de Rothschild nga Franca. Kjo ver\u00eb simbolizon eleganc\u00ebn dhe cil\u00ebsin\u00eb e Bordeaux-it, e sjell\u00eb n\u00eb terroirin unik t\u00eb Franschhoek, nj\u00eb nga rajonet [&hellip;]<\/p>\n","protected":false},"featured_media":7991,"template":"","meta":[],"product_brand":[],"product_cat":[58,46],"product_tag":[],"class_list":{"0":"post-6346","1":"product","2":"type-product","3":"status-publish","4":"has-post-thumbnail","6":"product_cat-vere","7":"product_cat-vere-e-kuqe","9":"first","10":"instock","11":"shipping-taxable","12":"purchasable","13":"product-type-simple"},"_links":{"self":[{"href":"https:\/\/alehandrogroup.al\/en\/wp-json\/wp\/v2\/product\/6346","targetHints":{"allow":["GET"]}}],"collection":[{"href":"https:\/\/alehandrogroup.al\/en\/wp-json\/wp\/v2\/product"}],"about":[{"href":"https:\/\/alehandrogroup.al\/en\/wp-json\/wp\/v2\/types\/product"}],"version-history":[{"count":1,"href":"https:\/\/alehandrogroup.al\/en\/wp-json\/wp\/v2\/product\/6346\/revisions"}],"predecessor-version":[{"id":7992,"href":"https:\/\/alehandrogroup.al\/en\/wp-json\/wp\/v2\/product\/6346\/revisions\/7992"}],"wp:featuredmedia":[{"embeddable":true,"href":"https:\/\/alehandrogroup.al\/en\/wp-json\/wp\/v2\/media\/7991"}],"wp:attachment":[{"href":"https:\/\/alehandrogroup.al\/en\/wp-json\/wp\/v2\/media?parent=6346"}],"wp:term":[{"taxonomy":"product_brand","embeddable":true,"href":"https:\/\/alehandrogroup.al\/en\/wp-json\/wp\/v2\/product_brand?post=6346"},{"taxonomy":"product_cat","embeddable":true,"href":"https:\/\/alehandrogroup.al\/en\/wp-json\/wp\/v2\/product_cat?post=6346"},{"taxonomy":"product_tag","embeddable":true,"href":"https:\/\/alehandrogroup.al\/en\/wp-json\/wp\/v2\/product_tag?post=6346"}],"curies":[{"name":"wp","href":"https:\/\/api.w.org\/{rel}","templated":true}]}}