{"id":6344,"date":"2025-02-13T12:57:01","date_gmt":"2025-02-13T12:57:01","guid":{"rendered":"https:\/\/alehandrogroup.al\/?post_type=product&#038;p=6344"},"modified":"2025-11-22T10:20:02","modified_gmt":"2025-11-22T10:20:02","slug":"chateau-des-laurets-edmond-de-rothschild","status":"publish","type":"product","link":"https:\/\/alehandrogroup.al\/en\/product\/chateau-des-laurets-edmond-de-rothschild\/","title":{"rendered":"CHATEAU DES LAURETS &#8211; EDMOND DE ROTHSCHILD"},"content":{"rendered":"<h3><strong><em>P\u00ebrshkrimi i Ver\u00ebs: CHATEAU DES LAURETS &#8211; EDMOND DE ROTHSCHILD<\/em><\/strong><\/h3>\n<p><em><strong>Detaje t\u00eb Prodhimit:<\/strong><\/em><\/p>\n<p data-start=\"863\" data-end=\"1135\">Ch\u00e2teau des Laurets \u00ebsht\u00eb n\u00eb pron\u00ebsi t\u00eb familjes Edmond de Rothschild q\u00eb nga viti 2003. Kantina shtrihet n\u00eb rreth 95 hektar\u00eb, nga t\u00eb cilat 40 hektar\u00eb jan\u00eb vreshta t\u00eb kultivuara n\u00eb tok\u00eb argjilore dhe g\u00eblqerore, ideale p\u00ebr prodhimin e ver\u00ebrave me karakter dhe jet\u00ebgjat\u00ebsi. Nj\u00eb ver\u00eb q\u00eb mish\u00ebron shk\u00eblqimin e Bordeaux-it t\u00eb Rive Droite, me eleganc\u00ebn dhe prestigjin karakteristik t\u00eb familjes Rothschild.<\/p>\n<hr \/>\n<h3><strong><em>Karakteristikat<\/em><\/strong><\/h3>\n<ul>\n<li data-start=\"355\" data-end=\"414\"><strong data-start=\"357\" data-end=\"368\">Ngjyra:<\/strong> E kuqe rubin e thell\u00eb me reflektime vjollc\u00eb<\/li>\n<li data-start=\"415\" data-end=\"567\"><strong data-start=\"417\" data-end=\"427\">Aroma:<\/strong> E sofistikuar dhe komplekse, me nota t\u00eb frutave t\u00eb pjekura t\u00eb pyllit (ribes, manaferra), er\u00ebza t\u00eb \u00ebmbla, duhan dhe nuanca druri t\u00eb pjekur<\/li>\n<li data-start=\"568\" data-end=\"720\"><strong data-start=\"570\" data-end=\"580\">Shija:<\/strong> E strukturuar dhe e but\u00eb, me tanine elegante dhe t\u00eb integruara mir\u00eb. Mbyllja \u00ebsht\u00eb e gjat\u00eb, me nj\u00eb ndjesi t\u00eb k\u00ebndshme frutash dhe er\u00ebzash<\/li>\n<\/ul>\n<hr \/>\n<h3><em><strong>Shoq\u00ebrime t\u00eb Sugjeruara<\/strong><\/em><\/h3>\n<p><em>Kombinohet n\u00eb m\u00ebnyr\u00eb t\u00eb shk\u00eblqyer me:<\/em><\/p>\n<ul>\n<li data-start=\"1496\" data-end=\"1549\"><strong data-start=\"1498\" data-end=\"1523\">Mish qengji t\u00eb pjekur<\/strong><\/li>\n<li data-start=\"1550\" data-end=\"1592\"><strong data-start=\"1552\" data-end=\"1590\">Biftek vi\u00e7i<\/strong><\/li>\n<li data-start=\"1593\" data-end=\"1646\"><strong data-start=\"1595\" data-end=\"1624\">Pjatat me shpend\u00eb t\u00eb eg\u00ebr<\/strong><\/li>\n<li data-start=\"1593\" data-end=\"1646\"><strong>Pasta<\/strong><\/li>\n<li data-start=\"1647\" data-end=\"1706\"><strong data-start=\"1649\" data-end=\"1676\">Djath\u00ebra t\u00eb stazhionuar<\/strong><\/li>\n<\/ul>","protected":false},"excerpt":{"rendered":"<p>P\u00ebrshkrimi i Ver\u00ebs: CHATEAU DES LAURETS &#8211; EDMOND DE ROTHSCHILD Detaje t\u00eb Prodhimit: Ch\u00e2teau des Laurets \u00ebsht\u00eb n\u00eb pron\u00ebsi t\u00eb familjes Edmond de Rothschild q\u00eb nga viti 2003. Kantina shtrihet n\u00eb rreth 95 hektar\u00eb, nga t\u00eb cilat 40 hektar\u00eb jan\u00eb vreshta t\u00eb kultivuara n\u00eb tok\u00eb argjilore dhe g\u00eblqerore, ideale p\u00ebr prodhimin e ver\u00ebrave me karakter [&hellip;]<\/p>\n","protected":false},"featured_media":7555,"template":"","meta":[],"product_brand":[],"product_cat":[58,46],"product_tag":[],"class_list":{"0":"post-6344","1":"product","2":"type-product","3":"status-publish","4":"has-post-thumbnail","6":"product_cat-vere","7":"product_cat-vere-e-kuqe","9":"first","10":"instock","11":"shipping-taxable","12":"purchasable","13":"product-type-simple"},"_links":{"self":[{"href":"https:\/\/alehandrogroup.al\/en\/wp-json\/wp\/v2\/product\/6344","targetHints":{"allow":["GET"]}}],"collection":[{"href":"https:\/\/alehandrogroup.al\/en\/wp-json\/wp\/v2\/product"}],"about":[{"href":"https:\/\/alehandrogroup.al\/en\/wp-json\/wp\/v2\/types\/product"}],"version-history":[{"count":1,"href":"https:\/\/alehandrogroup.al\/en\/wp-json\/wp\/v2\/product\/6344\/revisions"}],"predecessor-version":[{"id":7556,"href":"https:\/\/alehandrogroup.al\/en\/wp-json\/wp\/v2\/product\/6344\/revisions\/7556"}],"wp:featuredmedia":[{"embeddable":true,"href":"https:\/\/alehandrogroup.al\/en\/wp-json\/wp\/v2\/media\/7555"}],"wp:attachment":[{"href":"https:\/\/alehandrogroup.al\/en\/wp-json\/wp\/v2\/media?parent=6344"}],"wp:term":[{"taxonomy":"product_brand","embeddable":true,"href":"https:\/\/alehandrogroup.al\/en\/wp-json\/wp\/v2\/product_brand?post=6344"},{"taxonomy":"product_cat","embeddable":true,"href":"https:\/\/alehandrogroup.al\/en\/wp-json\/wp\/v2\/product_cat?post=6344"},{"taxonomy":"product_tag","embeddable":true,"href":"https:\/\/alehandrogroup.al\/en\/wp-json\/wp\/v2\/product_tag?post=6344"}],"curies":[{"name":"wp","href":"https:\/\/api.w.org\/{rel}","templated":true}]}}