{"id":6328,"date":"2025-02-12T13:00:06","date_gmt":"2025-02-12T13:00:06","guid":{"rendered":"https:\/\/alehandrogroup.al\/?post_type=product&#038;p=6328"},"modified":"2025-12-24T11:24:37","modified_gmt":"2025-12-24T11:24:37","slug":"r-de-rieussec-stdav-ean-bordeaux-blanc-lafite-de-rothschild","status":"publish","type":"product","link":"https:\/\/alehandrogroup.al\/en\/product\/r-de-rieussec-stdav-ean-bordeaux-blanc-lafite-de-rothschild\/","title":{"rendered":"R DE RIEUSSEC STDAV EAN BORDEAUX BLANC &#8211; LAFITE DE ROTHSCHILD"},"content":{"rendered":"<h3><strong><em>P\u00ebrshkrimi i Ver\u00ebs: R DE RIEUSSEC STDAV EAN BORDEAUX BLANC &#8211; LAFITE DE ROTHSCHILD<\/em><\/strong><\/h3>\n<p><em><strong>Detaje t\u00eb Prodhimit:<\/strong><\/em><\/p>\n<p data-start=\"1620\" data-end=\"2058\"><strong data-start=\"0\" data-end=\"55\">R de Rieussec Bordeaux Blanc &#8211; Lafite de Rothschild<\/strong> \u00ebsht\u00eb nj\u00eb ver\u00eb e krijuar nga nj\u00eb kombinim i varieteteve t\u00eb rrushit t\u00eb bardh\u00eb tipike p\u00ebr rajonin Bordeaux, dhe \u00ebsht\u00eb prodhuar nga nj\u00eb nga prodhuesit m\u00eb t\u00eb njohur n\u00eb bot\u00eb, Lafite Rothschild. R de Rieussec Bordeaux Blanc p\u00ebrfshin nj\u00eb p\u00ebrzierje t\u00eb varieteteve t\u00eb njohura t\u00eb rrushit t\u00eb bardh\u00eb, kryesisht Sauvignon Blanc dhe S\u00e9millon. K\u00ebto dy varietete kontribuojn\u00eb me freski, aciditet dhe kompleksitet aromatik, dhe jan\u00eb tipike p\u00ebr ver\u00ebrat e Bardh\u00ebsis\u00eb Bord<\/p>\n<hr \/>\n<h3><strong><em>Karakteristikat<\/em><\/strong><\/h3>\n<ul>\n<li data-start=\"76\" data-end=\"314\"><strong data-start=\"76\" data-end=\"88\">Shikimi:<\/strong> R de Rieussec Bordeaux Blanc ka nj\u00eb ngjyr\u00eb t\u00eb past\u00ebr dhe t\u00eb ndritshme, me nuanca t\u00eb zbehta t\u00eb verdh\u00ebs s\u00eb leht\u00eb dhe ari t\u00eb art\u00eb. Ajo shfaq nj\u00eb shk\u00eblqim t\u00eb bukur, q\u00eb pasqyron freskin\u00eb dhe rafinimin e ver\u00ebs.<\/li>\n<li data-start=\"316\" data-end=\"647\"><strong data-start=\"316\" data-end=\"326\">Aroma:<\/strong> N\u00eb arom\u00eb, kjo ver\u00eb ofron nj\u00eb bukuri freskuese me nota t\u00eb agrumeve, si limon dhe pomelo, p\u00ebrzier\u00eb me aromat e frutave tropikal\u00eb, si ananas dhe manga. Duket gjithashtu ndjesia e sh\u00ebnimeve t\u00eb bluar\u00ebs s\u00eb luleve dhe shenjave t\u00eb buta t\u00eb drurit q\u00eb e pasurojn\u00eb arom\u00ebn e saj.<\/li>\n<li><strong data-start=\"649\" data-end=\"659\">Shija:<\/strong> R de Rieussec Bordeaux Blanc \u00ebsht\u00eb e fresk\u00ebt dhe ka aciditet t\u00eb balancuar, me trup t\u00eb leht\u00eb dhe nj\u00eb fund t\u00eb pasur q\u00eb e b\u00ebn t\u00eb k\u00ebndshme dhe t\u00eb k\u00ebnaqshme. Ky ekuilib\u00ebr e b\u00ebn t\u00eb p\u00ebrshtatshme p\u00ebr t\u00eb shoq\u00ebruar nj\u00eb shum\u00ebllojshm\u00ebri ushqimesh, duke p\u00ebrfshir\u00eb pjatat me fruta deti, sallata t\u00eb fresk\u00ebta dhe ushqime t\u00eb lehta.<\/li>\n<\/ul>\n<hr \/>\n<h3><em><strong>Shoq\u00ebrime t\u00eb Sugjeruara<\/strong><\/em><\/h3>\n<p><em>Kombinohet n\u00eb m\u00ebnyr\u00eb t\u00eb shk\u00eblqyer me:<\/em><\/p>\n<ul>\n<li><strong>Pasta<\/strong><\/li>\n<li><strong>Sushi<\/strong><\/li>\n<li><strong>Mishin e bardh\u00eb<\/strong><\/li>\n<li><strong>Rizotto<\/strong><\/li>\n<li><strong>Peshk dhe Fruta deti<\/strong><\/li>\n<\/ul>","protected":false},"excerpt":{"rendered":"<p>P\u00ebrshkrimi i Ver\u00ebs: R DE RIEUSSEC STDAV EAN BORDEAUX BLANC &#8211; LAFITE DE ROTHSCHILD Detaje t\u00eb Prodhimit: R de Rieussec Bordeaux Blanc &#8211; Lafite de Rothschild \u00ebsht\u00eb nj\u00eb ver\u00eb e krijuar nga nj\u00eb kombinim i varieteteve t\u00eb rrushit t\u00eb bardh\u00eb tipike p\u00ebr rajonin Bordeaux, dhe \u00ebsht\u00eb prodhuar nga nj\u00eb nga prodhuesit m\u00eb t\u00eb njohur n\u00eb [&hellip;]<\/p>\n","protected":false},"featured_media":7953,"template":"","meta":[],"product_brand":[],"product_cat":[58,41],"product_tag":[],"class_list":{"0":"post-6328","1":"product","2":"type-product","3":"status-publish","4":"has-post-thumbnail","6":"product_cat-vere","7":"product_cat-vere-e-bardhe","9":"first","10":"instock","11":"shipping-taxable","12":"purchasable","13":"product-type-simple"},"_links":{"self":[{"href":"https:\/\/alehandrogroup.al\/en\/wp-json\/wp\/v2\/product\/6328","targetHints":{"allow":["GET"]}}],"collection":[{"href":"https:\/\/alehandrogroup.al\/en\/wp-json\/wp\/v2\/product"}],"about":[{"href":"https:\/\/alehandrogroup.al\/en\/wp-json\/wp\/v2\/types\/product"}],"version-history":[{"count":1,"href":"https:\/\/alehandrogroup.al\/en\/wp-json\/wp\/v2\/product\/6328\/revisions"}],"predecessor-version":[{"id":7954,"href":"https:\/\/alehandrogroup.al\/en\/wp-json\/wp\/v2\/product\/6328\/revisions\/7954"}],"wp:featuredmedia":[{"embeddable":true,"href":"https:\/\/alehandrogroup.al\/en\/wp-json\/wp\/v2\/media\/7953"}],"wp:attachment":[{"href":"https:\/\/alehandrogroup.al\/en\/wp-json\/wp\/v2\/media?parent=6328"}],"wp:term":[{"taxonomy":"product_brand","embeddable":true,"href":"https:\/\/alehandrogroup.al\/en\/wp-json\/wp\/v2\/product_brand?post=6328"},{"taxonomy":"product_cat","embeddable":true,"href":"https:\/\/alehandrogroup.al\/en\/wp-json\/wp\/v2\/product_cat?post=6328"},{"taxonomy":"product_tag","embeddable":true,"href":"https:\/\/alehandrogroup.al\/en\/wp-json\/wp\/v2\/product_tag?post=6328"}],"curies":[{"name":"wp","href":"https:\/\/api.w.org\/{rel}","templated":true}]}}