{"id":6312,"date":"2025-02-12T08:36:38","date_gmt":"2025-02-12T08:36:38","guid":{"rendered":"https:\/\/alehandrogroup.al\/?post_type=product&#038;p=6312"},"modified":"2025-12-03T12:57:05","modified_gmt":"2025-12-03T12:57:05","slug":"gevrey-chambertin-1er-cru-petite-chapelle-louis-jadot","status":"publish","type":"product","link":"https:\/\/alehandrogroup.al\/en\/product\/gevrey-chambertin-1er-cru-petite-chapelle-louis-jadot\/","title":{"rendered":"GEVREY &#8211; CHAMBERTIN 1ER CRU PETITE CHAPELLE &#8211; LOUIS JADOT"},"content":{"rendered":"<h3><strong><em>P\u00ebrshkrimi i Ver\u00ebs: GEVREY &#8211; CHAMBERTIN 1ER CRU PETITE CHAPELLE &#8211; LOUIS JADOT<\/em><\/strong><\/h3>\n<p><em><strong>Detaje t\u00eb Prodhimit:<\/strong><\/em><\/p>\n<p>Gevrey-Chambertin 1er Cru &#8220;Petite Chapelle&#8221; nga Louis Jadot \u00ebsht\u00eb nj\u00eb ver\u00eb e jasht\u00ebzakonshme, q\u00eb vjen nga nj\u00eb prej premier cru-ve m\u00eb t\u00eb njohura t\u00eb Burgundis\u00eb. Em\u00ebrtimi &#8220;Petite Chapelle&#8221; i referohet nj\u00eb zone t\u00eb vog\u00ebl n\u00eb jug t\u00eb fshatit Gevrey-Chambertin, e njohur p\u00ebr tokat e saj t\u00eb pasura me argjil\u00eb dhe g\u00eblqeror, t\u00eb cilat i japin ver\u00ebs nj\u00eb struktur\u00eb t\u00eb fort\u00eb dhe eleganc\u00eb t\u00eb rafinuar. Ky \u00ebsht\u00eb nj\u00eb Pinot Noir klasik i Burgundis\u00eb, q\u00eb kombinon fines\u00ebn me fuqin\u00eb dhe nj\u00eb potencial t\u00eb lart\u00eb vjet\u00ebrsimi.<\/p>\n<hr \/>\n<h3><strong><em>Karakteristikat<\/em><\/strong><\/h3>\n<ul>\n<li><strong>Ngjyra<\/strong>: Ngjyr\u00eb e kuqe rubin e thell\u00eb me reflektime t\u00eb purpurta, q\u00eb sugjeron nj\u00eb struktur\u00eb t\u00eb pasur dhe jet\u00ebgjat\u00ebsi t\u00eb madhe.<\/li>\n<li><strong>Aroma<\/strong>: Aroma \u00ebsht\u00eb komplekse dhe e thell\u00eb, me nota t\u00eb frutave t\u00eb kuqe t\u00eb pjekura si qershia, manaferra dhe mjedra, t\u00eb nd\u00ebrthurura me er\u00ebza t\u00eb lehta, lule vjollce dhe nuanca minerale. Gjithashtu, ndihen aroma t\u00eb tok\u00ebs s\u00eb lag\u00ebsht, gjetheve t\u00eb vjesht\u00ebs dhe nj\u00eb prekje e delikate e vaniljes dhe drurit t\u00eb pjekur nga maturimi n\u00eb fu\u00e7i lisi francez.<\/li>\n<li><strong>Shija<\/strong>: Esht\u00eb elegante dhe e fuqishme nj\u00ebkoh\u00ebsisht, me nj\u00eb ekuilib\u00ebr perfekt midis aciditetit t\u00eb fresk\u00ebt dhe taninave t\u00eb buta por t\u00eb pranishme. Shijen e hapin frutat e kuqe dhe t\u00eb zeza t\u00eb pjekura, t\u00eb pasuara nga nota t\u00eb er\u00ebzave t\u00eb lehta, t\u00eb tok\u00ebs dhe minerale. Fundi \u00ebsht\u00eb i gjat\u00eb, i q\u00ebndruesh\u00ebm dhe kompleks, me nj\u00eb ndjesi kadifeje n\u00eb qiellz\u00eb.<\/li>\n<\/ul>\n<hr \/>\n<h3><em><strong>Shoq\u00ebrime t\u00eb Sugjeruara<\/strong><\/em><\/h3>\n<p><em>Kombinohet n\u00eb m\u00ebnyr\u00eb t\u00eb shk\u00eblqyer me:<\/em><\/p>\n<ul>\n<li><strong>Pasta<\/strong><\/li>\n<li><strong>Rizotto<\/strong><\/li>\n<li><strong><span class=\"selectable-text copyable-text false\">Djath\u00eb i Stazhonuar<\/span><\/strong><\/li>\n<li><b>Mish te kuqe<\/b><\/li>\n<\/ul>","protected":false},"excerpt":{"rendered":"<p>P\u00ebrshkrimi i Ver\u00ebs: GEVREY &#8211; CHAMBERTIN 1ER CRU PETITE CHAPELLE &#8211; LOUIS JADOT Detaje t\u00eb Prodhimit: Gevrey-Chambertin 1er Cru &#8220;Petite Chapelle&#8221; nga Louis Jadot \u00ebsht\u00eb nj\u00eb ver\u00eb e jasht\u00ebzakonshme, q\u00eb vjen nga nj\u00eb prej premier cru-ve m\u00eb t\u00eb njohura t\u00eb Burgundis\u00eb. Em\u00ebrtimi &#8220;Petite Chapelle&#8221; i referohet nj\u00eb zone t\u00eb vog\u00ebl n\u00eb jug t\u00eb fshatit Gevrey-Chambertin, [&hellip;]<\/p>\n","protected":false},"featured_media":7785,"template":"","meta":[],"product_brand":[],"product_cat":[58,46],"product_tag":[],"class_list":{"0":"post-6312","1":"product","2":"type-product","3":"status-publish","4":"has-post-thumbnail","6":"product_cat-vere","7":"product_cat-vere-e-kuqe","9":"first","10":"instock","11":"shipping-taxable","12":"purchasable","13":"product-type-simple"},"_links":{"self":[{"href":"https:\/\/alehandrogroup.al\/en\/wp-json\/wp\/v2\/product\/6312","targetHints":{"allow":["GET"]}}],"collection":[{"href":"https:\/\/alehandrogroup.al\/en\/wp-json\/wp\/v2\/product"}],"about":[{"href":"https:\/\/alehandrogroup.al\/en\/wp-json\/wp\/v2\/types\/product"}],"version-history":[{"count":1,"href":"https:\/\/alehandrogroup.al\/en\/wp-json\/wp\/v2\/product\/6312\/revisions"}],"predecessor-version":[{"id":7786,"href":"https:\/\/alehandrogroup.al\/en\/wp-json\/wp\/v2\/product\/6312\/revisions\/7786"}],"wp:featuredmedia":[{"embeddable":true,"href":"https:\/\/alehandrogroup.al\/en\/wp-json\/wp\/v2\/media\/7785"}],"wp:attachment":[{"href":"https:\/\/alehandrogroup.al\/en\/wp-json\/wp\/v2\/media?parent=6312"}],"wp:term":[{"taxonomy":"product_brand","embeddable":true,"href":"https:\/\/alehandrogroup.al\/en\/wp-json\/wp\/v2\/product_brand?post=6312"},{"taxonomy":"product_cat","embeddable":true,"href":"https:\/\/alehandrogroup.al\/en\/wp-json\/wp\/v2\/product_cat?post=6312"},{"taxonomy":"product_tag","embeddable":true,"href":"https:\/\/alehandrogroup.al\/en\/wp-json\/wp\/v2\/product_tag?post=6312"}],"curies":[{"name":"wp","href":"https:\/\/api.w.org\/{rel}","templated":true}]}}