{"id":6310,"date":"2025-02-12T08:32:01","date_gmt":"2025-02-12T08:32:01","guid":{"rendered":"https:\/\/alehandrogroup.al\/?post_type=product&#038;p=6310"},"modified":"2025-11-24T14:48:16","modified_gmt":"2025-11-24T14:48:16","slug":"chablis-preuses-louis-jadot","status":"publish","type":"product","link":"https:\/\/alehandrogroup.al\/en\/product\/chablis-preuses-louis-jadot\/","title":{"rendered":"CHABLIS PREUSES &#8211; LOUIS JADOT"},"content":{"rendered":"<h3><strong><em>P\u00ebrshkrimi i Ver\u00ebs: CHABLIS PREUSES &#8211; LOUIS JADOT<\/em><\/strong><\/h3>\n<p><em><strong>Detaje t\u00eb Prodhimit:<\/strong><\/em><\/p>\n<p>Chablis Grand Cru &#8220;Preuses&#8221; nga Louis Jadot \u00ebsht\u00eb nj\u00eb ver\u00eb elegante dhe e rafinuar, q\u00eb p\u00ebrfaq\u00ebson m\u00eb s\u00eb miri tiparin e rajonit t\u00eb Chablis. Ky Grand Cru vjen nga nj\u00eb prej parcelave m\u00eb prestigjioze t\u00eb zon\u00ebs, e njohur p\u00ebr tok\u00ebn e saj t\u00eb pasur me g\u00eblqeror dhe balte Kimmeridgiane, e cila i jep ver\u00ebs nj\u00eb shprehje t\u00eb thell\u00eb minerale dhe kompleksitet t\u00eb jasht\u00ebzakonsh\u00ebm.<\/p>\n<hr \/>\n<h3><strong><em>Karakteristikat<\/em><\/strong><\/h3>\n<ul>\n<li><strong>Ngjyra<\/strong>: Nj\u00eb ver\u00eb me ngjyr\u00eb t\u00eb verdh\u00eb t\u00eb art\u00eb t\u00eb ndezur, me reflektime t\u00eb lehta t\u00eb gjelbra, duke treguar freskin\u00eb dhe past\u00ebrtin\u00eb e saj.<\/li>\n<li><strong>Aroma<\/strong>: Arom\u00eb e nd\u00ebrlikuar dhe e pasur, me nota agrumesh si limoni dhe grejpfruti, t\u00eb nd\u00ebrthurura me nuanca t\u00eb moll\u00ebs s\u00eb gjelb\u00ebr dhe dardh\u00ebs. Preken gjithashtu aroma minerale t\u00eb theksuara, me nj\u00eb prani t\u00eb leht\u00eb t\u00eb shenjave t\u00eb gjalpit dhe bajameve t\u00eb pjekura, q\u00eb vijn\u00eb nga maturimi i kujdessh\u00ebm.<\/li>\n<li><strong>Shija<\/strong>: Shije e fuqishme dhe e rafinuar, me nj\u00eb ekuilib\u00ebr t\u00eb p\u00ebrsosur midis freskis\u00eb dhe struktur\u00ebs. Aciditeti i gjall\u00eb i jep nj\u00eb karakter t\u00eb fresk\u00ebt dhe energjik, nd\u00ebrsa nuancat minerale e b\u00ebjn\u00eb t\u00eb gjat\u00eb dhe t\u00eb sofistikuar n\u00eb fund. Nj\u00eb tekstur\u00eb elegante dhe komplekse, me nj\u00eb potencial t\u00eb madh t\u00eb vjet\u00ebrsimit.<\/li>\n<\/ul>\n<hr \/>\n<h3><em><strong>Shoq\u00ebrime t\u00eb Sugjeruara<\/strong><\/em><\/h3>\n<p><em>Kombinohet n\u00eb m\u00ebnyr\u00eb t\u00eb shk\u00eblqyer me:<\/em><\/p>\n<ul>\n<li><strong>Pasta<\/strong><\/li>\n<li><strong>Pjatat me mish t\u00eb bardh\u00eb<\/strong><\/li>\n<li><strong>Fruta deti<\/strong><\/li>\n<li><strong>Sushi<\/strong><\/li>\n<\/ul>","protected":false},"excerpt":{"rendered":"<p>P\u00ebrshkrimi i Ver\u00ebs: CHABLIS PREUSES &#8211; LOUIS JADOT Detaje t\u00eb Prodhimit: Chablis Grand Cru &#8220;Preuses&#8221; nga Louis Jadot \u00ebsht\u00eb nj\u00eb ver\u00eb elegante dhe e rafinuar, q\u00eb p\u00ebrfaq\u00ebson m\u00eb s\u00eb miri tiparin e rajonit t\u00eb Chablis. Ky Grand Cru vjen nga nj\u00eb prej parcelave m\u00eb prestigjioze t\u00eb zon\u00ebs, e njohur p\u00ebr tok\u00ebn e saj t\u00eb pasur [&hellip;]<\/p>\n","protected":false},"featured_media":7681,"template":"","meta":[],"product_brand":[],"product_cat":[58,41],"product_tag":[],"class_list":{"0":"post-6310","1":"product","2":"type-product","3":"status-publish","4":"has-post-thumbnail","6":"product_cat-vere","7":"product_cat-vere-e-bardhe","9":"first","10":"instock","11":"shipping-taxable","12":"purchasable","13":"product-type-simple"},"_links":{"self":[{"href":"https:\/\/alehandrogroup.al\/en\/wp-json\/wp\/v2\/product\/6310","targetHints":{"allow":["GET"]}}],"collection":[{"href":"https:\/\/alehandrogroup.al\/en\/wp-json\/wp\/v2\/product"}],"about":[{"href":"https:\/\/alehandrogroup.al\/en\/wp-json\/wp\/v2\/types\/product"}],"version-history":[{"count":1,"href":"https:\/\/alehandrogroup.al\/en\/wp-json\/wp\/v2\/product\/6310\/revisions"}],"predecessor-version":[{"id":7682,"href":"https:\/\/alehandrogroup.al\/en\/wp-json\/wp\/v2\/product\/6310\/revisions\/7682"}],"wp:featuredmedia":[{"embeddable":true,"href":"https:\/\/alehandrogroup.al\/en\/wp-json\/wp\/v2\/media\/7681"}],"wp:attachment":[{"href":"https:\/\/alehandrogroup.al\/en\/wp-json\/wp\/v2\/media?parent=6310"}],"wp:term":[{"taxonomy":"product_brand","embeddable":true,"href":"https:\/\/alehandrogroup.al\/en\/wp-json\/wp\/v2\/product_brand?post=6310"},{"taxonomy":"product_cat","embeddable":true,"href":"https:\/\/alehandrogroup.al\/en\/wp-json\/wp\/v2\/product_cat?post=6310"},{"taxonomy":"product_tag","embeddable":true,"href":"https:\/\/alehandrogroup.al\/en\/wp-json\/wp\/v2\/product_tag?post=6310"}],"curies":[{"name":"wp","href":"https:\/\/api.w.org\/{rel}","templated":true}]}}