{"id":6308,"date":"2025-02-11T14:32:22","date_gmt":"2025-02-11T14:32:22","guid":{"rendered":"https:\/\/alehandrogroup.al\/?post_type=product&#038;p=6308"},"modified":"2025-11-21T21:20:34","modified_gmt":"2025-11-21T21:20:34","slug":"beaune-1er-cru-boucherottes-louis-jadot","status":"publish","type":"product","link":"https:\/\/alehandrogroup.al\/en\/product\/beaune-1er-cru-boucherottes-louis-jadot\/","title":{"rendered":"BEAUNE 1ER CRU BOUCHEROTTES &#8211; LOUIS JADOT"},"content":{"rendered":"<h3><strong><em>P\u00ebrshkrimi i Ver\u00ebs: BEAUNE 1ER CRU BOUCHEROTTES &#8211; LOUIS JADOT<\/em><\/strong><\/h3>\n<p><em><strong>Detaje t\u00eb Prodhimit:<\/strong><\/em><\/p>\n<p><strong>Beaune 1er Cru Boucherottes<\/strong> \u00ebsht\u00eb nj\u00eb ver\u00eb e njohur dhe e respektuar nga <strong>Louis Jadot<\/strong>, nj\u00eb prodhues i njohur n\u00eb rajonin e <strong>Burgundy<\/strong>, Franc\u00eb. Ky ver\u00eb \u00ebsht\u00eb pjes\u00eb e koleksionit t\u00eb <strong>Beaune Premier Cru<\/strong>, nj\u00eb nga zonat m\u00eb t\u00eb njohura p\u00ebr prodhimin e ver\u00ebrave me cil\u00ebsi t\u00eb lart\u00eb n\u00eb k\u00ebt\u00eb rajon. <strong>Boucherottes<\/strong> \u00ebsht\u00eb nj\u00eb nga <strong>Climats<\/strong> (karakteristikat e tok\u00ebs) m\u00eb t\u00eb famshme dhe t\u00eb k\u00ebrkuara n\u00eb Beaune dhe ofron nj\u00eb ver\u00eb me kompleksitet dhe eleganc\u00eb t\u00eb jasht\u00ebzakonshme.<\/p>\n<hr \/>\n<h3><strong><em>Karakteristikat<\/em><\/strong><\/h3>\n<ul>\n<li><strong>Ngjyra<\/strong>: Ky <strong>Pinot Noir<\/strong> ka nj\u00eb ngjyr\u00eb t\u00eb thell\u00eb rubini, t\u00eb ndritshme, me nuanca t\u00eb kuqe t\u00eb err\u00ebta. E qart\u00eb dhe e pastruar, q\u00eb reflekton cil\u00ebsin\u00eb e lart\u00eb dhe maturimin e ver\u00ebs.<\/li>\n<li><strong>Aroma<\/strong>: Aroma \u00ebsht\u00eb komplekse dhe shum\u00ebdimensional, me nuanca t\u00eb frutave t\u00eb kuqe t\u00eb pjekura si qershi, kasis dhe boronica, t\u00eb pasuruara me nota t\u00eb buta t\u00eb luleshtr\u00ebs dhe barishteve t\u00eb pyllit. Ka gjithashtu nj\u00eb ndjesi t\u00eb ngroht\u00eb dhe t\u00eb pasur me nuanca t\u00eb drurit t\u00eb but\u00eb dhe shenja t\u00eb balzamave t\u00eb holla, q\u00eb reflektojn\u00eb procesin e maturimit n\u00eb dru.<\/li>\n<li><strong>Shija<\/strong>: Shija \u00ebsht\u00eb e but\u00eb dhe elegante, me trup t\u00eb plot\u00eb dhe aciditet t\u00eb balancuar. T\u00eb dh\u00ebnat e frutave t\u00eb kuqe t\u00eb fresk\u00ebta dhe t\u00eb pjekura jan\u00eb t\u00eb shoq\u00ebruara me taninet e rafinuara, q\u00eb i japin ver\u00ebs nj\u00eb struktur\u00eb t\u00eb fort\u00eb dhe t\u00eb harmonizuar. Fundi \u00ebsht\u00eb i gjat\u00eb, i but\u00eb dhe me nuanca t\u00eb pasura t\u00eb drurit dhe t\u00eb er\u00ebzave, q\u00eb i japin nj\u00eb p\u00ebrfundim t\u00eb k\u00ebndsh\u00ebm dhe t\u00eb p\u00ebrsosur. Fundi \u00ebsht\u00eb i gjat\u00eb dhe i ngroht\u00eb, me nj\u00eb pasth\u00ebnie elegante t\u00eb luleshtr\u00ebs dhe nj\u00eb nuanc\u00eb minerale q\u00eb reflekton karakteristikat e tok\u00ebs.<\/li>\n<\/ul>\n<hr \/>\n<h3><em><strong>Shoq\u00ebrime t\u00eb Sugjeruara<\/strong><\/em><\/h3>\n<p><em>Kombinohet n\u00eb m\u00ebnyr\u00eb t\u00eb shk\u00eblqyer me:<\/em><\/p>\n<ul>\n<li><strong>Pasta<\/strong><\/li>\n<li><strong><span class=\"selectable-text copyable-text false\">Djath\u00eb i Stazhonuar<\/span><\/strong><\/li>\n<li><b>Mish te kuqe<\/b><\/li>\n<\/ul>","protected":false},"excerpt":{"rendered":"<p>P\u00ebrshkrimi i Ver\u00ebs: BEAUNE 1ER CRU BOUCHEROTTES &#8211; LOUIS JADOT Detaje t\u00eb Prodhimit: Beaune 1er Cru Boucherottes \u00ebsht\u00eb nj\u00eb ver\u00eb e njohur dhe e respektuar nga Louis Jadot, nj\u00eb prodhues i njohur n\u00eb rajonin e Burgundy, Franc\u00eb. Ky ver\u00eb \u00ebsht\u00eb pjes\u00eb e koleksionit t\u00eb Beaune Premier Cru, nj\u00eb nga zonat m\u00eb t\u00eb njohura p\u00ebr prodhimin [&hellip;]<\/p>\n","protected":false},"featured_media":7520,"template":"","meta":[],"product_brand":[],"product_cat":[58,46],"product_tag":[],"class_list":{"0":"post-6308","1":"product","2":"type-product","3":"status-publish","4":"has-post-thumbnail","6":"product_cat-vere","7":"product_cat-vere-e-kuqe","9":"first","10":"instock","11":"shipping-taxable","12":"purchasable","13":"product-type-simple"},"_links":{"self":[{"href":"https:\/\/alehandrogroup.al\/en\/wp-json\/wp\/v2\/product\/6308","targetHints":{"allow":["GET"]}}],"collection":[{"href":"https:\/\/alehandrogroup.al\/en\/wp-json\/wp\/v2\/product"}],"about":[{"href":"https:\/\/alehandrogroup.al\/en\/wp-json\/wp\/v2\/types\/product"}],"version-history":[{"count":1,"href":"https:\/\/alehandrogroup.al\/en\/wp-json\/wp\/v2\/product\/6308\/revisions"}],"predecessor-version":[{"id":7521,"href":"https:\/\/alehandrogroup.al\/en\/wp-json\/wp\/v2\/product\/6308\/revisions\/7521"}],"wp:featuredmedia":[{"embeddable":true,"href":"https:\/\/alehandrogroup.al\/en\/wp-json\/wp\/v2\/media\/7520"}],"wp:attachment":[{"href":"https:\/\/alehandrogroup.al\/en\/wp-json\/wp\/v2\/media?parent=6308"}],"wp:term":[{"taxonomy":"product_brand","embeddable":true,"href":"https:\/\/alehandrogroup.al\/en\/wp-json\/wp\/v2\/product_brand?post=6308"},{"taxonomy":"product_cat","embeddable":true,"href":"https:\/\/alehandrogroup.al\/en\/wp-json\/wp\/v2\/product_cat?post=6308"},{"taxonomy":"product_tag","embeddable":true,"href":"https:\/\/alehandrogroup.al\/en\/wp-json\/wp\/v2\/product_tag?post=6308"}],"curies":[{"name":"wp","href":"https:\/\/api.w.org\/{rel}","templated":true}]}}