{"id":6306,"date":"2025-02-11T14:24:49","date_gmt":"2025-02-11T14:24:49","guid":{"rendered":"https:\/\/alehandrogroup.al\/?post_type=product&#038;p=6306"},"modified":"2025-11-24T14:05:07","modified_gmt":"2025-11-24T14:05:07","slug":"chablis-cru-fourchaume-louis-jadot","status":"publish","type":"product","link":"https:\/\/alehandrogroup.al\/en\/product\/chablis-cru-fourchaume-louis-jadot\/","title":{"rendered":"CHABLIS CRU FOURCHAUME &#8211; LOUIS JADOT"},"content":{"rendered":"<h3><strong><em>P\u00ebrshkrimi i Ver\u00ebs: CHABLIS CRU FOURCHAUME &#8211; LOUIS JADOT<\/em><\/strong><\/h3>\n<p><em><strong>Detaje t\u00eb Prodhimit:<\/strong><\/em><\/p>\n<p><strong>Chablis Cru Fourchaume<\/strong> \u00ebsht\u00eb nj\u00eb ver\u00eb e njohur dhe e ve\u00e7ant\u00eb nga rajoni i <strong>Chablis<\/strong> n\u00eb <strong>Burgundy<\/strong>, Franc\u00eb, prodhuar nga <strong>Louis Jadot<\/strong>, nj\u00eb nga prodhuesit m\u00eb t\u00eb njohur t\u00eb ver\u00ebrave t\u00eb k\u00ebtij rajoni. Ky <strong>Chablis<\/strong> \u00ebsht\u00eb nj\u00eb shembull i shk\u00eblqyer i karakteristikave unike t\u00eb tok\u00ebs dhe klim\u00ebs s\u00eb k\u00ebtij rajoni, q\u00eb shquhet p\u00ebr ver\u00ebrat e tij t\u00eb bardha t\u00eb prodhuara nga <strong>Chardonnay<\/strong>. Ky <strong>Cru Fourchaume<\/strong> \u00ebsht\u00eb nj\u00eb ver\u00eb e nivelit t\u00eb lart\u00eb, e karakterizuar nga kompleksiteti dhe eleganca.<\/p>\n<hr \/>\n<h3><strong><em>Karakteristikat<\/em><\/strong><\/h3>\n<ul>\n<li><strong>Ngjyra<\/strong>: Ngjyr\u00eb e verdh\u00eb me nuanca t\u00eb arta dhe shk\u00eblqim t\u00eb ndritsh\u00ebm, q\u00eb pasqyron freskin\u00eb dhe bukurin\u00eb e ver\u00ebs. Pamja \u00ebsht\u00eb e qart\u00eb dhe e pastruar, duke treguar cil\u00ebsin\u00eb e lart\u00eb t\u00eb k\u00ebtij Chablis.<\/li>\n<li><strong>Aroma<\/strong>: Aroma \u00ebsht\u00eb e pasur dhe e kompletuar, me nuanca t\u00eb frutave t\u00eb bardha si moll\u00eb dhe dardha, t\u00eb shoq\u00ebruara me nota t\u00eb pastra minerale dhe nj\u00eb shenj\u00eb t\u00eb leht\u00eb t\u00eb limonit. Ka gjithashtu aroma t\u00eb buta t\u00eb mjaltit dhe disa nuanca t\u00eb pap\u00ebrmbajtura t\u00eb er\u00ebzave t\u00eb bardha, q\u00eb e pasurojn\u00eb m\u00eb tej kompleksitetin aromatik t\u00eb ver\u00ebs.<\/li>\n<li><strong>Shija<\/strong>: N\u00eb qiellz\u00eb, ky Chablis \u00ebsht\u00eb i fresk\u00ebt dhe i balancuar, me nj\u00eb aciditet t\u00eb bukur q\u00eb e b\u00ebn t\u00eb ndjesh\u00ebm dhe t\u00eb qart\u00eb. Trupi \u00ebsht\u00eb i mes\u00ebm dhe i rafinuar, nd\u00ebrsa shija \u00ebsht\u00eb e pasur dhe harmonike, me nj\u00eb kombinim t\u00eb frutave t\u00eb bardha dhe nj\u00eb fund mineral q\u00eb pasqyron natyr\u00ebn e tok\u00ebs s\u00eb <strong>Chablis<\/strong>. Fundi \u00ebsht\u00eb i gjat\u00eb dhe i that\u00eb, me nj\u00eb pasth\u00ebnie t\u00eb pasur dhe nj\u00eb nuanc\u00eb minerale q\u00eb jep nj\u00eb p\u00ebrfundim t\u00eb fresk\u00ebt dhe t\u00eb k\u00ebndsh\u00ebm.<\/li>\n<\/ul>\n<hr \/>\n<h3><em><strong>Shoq\u00ebrime t\u00eb Sugjeruara<\/strong><\/em><\/h3>\n<p><em>Kombinohet n\u00eb m\u00ebnyr\u00eb t\u00eb shk\u00eblqyer me:<\/em><\/p>\n<ul>\n<li><strong>Pasta<\/strong><\/li>\n<li><strong>Pjatat me mish t\u00eb bardh\u00eb<\/strong><\/li>\n<li><strong><span class=\"selectable-text copyable-text false\">Djath\u00eb te bute<\/span><\/strong><\/li>\n<li><strong>Fruta deti<\/strong><\/li>\n<li><strong>Sushi<\/strong><\/li>\n<\/ul>","protected":false},"excerpt":{"rendered":"<p>P\u00ebrshkrimi i Ver\u00ebs: CHABLIS CRU FOURCHAUME &#8211; LOUIS JADOT Detaje t\u00eb Prodhimit: Chablis Cru Fourchaume \u00ebsht\u00eb nj\u00eb ver\u00eb e njohur dhe e ve\u00e7ant\u00eb nga rajoni i Chablis n\u00eb Burgundy, Franc\u00eb, prodhuar nga Louis Jadot, nj\u00eb nga prodhuesit m\u00eb t\u00eb njohur t\u00eb ver\u00ebrave t\u00eb k\u00ebtij rajoni. Ky Chablis \u00ebsht\u00eb nj\u00eb shembull i shk\u00eblqyer i karakteristikave unike [&hellip;]<\/p>\n","protected":false},"featured_media":7671,"template":"","meta":[],"product_brand":[],"product_cat":[58,41],"product_tag":[],"class_list":{"0":"post-6306","1":"product","2":"type-product","3":"status-publish","4":"has-post-thumbnail","6":"product_cat-vere","7":"product_cat-vere-e-bardhe","9":"first","10":"instock","11":"shipping-taxable","12":"purchasable","13":"product-type-simple"},"_links":{"self":[{"href":"https:\/\/alehandrogroup.al\/en\/wp-json\/wp\/v2\/product\/6306","targetHints":{"allow":["GET"]}}],"collection":[{"href":"https:\/\/alehandrogroup.al\/en\/wp-json\/wp\/v2\/product"}],"about":[{"href":"https:\/\/alehandrogroup.al\/en\/wp-json\/wp\/v2\/types\/product"}],"version-history":[{"count":1,"href":"https:\/\/alehandrogroup.al\/en\/wp-json\/wp\/v2\/product\/6306\/revisions"}],"predecessor-version":[{"id":7672,"href":"https:\/\/alehandrogroup.al\/en\/wp-json\/wp\/v2\/product\/6306\/revisions\/7672"}],"wp:featuredmedia":[{"embeddable":true,"href":"https:\/\/alehandrogroup.al\/en\/wp-json\/wp\/v2\/media\/7671"}],"wp:attachment":[{"href":"https:\/\/alehandrogroup.al\/en\/wp-json\/wp\/v2\/media?parent=6306"}],"wp:term":[{"taxonomy":"product_brand","embeddable":true,"href":"https:\/\/alehandrogroup.al\/en\/wp-json\/wp\/v2\/product_brand?post=6306"},{"taxonomy":"product_cat","embeddable":true,"href":"https:\/\/alehandrogroup.al\/en\/wp-json\/wp\/v2\/product_cat?post=6306"},{"taxonomy":"product_tag","embeddable":true,"href":"https:\/\/alehandrogroup.al\/en\/wp-json\/wp\/v2\/product_tag?post=6306"}],"curies":[{"name":"wp","href":"https:\/\/api.w.org\/{rel}","templated":true}]}}