{"id":6302,"date":"2025-02-11T14:20:49","date_gmt":"2025-02-11T14:20:49","guid":{"rendered":"https:\/\/alehandrogroup.al\/?post_type=product&#038;p=6302"},"modified":"2025-11-24T13:43:02","modified_gmt":"2025-11-24T13:43:02","slug":"bourgogne-pinot-noir-louis-jadot","status":"publish","type":"product","link":"https:\/\/alehandrogroup.al\/en\/product\/bourgogne-pinot-noir-louis-jadot\/","title":{"rendered":"BOURGOGNE PINOT NOIR &#8211; LOUIS JADOT"},"content":{"rendered":"<h3><strong><em>P\u00ebrshkrimi i Ver\u00ebs: BOURGOGNE PINOT NOIR &#8211; LOUIS JADOT<\/em><\/strong><\/h3>\n<p><em><strong>Detaje t\u00eb Prodhimit:<\/strong><\/em><\/p>\n<p><strong>Bourgogne Pinot Noir<\/strong> nga <strong>Louis Jadot<\/strong> \u00ebsht\u00eb nj\u00eb ver\u00eb e njohur dhe e rafinuar q\u00eb reflekton stilin e klasik t\u00eb ver\u00ebrave nga rajoni i <strong>Burgundy<\/strong>, nj\u00eb nga zonat m\u00eb t\u00eb njohura n\u00eb bot\u00eb p\u00ebr prodhimin e ver\u00ebrave t\u00eb kuqe t\u00eb b\u00ebra nga <strong>Pinot Noir<\/strong>. Ky Pinot Noir \u00ebsht\u00eb nj\u00eb shembull i shk\u00eblqyer i kompleksitetit dhe eleganc\u00ebs q\u00eb mund t\u00eb ofroj\u00eb ky varietet.<\/p>\n<hr \/>\n<h3><strong><em>Karakteristikat<\/em><\/strong><\/h3>\n<ul>\n<li><strong>Ngjyra<\/strong>: Ngjyr\u00eb e kuqe e hapur, me nuanca t\u00eb kuqe t\u00eb err\u00ebta dhe burgundi, q\u00eb tregon rinovimin dhe cil\u00ebsin\u00eb e ver\u00ebs.<\/li>\n<li><strong>Aroma<\/strong>: Aroma \u00ebsht\u00eb e pasur dhe e kompletuar, me nota t\u00eb frutave t\u00eb kuqe si qershi, luleshtrydhe dhe boronica, t\u00eb shoq\u00ebruara me nuanca t\u00eb buta druri dhe disa shenja t\u00eb speck dhe vanilje. Ka gjithashtu aroma t\u00eb lehta t\u00eb er\u00ebzave dhe nj\u00eb element t\u00eb ajrit t\u00eb fresk\u00ebt q\u00eb pasqyron terrenin e Burgundy.<\/li>\n<li><strong>Shija<\/strong>: N\u00eb qiellz\u00eb, kjo ver\u00eb \u00ebsht\u00eb e balancuar, me trup t\u00eb mes\u00ebm dhe nj\u00eb aciditet t\u00eb bukur q\u00eb e b\u00ebn t\u00eb fresk\u00ebt dhe t\u00eb qart\u00eb. Shija \u00ebsht\u00eb komplekse, me frutat e kuqe q\u00eb bashkohen me shenja t\u00eb \u00ebmbla t\u00eb vaniljes dhe drurit, dhe nj\u00eb fund t\u00eb but\u00eb dhe harmonik. Fundi \u00ebsht\u00eb i gjat\u00eb, me nj\u00eb pasth\u00ebnie t\u00eb frutave t\u00eb kuqe dhe nj\u00eb n\u00ebnshkrim t\u00eb \u00ebmb\u00ebl t\u00eb drurit dhe vaniljes q\u00eb e b\u00ebn shijen t\u00eb k\u00ebndshme dhe t\u00eb mbajtur p\u00ebr nj\u00eb koh\u00eb t\u00eb gjat\u00eb.<\/li>\n<\/ul>\n<hr \/>\n<h3><em><strong>Shoq\u00ebrime t\u00eb Sugjeruara<\/strong><\/em><\/h3>\n<p><em>Kombinohet n\u00eb m\u00ebnyr\u00eb t\u00eb shk\u00eblqyer me:<\/em><\/p>\n<ul>\n<li><strong>Pasta<\/strong><\/li>\n<li><strong>Mish te bardhe<\/strong><\/li>\n<li><strong>Perime t\u00eb zgare<\/strong><\/li>\n<li><strong><span class=\"selectable-text copyable-text false\">Djath\u00eb te bute<\/span><\/strong><\/li>\n<li><b>Mish te kuqe<\/b><\/li>\n<\/ul>","protected":false},"excerpt":{"rendered":"<p>P\u00ebrshkrimi i Ver\u00ebs: BOURGOGNE PINOT NOIR &#8211; LOUIS JADOT Detaje t\u00eb Prodhimit: Bourgogne Pinot Noir nga Louis Jadot \u00ebsht\u00eb nj\u00eb ver\u00eb e njohur dhe e rafinuar q\u00eb reflekton stilin e klasik t\u00eb ver\u00ebrave nga rajoni i Burgundy, nj\u00eb nga zonat m\u00eb t\u00eb njohura n\u00eb bot\u00eb p\u00ebr prodhimin e ver\u00ebrave t\u00eb kuqe t\u00eb b\u00ebra nga Pinot [&hellip;]<\/p>\n","protected":false},"featured_media":7663,"template":"","meta":[],"product_brand":[],"product_cat":[58,46],"product_tag":[],"class_list":{"0":"post-6302","1":"product","2":"type-product","3":"status-publish","4":"has-post-thumbnail","6":"product_cat-vere","7":"product_cat-vere-e-kuqe","9":"first","10":"instock","11":"shipping-taxable","12":"purchasable","13":"product-type-simple"},"_links":{"self":[{"href":"https:\/\/alehandrogroup.al\/en\/wp-json\/wp\/v2\/product\/6302","targetHints":{"allow":["GET"]}}],"collection":[{"href":"https:\/\/alehandrogroup.al\/en\/wp-json\/wp\/v2\/product"}],"about":[{"href":"https:\/\/alehandrogroup.al\/en\/wp-json\/wp\/v2\/types\/product"}],"version-history":[{"count":1,"href":"https:\/\/alehandrogroup.al\/en\/wp-json\/wp\/v2\/product\/6302\/revisions"}],"predecessor-version":[{"id":7664,"href":"https:\/\/alehandrogroup.al\/en\/wp-json\/wp\/v2\/product\/6302\/revisions\/7664"}],"wp:featuredmedia":[{"embeddable":true,"href":"https:\/\/alehandrogroup.al\/en\/wp-json\/wp\/v2\/media\/7663"}],"wp:attachment":[{"href":"https:\/\/alehandrogroup.al\/en\/wp-json\/wp\/v2\/media?parent=6302"}],"wp:term":[{"taxonomy":"product_brand","embeddable":true,"href":"https:\/\/alehandrogroup.al\/en\/wp-json\/wp\/v2\/product_brand?post=6302"},{"taxonomy":"product_cat","embeddable":true,"href":"https:\/\/alehandrogroup.al\/en\/wp-json\/wp\/v2\/product_cat?post=6302"},{"taxonomy":"product_tag","embeddable":true,"href":"https:\/\/alehandrogroup.al\/en\/wp-json\/wp\/v2\/product_tag?post=6302"}],"curies":[{"name":"wp","href":"https:\/\/api.w.org\/{rel}","templated":true}]}}