{"id":6300,"date":"2025-02-11T14:17:56","date_gmt":"2025-02-11T14:17:56","guid":{"rendered":"https:\/\/alehandrogroup.al\/?post_type=product&#038;p=6300"},"modified":"2025-11-21T21:54:54","modified_gmt":"2025-11-21T21:54:54","slug":"chablis-louis-jadot","status":"publish","type":"product","link":"https:\/\/alehandrogroup.al\/en\/product\/chablis-louis-jadot\/","title":{"rendered":"CHABLIS &#8211; LOUIS JADOT"},"content":{"rendered":"<h3><strong><em>P\u00ebrshkrimi i Ver\u00ebs: CHABLIS &#8211; LOUIS JADOT<\/em><\/strong><\/h3>\n<p><em><strong>Detaje t\u00eb Prodhimit:<\/strong><\/em><\/p>\n<p><strong>Chablis<\/strong> i <strong>Louis Jadot<\/strong> \u00ebsht\u00eb nj\u00eb ver\u00eb e njohur p\u00ebr pasurin\u00eb e shijeve dhe kompleksitetin e tij. Ky <strong>Chablis<\/strong> \u00ebsht\u00eb nj\u00eb shembull klasik i ver\u00ebs nga rajoni i <strong>Chablis<\/strong>, nj\u00eb nga zonat m\u00eb t\u00eb njohura t\u00eb Franc\u00ebs p\u00ebr prodhimin e ver\u00ebrave t\u00eb bardha t\u00eb b\u00ebra kryesisht nga <strong>Chardonnay<\/strong>. Me nj\u00eb ekuilib\u00ebr t\u00eb shk\u00eblqyer t\u00eb aciditetit dhe mineralitetit, ky ver\u00eb reflekton karakteristikat e tok\u00ebs dhe klim\u00ebs unike t\u00eb Chablis.<\/p>\n<hr \/>\n<h3><strong><em>Karakteristikat<\/em><\/strong><\/h3>\n<ul>\n<li><strong>Ngjyra<\/strong>: Ngjyr\u00eb e verdh\u00eb e hapur, me nuanca t\u00eb gjelbra q\u00eb pasqyrojn\u00eb freskin\u00eb dhe pasurin\u00eb e ver\u00ebs.<\/li>\n<li><strong>Aroma<\/strong>: Aroma \u00ebsht\u00eb e fresk\u00ebt dhe e pasur, me nota t\u00eb frutave t\u00eb bardha si dardha dhe moll\u00ebt, si dhe nuanca t\u00eb lehta mineralike q\u00eb vijn\u00eb nga toka e pasur me kalcium. Ka nj\u00eb arom\u00eb t\u00eb but\u00eb t\u00eb agrumeve dhe nj\u00eb shenj\u00eb t\u00eb hidhur t\u00eb luleshtrydhes.<\/li>\n<li><strong>Shija<\/strong>: N\u00eb qiellz\u00eb, ky Chablis \u00ebsht\u00eb i fresk\u00ebt dhe i balancuar, me nj\u00eb trup t\u00eb leht\u00eb dhe aciditet t\u00eb lart\u00eb, q\u00eb e b\u00ebn t\u00eb k\u00ebndsh\u00ebm dhe t\u00eb pasur. Shija e tij \u00ebsht\u00eb e pasur me frutat e bardha dhe nj\u00eb nuanc\u00eb t\u00eb qart\u00eb mineralike, q\u00eb e b\u00ebn k\u00ebt\u00eb ver\u00eb t\u00eb njohur p\u00ebr freskin\u00eb dhe elegance. Fundi \u00ebsht\u00eb i gjat\u00eb dhe i pasur, me shije t\u00eb frutave dhe mineralitetit q\u00eb mbeten p\u00ebr nj\u00eb koh\u00eb t\u00eb gjat\u00eb pas shijimit.<\/li>\n<\/ul>\n<hr \/>\n<h3><em><strong>Shoq\u00ebrime t\u00eb Sugjeruara<\/strong><\/em><\/h3>\n<p><em>Kombinohet n\u00eb m\u00ebnyr\u00eb t\u00eb shk\u00eblqyer me:<\/em><\/p>\n<ul>\n<li><strong>Pasta<\/strong><\/li>\n<li><strong>Antipasta<\/strong><\/li>\n<li><strong>Perime t\u00eb zgare<\/strong><\/li>\n<li><strong><span class=\"selectable-text copyable-text false\">Djath\u00eb te bute<\/span><\/strong><\/li>\n<li><strong>Fruta deti<\/strong><\/li>\n<li><strong>Sushi<\/strong><\/li>\n<\/ul>","protected":false},"excerpt":{"rendered":"<p>P\u00ebrshkrimi i Ver\u00ebs: CHABLIS &#8211; LOUIS JADOT Detaje t\u00eb Prodhimit: Chablis i Louis Jadot \u00ebsht\u00eb nj\u00eb ver\u00eb e njohur p\u00ebr pasurin\u00eb e shijeve dhe kompleksitetin e tij. Ky Chablis \u00ebsht\u00eb nj\u00eb shembull klasik i ver\u00ebs nga rajoni i Chablis, nj\u00eb nga zonat m\u00eb t\u00eb njohura t\u00eb Franc\u00ebs p\u00ebr prodhimin e ver\u00ebrave t\u00eb bardha t\u00eb b\u00ebra [&hellip;]<\/p>\n","protected":false},"featured_media":7542,"template":"","meta":[],"product_brand":[],"product_cat":[58,41],"product_tag":[],"class_list":{"0":"post-6300","1":"product","2":"type-product","3":"status-publish","4":"has-post-thumbnail","6":"product_cat-vere","7":"product_cat-vere-e-bardhe","9":"first","10":"instock","11":"shipping-taxable","12":"purchasable","13":"product-type-simple"},"_links":{"self":[{"href":"https:\/\/alehandrogroup.al\/en\/wp-json\/wp\/v2\/product\/6300","targetHints":{"allow":["GET"]}}],"collection":[{"href":"https:\/\/alehandrogroup.al\/en\/wp-json\/wp\/v2\/product"}],"about":[{"href":"https:\/\/alehandrogroup.al\/en\/wp-json\/wp\/v2\/types\/product"}],"version-history":[{"count":1,"href":"https:\/\/alehandrogroup.al\/en\/wp-json\/wp\/v2\/product\/6300\/revisions"}],"predecessor-version":[{"id":7543,"href":"https:\/\/alehandrogroup.al\/en\/wp-json\/wp\/v2\/product\/6300\/revisions\/7543"}],"wp:featuredmedia":[{"embeddable":true,"href":"https:\/\/alehandrogroup.al\/en\/wp-json\/wp\/v2\/media\/7542"}],"wp:attachment":[{"href":"https:\/\/alehandrogroup.al\/en\/wp-json\/wp\/v2\/media?parent=6300"}],"wp:term":[{"taxonomy":"product_brand","embeddable":true,"href":"https:\/\/alehandrogroup.al\/en\/wp-json\/wp\/v2\/product_brand?post=6300"},{"taxonomy":"product_cat","embeddable":true,"href":"https:\/\/alehandrogroup.al\/en\/wp-json\/wp\/v2\/product_cat?post=6300"},{"taxonomy":"product_tag","embeddable":true,"href":"https:\/\/alehandrogroup.al\/en\/wp-json\/wp\/v2\/product_tag?post=6300"}],"curies":[{"name":"wp","href":"https:\/\/api.w.org\/{rel}","templated":true}]}}