{"id":6298,"date":"2025-02-11T14:14:51","date_gmt":"2025-02-11T14:14:51","guid":{"rendered":"https:\/\/alehandrogroup.al\/?post_type=product&#038;p=6298"},"modified":"2025-11-21T21:16:29","modified_gmt":"2025-11-21T21:16:29","slug":"beaujolais-villages-louis-jadot","status":"publish","type":"product","link":"https:\/\/alehandrogroup.al\/en\/product\/beaujolais-villages-louis-jadot\/","title":{"rendered":"BEAUJOLAIS VILLAGES &#8211; LOUIS JADOT"},"content":{"rendered":"<h3><strong><em>P\u00ebrshkrimi i Ver\u00ebs: BEAUJOLAIS VILLAGES &#8211; LOUIS JADOT<\/em><\/strong><\/h3>\n<p><em><strong>Detaje t\u00eb Prodhimit:<\/strong><\/em><\/p>\n<p><strong>Beaujolais Villages<\/strong> i <strong>Louis Jadot<\/strong> \u00ebsht\u00eb nj\u00eb ver\u00eb e bukur e prodhuar n\u00eb rajonin e <strong>Beaujolais<\/strong>, i njohur p\u00ebr ver\u00ebrat e tij t\u00eb gjalla dhe t\u00eb fresk\u00ebta, kryesisht t\u00eb prodhuara nga <strong>Gamay<\/strong>. Ky Beaujolais Villages ofron nj\u00eb shije t\u00eb k\u00ebndshme, me nj\u00eb ekuilib\u00ebr t\u00eb shk\u00eblqyer mes frutave dhe aciditetit, duke reflektuar cil\u00ebsin\u00eb dhe karakteristikat e tok\u00ebs dhe klim\u00ebs s\u00eb Beaujolais.<\/p>\n<hr \/>\n<h3><strong><em>Karakteristikat<\/em><\/strong><\/h3>\n<ul>\n<li><strong>Ngjyra<\/strong>: Ngjyr\u00eb e kuqe e ndezur, e gjall\u00eb dhe e pastruar, q\u00eb tregon freskin\u00eb dhe energjin\u00eb e ver\u00ebs.<\/li>\n<li><strong>Aroma<\/strong>: Arom\u00eb frutore dhe e fresk\u00ebt, me nota t\u00eb shija t\u00eb frutave t\u00eb kuqe si qershi, dardha dhe kastravec. Ka nj\u00eb nuanc\u00eb t\u00eb leht\u00eb florale q\u00eb i shton karakterin delikat dhe t\u00eb k\u00ebndsh\u00ebm.<\/li>\n<li><strong>Shija<\/strong>: N\u00eb qiellz\u00eb, ver\u00eb \u00ebsht\u00eb e but\u00eb dhe e shijshme, me nj\u00eb trup t\u00eb leht\u00eb dhe nj\u00eb aciditet t\u00eb balancuar q\u00eb e b\u00ebn at\u00eb t\u00eb fresk\u00ebt dhe t\u00eb gjall\u00eb. Frutat e kuqe jan\u00eb t\u00eb theksuara dhe harmonizohen me shenja t\u00eb lehta t\u00eb taninave, q\u00eb e b\u00ebjn\u00eb k\u00ebt\u00eb ver\u00eb t\u00eb k\u00ebndshme dhe t\u00eb k\u00ebndshme p\u00ebr pirje. Fundi \u00ebsht\u00eb i pasur dhe i k\u00ebndsh\u00ebm, me nj\u00eb shije t\u00eb frutave q\u00eb mbetet p\u00ebr nj\u00eb koh\u00eb t\u00eb shkurt\u00ebr, duke l\u00ebn\u00eb nj\u00eb ndjesi t\u00eb fresk\u00ebt dhe t\u00eb past\u00ebr pas<\/li>\n<\/ul>\n<hr \/>\n<h3><em><strong>Shoq\u00ebrime t\u00eb Sugjeruara<\/strong><\/em><\/h3>\n<p><em>Kombinohet n\u00eb m\u00ebnyr\u00eb t\u00eb shk\u00eblqyer me:<\/em><\/p>\n<ul>\n<li><strong>Pasta<\/strong><\/li>\n<li><strong>Mish te bardhe<\/strong><\/li>\n<li><strong>Perime t\u00eb zgare<\/strong><\/li>\n<li><strong><span class=\"selectable-text copyable-text false\">Djath\u00eb te bute<\/span><\/strong><\/li>\n<li><b>Mish te kuqe<\/b><\/li>\n<\/ul>","protected":false},"excerpt":{"rendered":"<p>P\u00ebrshkrimi i Ver\u00ebs: BEAUJOLAIS VILLAGES &#8211; LOUIS JADOT Detaje t\u00eb Prodhimit: Beaujolais Villages i Louis Jadot \u00ebsht\u00eb nj\u00eb ver\u00eb e bukur e prodhuar n\u00eb rajonin e Beaujolais, i njohur p\u00ebr ver\u00ebrat e tij t\u00eb gjalla dhe t\u00eb fresk\u00ebta, kryesisht t\u00eb prodhuara nga Gamay. Ky Beaujolais Villages ofron nj\u00eb shije t\u00eb k\u00ebndshme, me nj\u00eb ekuilib\u00ebr t\u00eb [&hellip;]<\/p>\n","protected":false},"featured_media":7518,"template":"","meta":[],"product_brand":[],"product_cat":[58,46],"product_tag":[],"class_list":{"0":"post-6298","1":"product","2":"type-product","3":"status-publish","4":"has-post-thumbnail","6":"product_cat-vere","7":"product_cat-vere-e-kuqe","9":"first","10":"instock","11":"shipping-taxable","12":"purchasable","13":"product-type-simple"},"_links":{"self":[{"href":"https:\/\/alehandrogroup.al\/en\/wp-json\/wp\/v2\/product\/6298","targetHints":{"allow":["GET"]}}],"collection":[{"href":"https:\/\/alehandrogroup.al\/en\/wp-json\/wp\/v2\/product"}],"about":[{"href":"https:\/\/alehandrogroup.al\/en\/wp-json\/wp\/v2\/types\/product"}],"version-history":[{"count":1,"href":"https:\/\/alehandrogroup.al\/en\/wp-json\/wp\/v2\/product\/6298\/revisions"}],"predecessor-version":[{"id":7519,"href":"https:\/\/alehandrogroup.al\/en\/wp-json\/wp\/v2\/product\/6298\/revisions\/7519"}],"wp:featuredmedia":[{"embeddable":true,"href":"https:\/\/alehandrogroup.al\/en\/wp-json\/wp\/v2\/media\/7518"}],"wp:attachment":[{"href":"https:\/\/alehandrogroup.al\/en\/wp-json\/wp\/v2\/media?parent=6298"}],"wp:term":[{"taxonomy":"product_brand","embeddable":true,"href":"https:\/\/alehandrogroup.al\/en\/wp-json\/wp\/v2\/product_brand?post=6298"},{"taxonomy":"product_cat","embeddable":true,"href":"https:\/\/alehandrogroup.al\/en\/wp-json\/wp\/v2\/product_cat?post=6298"},{"taxonomy":"product_tag","embeddable":true,"href":"https:\/\/alehandrogroup.al\/en\/wp-json\/wp\/v2\/product_tag?post=6298"}],"curies":[{"name":"wp","href":"https:\/\/api.w.org\/{rel}","templated":true}]}}