{"id":6296,"date":"2025-02-11T14:11:21","date_gmt":"2025-02-11T14:11:21","guid":{"rendered":"https:\/\/alehandrogroup.al\/?post_type=product&#038;p=6296"},"modified":"2025-12-24T10:01:40","modified_gmt":"2025-12-24T10:01:40","slug":"petit-chablis-louis-jadot","status":"publish","type":"product","link":"https:\/\/alehandrogroup.al\/en\/product\/petit-chablis-louis-jadot\/","title":{"rendered":"PETIT CHABLIS &#8211; LOUIS JADOT"},"content":{"rendered":"<h3><strong><em>P\u00ebrshkrimi i Ver\u00ebs: PETIT CHABLIS &#8211; LOUIS JADOT<\/em><\/strong><\/h3>\n<p><em><strong>Detaje t\u00eb Prodhimit:<\/strong><\/em><\/p>\n<p><strong>Petit Chablis<\/strong> i <strong>Louis Jadot<\/strong> \u00ebsht\u00eb nj\u00eb ver\u00eb e rafinuar dhe elegante nga rajoni i njohur i <strong>Chablis<\/strong> n\u00eb Franc\u00eb, i njohur p\u00ebr ver\u00ebrat e tij t\u00eb b\u00ebra nga <strong>Chardonnay<\/strong>. Ky Petit Chablis ofron freski dhe pasuri me shije t\u00eb past\u00ebr dhe nj\u00eb arom\u00eb t\u00eb ve\u00e7ant\u00eb q\u00eb pasqyron tiparet e jasht\u00ebzakonshme t\u00eb tok\u00ebs dhe klim\u00ebs s\u00eb k\u00ebtij rajoni.<\/p>\n<hr \/>\n<h3><strong><em>Karakteristikat<\/em><\/strong><\/h3>\n<ul>\n<li><strong>Ngjyra<\/strong>: Ngjyr\u00eb e verdh\u00eb e hapur, e shk\u00eblqyer dhe e pastruar, q\u00eb tregon p\u00ebr freskin\u00eb dhe past\u00ebrtin\u00eb e ver\u00ebs.<\/li>\n<li><strong>Aroma<\/strong>: Aroma \u00ebsht\u00eb e fresk\u00ebt dhe frutore, me nuanca t\u00eb agrumeve si limoni dhe pomelo, si dhe disa nota t\u00eb perimeve t\u00eb fresk\u00ebta dhe t\u00eb blerta. Shfaqen gjithashtu ndjenja t\u00eb nuancave minerale q\u00eb pasqyrojn\u00eb tiparet e tok\u00ebs n\u00eb rajonin e Chablis.<\/li>\n<li><strong>Shija<\/strong>: Ver\u00eb \u00ebsht\u00eb e past\u00ebr, e balancuar dhe e fresk\u00ebt me nj\u00eb aciditet t\u00eb mpreht\u00eb q\u00eb e b\u00ebn at\u00eb t\u00eb ndritshme dhe t\u00eb gjall\u00eb. Shija \u00ebsht\u00eb e rafinuar dhe e past\u00ebr, me shije t\u00eb frutave t\u00eb fresk\u00ebta dhe nj\u00eb fund t\u00eb ndritsh\u00ebm dhe minerale. Fundi \u00ebsht\u00eb i fresk\u00ebt dhe harmonik, duke l\u00ebn\u00eb nj\u00eb ndjesi t\u00eb k\u00ebndshme dhe t\u00eb leht\u00eb pas shijes.<\/li>\n<\/ul>\n<hr \/>\n<h3><em><strong>Shoq\u00ebrime t\u00eb Sugjeruara<\/strong><\/em><\/h3>\n<p><em>Kombinohet n\u00eb m\u00ebnyr\u00eb t\u00eb shk\u00eblqyer me:<\/em><\/p>\n<ul>\n<li><strong>Pasta<\/strong><\/li>\n<li><strong>Antipasta<\/strong><\/li>\n<li><strong>Perime t\u00eb zgare<\/strong><\/li>\n<li><strong><span class=\"selectable-text copyable-text false\">Djath\u00eb te bute<\/span><\/strong><\/li>\n<li><strong>Fruta deti<\/strong><\/li>\n<li><strong>Sushi<\/strong><\/li>\n<\/ul>","protected":false},"excerpt":{"rendered":"<p>P\u00ebrshkrimi i Ver\u00ebs: PETIT CHABLIS &#8211; LOUIS JADOT Detaje t\u00eb Prodhimit: Petit Chablis i Louis Jadot \u00ebsht\u00eb nj\u00eb ver\u00eb e rafinuar dhe elegante nga rajoni i njohur i Chablis n\u00eb Franc\u00eb, i njohur p\u00ebr ver\u00ebrat e tij t\u00eb b\u00ebra nga Chardonnay. Ky Petit Chablis ofron freski dhe pasuri me shije t\u00eb past\u00ebr dhe nj\u00eb arom\u00eb [&hellip;]<\/p>\n","protected":false},"featured_media":7905,"template":"","meta":[],"product_brand":[],"product_cat":[58,41],"product_tag":[],"class_list":{"0":"post-6296","1":"product","2":"type-product","3":"status-publish","4":"has-post-thumbnail","6":"product_cat-vere","7":"product_cat-vere-e-bardhe","9":"first","10":"instock","11":"shipping-taxable","12":"purchasable","13":"product-type-simple"},"_links":{"self":[{"href":"https:\/\/alehandrogroup.al\/en\/wp-json\/wp\/v2\/product\/6296","targetHints":{"allow":["GET"]}}],"collection":[{"href":"https:\/\/alehandrogroup.al\/en\/wp-json\/wp\/v2\/product"}],"about":[{"href":"https:\/\/alehandrogroup.al\/en\/wp-json\/wp\/v2\/types\/product"}],"version-history":[{"count":1,"href":"https:\/\/alehandrogroup.al\/en\/wp-json\/wp\/v2\/product\/6296\/revisions"}],"predecessor-version":[{"id":7906,"href":"https:\/\/alehandrogroup.al\/en\/wp-json\/wp\/v2\/product\/6296\/revisions\/7906"}],"wp:featuredmedia":[{"embeddable":true,"href":"https:\/\/alehandrogroup.al\/en\/wp-json\/wp\/v2\/media\/7905"}],"wp:attachment":[{"href":"https:\/\/alehandrogroup.al\/en\/wp-json\/wp\/v2\/media?parent=6296"}],"wp:term":[{"taxonomy":"product_brand","embeddable":true,"href":"https:\/\/alehandrogroup.al\/en\/wp-json\/wp\/v2\/product_brand?post=6296"},{"taxonomy":"product_cat","embeddable":true,"href":"https:\/\/alehandrogroup.al\/en\/wp-json\/wp\/v2\/product_cat?post=6296"},{"taxonomy":"product_tag","embeddable":true,"href":"https:\/\/alehandrogroup.al\/en\/wp-json\/wp\/v2\/product_tag?post=6296"}],"curies":[{"name":"wp","href":"https:\/\/api.w.org\/{rel}","templated":true}]}}