{"id":6294,"date":"2025-02-11T14:07:37","date_gmt":"2025-02-11T14:07:37","guid":{"rendered":"https:\/\/alehandrogroup.al\/?post_type=product&#038;p=6294"},"modified":"2025-11-24T13:43:49","modified_gmt":"2025-11-24T13:43:49","slug":"bourgogne-aligote-louis-jadot","status":"publish","type":"product","link":"https:\/\/alehandrogroup.al\/en\/product\/bourgogne-aligote-louis-jadot\/","title":{"rendered":"BOURGOGNE ALIGOTE &#8211; LOUIS JADOT"},"content":{"rendered":"<h3><strong><em>P\u00ebrshkrimi i Ver\u00ebs: BOURGOGNE ALIGOTE &#8211; LOUIS JADOT<\/em><\/strong><\/h3>\n<p><em><strong>Detaje t\u00eb Prodhimit:<\/strong><\/em><\/p>\n<p><strong>Bourgogne Aligot\u00e9<\/strong> i <strong>Louis Jadot<\/strong> \u00ebsht\u00eb nj\u00eb ver\u00eb e fresk\u00ebt dhe e pasur q\u00eb tregon cil\u00ebsin\u00eb e lart\u00eb t\u00eb prodhimit t\u00eb ver\u00ebrave t\u00eb k\u00ebtij prodhuesi t\u00eb njohur nga rajoni i Bourgogne. Aligot\u00e9 \u00ebsht\u00eb nj\u00eb varietet rrushi q\u00eb \u00ebsht\u00eb m\u00eb i njohur p\u00ebr karakteristikat e tij t\u00eb fresk\u00ebta dhe aromat e pasura. Ky Bourgogne Aligot\u00e9 \u00ebsht\u00eb nj\u00eb shembull i shk\u00eblqyer i stilit t\u00eb tradit\u00ebs s\u00eb Bourgogne, duke ofruar nj\u00eb p\u00ebrvoj\u00eb t\u00eb pasur, por t\u00eb leht\u00eb.<\/p>\n<hr \/>\n<h3><strong><em>Karakteristikat<\/em><\/strong><\/h3>\n<ul>\n<li><strong>Ngjyra<\/strong>: Ngjyr\u00eb e verdh\u00eb e hapur me nuanca t\u00eb gjelb\u00ebrta q\u00eb pasqyrojn\u00eb freskin\u00eb dhe vitalitetin e ver\u00ebs.<\/li>\n<li><strong>Aroma<\/strong>: Arom\u00eb e fresk\u00ebt dhe frutore, me nota t\u00eb agrumeve si limoni dhe laranja, s\u00eb bashku me nuanca t\u00eb frutave t\u00eb bardha si dardha dhe moll\u00ebt. Shfaqen edhe nota t\u00eb buta florale q\u00eb e b\u00ebjn\u00eb arom\u00ebn m\u00eb t\u00eb thell\u00eb dhe komplekse.<\/li>\n<li><strong>Shija<\/strong>: N\u00eb qiellz\u00eb, ver\u00eb \u00ebsht\u00eb e pasur dhe e fresk\u00ebt me aciditet t\u00eb mir\u00ebbalancuar q\u00eb i jep shijes nj\u00eb ndjesi t\u00eb fresk\u00ebt dhe t\u00eb ndritshme. Shija \u00ebsht\u00eb e pasur me fruta t\u00eb fresk\u00ebt dhe pasuar nga nj\u00eb fund t\u00eb k\u00ebndsh\u00ebm dhe t\u00eb ekuilibruar. I past\u00ebr dhe i fresk\u00ebt, me nj\u00eb fund t\u00eb shkurt\u00ebr dhe harmonik, q\u00eb l\u00eb nj\u00eb ndjesi t\u00eb k\u00ebndshme t\u00eb freskis\u00eb.<\/li>\n<\/ul>\n<hr \/>\n<h3><em><strong>Shoq\u00ebrime t\u00eb Sugjeruara<\/strong><\/em><\/h3>\n<p><em>Kombinohet n\u00eb m\u00ebnyr\u00eb t\u00eb shk\u00eblqyer me:<\/em><\/p>\n<ul>\n<li><strong>Pasta<\/strong><\/li>\n<li><strong>Antipasta<\/strong><\/li>\n<li><strong><span class=\"selectable-text copyable-text false\">Djath\u00eb te bute<\/span><\/strong><\/li>\n<li><strong>Fruta deti<\/strong><\/li>\n<li><strong>Sushi<\/strong><\/li>\n<\/ul>","protected":false},"excerpt":{"rendered":"<p>P\u00ebrshkrimi i Ver\u00ebs: BOURGOGNE ALIGOTE &#8211; LOUIS JADOT Detaje t\u00eb Prodhimit: Bourgogne Aligot\u00e9 i Louis Jadot \u00ebsht\u00eb nj\u00eb ver\u00eb e fresk\u00ebt dhe e pasur q\u00eb tregon cil\u00ebsin\u00eb e lart\u00eb t\u00eb prodhimit t\u00eb ver\u00ebrave t\u00eb k\u00ebtij prodhuesi t\u00eb njohur nga rajoni i Bourgogne. Aligot\u00e9 \u00ebsht\u00eb nj\u00eb varietet rrushi q\u00eb \u00ebsht\u00eb m\u00eb i njohur p\u00ebr karakteristikat e [&hellip;]<\/p>\n","protected":false},"featured_media":7665,"template":"","meta":[],"product_brand":[],"product_cat":[58,41],"product_tag":[],"class_list":{"0":"post-6294","1":"product","2":"type-product","3":"status-publish","4":"has-post-thumbnail","6":"product_cat-vere","7":"product_cat-vere-e-bardhe","9":"first","10":"instock","11":"shipping-taxable","12":"purchasable","13":"product-type-simple"},"_links":{"self":[{"href":"https:\/\/alehandrogroup.al\/en\/wp-json\/wp\/v2\/product\/6294","targetHints":{"allow":["GET"]}}],"collection":[{"href":"https:\/\/alehandrogroup.al\/en\/wp-json\/wp\/v2\/product"}],"about":[{"href":"https:\/\/alehandrogroup.al\/en\/wp-json\/wp\/v2\/types\/product"}],"version-history":[{"count":1,"href":"https:\/\/alehandrogroup.al\/en\/wp-json\/wp\/v2\/product\/6294\/revisions"}],"predecessor-version":[{"id":7666,"href":"https:\/\/alehandrogroup.al\/en\/wp-json\/wp\/v2\/product\/6294\/revisions\/7666"}],"wp:featuredmedia":[{"embeddable":true,"href":"https:\/\/alehandrogroup.al\/en\/wp-json\/wp\/v2\/media\/7665"}],"wp:attachment":[{"href":"https:\/\/alehandrogroup.al\/en\/wp-json\/wp\/v2\/media?parent=6294"}],"wp:term":[{"taxonomy":"product_brand","embeddable":true,"href":"https:\/\/alehandrogroup.al\/en\/wp-json\/wp\/v2\/product_brand?post=6294"},{"taxonomy":"product_cat","embeddable":true,"href":"https:\/\/alehandrogroup.al\/en\/wp-json\/wp\/v2\/product_cat?post=6294"},{"taxonomy":"product_tag","embeddable":true,"href":"https:\/\/alehandrogroup.al\/en\/wp-json\/wp\/v2\/product_tag?post=6294"}],"curies":[{"name":"wp","href":"https:\/\/api.w.org\/{rel}","templated":true}]}}