{"id":6290,"date":"2025-02-11T14:00:34","date_gmt":"2025-02-11T14:00:34","guid":{"rendered":"https:\/\/alehandrogroup.al\/?post_type=product&#038;p=6290"},"modified":"2025-12-24T10:14:31","modified_gmt":"2025-12-24T10:14:31","slug":"pinot-grigio-0-375l-jermann","status":"publish","type":"product","link":"https:\/\/alehandrogroup.al\/en\/product\/pinot-grigio-0-375l-jermann\/","title":{"rendered":"PINOT GRIGIO 0.375L &#8211; JERMANN"},"content":{"rendered":"<h3><strong><em>P\u00ebrshkrimi i Ver\u00ebs: PINOT GRIGIO 0.375L &#8211; JERMANN<\/em><\/strong><\/h3>\n<p><em><strong>Detaje t\u00eb Prodhimit:<\/strong><\/em><\/p>\n<p><strong>Pinot Grigio<\/strong> i <strong>Jermann<\/strong> \u00ebsht\u00eb nj\u00eb ver\u00eb e past\u00ebr dhe e fresk\u00ebt, me nj\u00eb karakter t\u00eb bukur dhe t\u00eb pasur, q\u00eb tregon aft\u00ebsin\u00eb e k\u00ebtij prodhuesi t\u00eb njohur t\u00eb krijoj\u00eb nj\u00eb ver\u00eb t\u00eb nivelit t\u00eb lart\u00eb me arom\u00eb dhe shije t\u00eb balancuar. Ky Pinot Grigio \u00ebsht\u00eb nj\u00eb shembull i shk\u00eblqyer i varietetit t\u00eb rrushit t\u00eb Pinot Grigio, q\u00eb rritet n\u00eb rajonin e Friuli Venezia Giulia, nj\u00eb nga rajonet m\u00eb t\u00eb njohura p\u00ebr prodhimin e ver\u00ebrave t\u00eb nivelit t\u00eb lart\u00eb.<\/p>\n<hr \/>\n<h3><strong><em>Karakteristikat<\/em><\/strong><\/h3>\n<ul>\n<li><strong>Ngjyra<\/strong>: Ngjyr\u00eb e verdh\u00eb e past\u00ebr, me nuanca t\u00eb lehta t\u00eb ariut, q\u00eb pasqyron freskin\u00eb dhe larmishm\u00ebrin\u00eb e ver\u00ebs.<\/li>\n<li><strong>Aroma<\/strong>: Arom\u00eb e pasur dhe e fresk\u00ebt, me nota t\u00eb frutave t\u00eb bardha si dardha dhe molla, shoq\u00ebruar me nuanca t\u00eb buta florale dhe p\u00ebrzierje t\u00eb fresk\u00ebt t\u00eb agrumeve. Ka nj\u00eb balanc\u00eb t\u00eb shk\u00eblqyer nd\u00ebrmjet aromave t\u00eb frutave dhe atyre minerale, q\u00eb kontribuojn\u00eb n\u00eb nj\u00eb p\u00ebrvoj\u00eb t\u00eb k\u00ebndshme dhe elegante.<\/li>\n<li><strong>Shija<\/strong>: Shija \u00ebsht\u00eb e but\u00eb dhe e fresk\u00ebt, me trup t\u00eb mes\u00ebm dhe aciditet t\u00eb balancuar. Shija e frutave t\u00eb fresk\u00ebta, si dardha dhe agrumet, \u00ebsht\u00eb e qart\u00eb dhe e pasur, nd\u00ebrsa pasoja e mineralitetit e b\u00ebn ver\u00ebn t\u00eb jet\u00eb e shijshme dhe freskuese.\u00a0I past\u00ebr dhe i qart\u00eb, me nj\u00eb fund t\u00eb k\u00ebndsh\u00ebm dhe t\u00eb fresk\u00ebt q\u00eb l\u00eb pas nj\u00eb ndjesi t\u00eb k\u00ebndshme dhe harmonike.<\/li>\n<\/ul>\n<hr \/>\n<h3><em><strong>Shoq\u00ebrime t\u00eb Sugjeruara<\/strong><\/em><\/h3>\n<p><em>Kombinohet n\u00eb m\u00ebnyr\u00eb t\u00eb shk\u00eblqyer me:<\/em><\/p>\n<ul>\n<li><strong>Pjatat me peshk<\/strong>: Peshk i gatuar n\u00eb m\u00ebnyra t\u00eb ndryshme, si peshk i pjekur ose i gatuar n\u00eb avull.<\/li>\n<li><strong>Gjellat me mish t\u00eb bardh\u00eb<\/strong>: Pjatat me mish t\u00eb bardh\u00eb, si pule, vi\u00e7i i bardh\u00eb dhe gjellat me mish pule t\u00eb gatuar n\u00eb sallat\u00eb ose n\u00eb grill.<\/li>\n<li><strong>Pjatat me perime<\/strong>: Perime t\u00eb pjekura ose t\u00eb gatuara n\u00eb zgar\u00eb si shoq\u00ebrues t\u00eb ushqimeve t\u00eb tjera t\u00eb shijshme.<\/li>\n<li><strong>Gjellat me djathra t\u00eb but\u00eb<\/strong>: Si mozzarella, ricotta, dhe djathra t\u00eb tjer\u00eb t\u00eb but\u00eb dhe t\u00eb fresk\u00ebt.<\/li>\n<\/ul>","protected":false},"excerpt":{"rendered":"<p>P\u00ebrshkrimi i Ver\u00ebs: PINOT GRIGIO 0.375L &#8211; JERMANN Detaje t\u00eb Prodhimit: Pinot Grigio i Jermann \u00ebsht\u00eb nj\u00eb ver\u00eb e past\u00ebr dhe e fresk\u00ebt, me nj\u00eb karakter t\u00eb bukur dhe t\u00eb pasur, q\u00eb tregon aft\u00ebsin\u00eb e k\u00ebtij prodhuesi t\u00eb njohur t\u00eb krijoj\u00eb nj\u00eb ver\u00eb t\u00eb nivelit t\u00eb lart\u00eb me arom\u00eb dhe shije t\u00eb balancuar. Ky Pinot [&hellip;]<\/p>\n","protected":false},"featured_media":7915,"template":"","meta":[],"product_brand":[],"product_cat":[58,41],"product_tag":[],"class_list":{"0":"post-6290","1":"product","2":"type-product","3":"status-publish","4":"has-post-thumbnail","6":"product_cat-vere","7":"product_cat-vere-e-bardhe","9":"first","10":"instock","11":"shipping-taxable","12":"purchasable","13":"product-type-simple"},"_links":{"self":[{"href":"https:\/\/alehandrogroup.al\/en\/wp-json\/wp\/v2\/product\/6290","targetHints":{"allow":["GET"]}}],"collection":[{"href":"https:\/\/alehandrogroup.al\/en\/wp-json\/wp\/v2\/product"}],"about":[{"href":"https:\/\/alehandrogroup.al\/en\/wp-json\/wp\/v2\/types\/product"}],"version-history":[{"count":1,"href":"https:\/\/alehandrogroup.al\/en\/wp-json\/wp\/v2\/product\/6290\/revisions"}],"predecessor-version":[{"id":7916,"href":"https:\/\/alehandrogroup.al\/en\/wp-json\/wp\/v2\/product\/6290\/revisions\/7916"}],"wp:featuredmedia":[{"embeddable":true,"href":"https:\/\/alehandrogroup.al\/en\/wp-json\/wp\/v2\/media\/7915"}],"wp:attachment":[{"href":"https:\/\/alehandrogroup.al\/en\/wp-json\/wp\/v2\/media?parent=6290"}],"wp:term":[{"taxonomy":"product_brand","embeddable":true,"href":"https:\/\/alehandrogroup.al\/en\/wp-json\/wp\/v2\/product_brand?post=6290"},{"taxonomy":"product_cat","embeddable":true,"href":"https:\/\/alehandrogroup.al\/en\/wp-json\/wp\/v2\/product_cat?post=6290"},{"taxonomy":"product_tag","embeddable":true,"href":"https:\/\/alehandrogroup.al\/en\/wp-json\/wp\/v2\/product_tag?post=6290"}],"curies":[{"name":"wp","href":"https:\/\/api.w.org\/{rel}","templated":true}]}}