{"id":6284,"date":"2025-02-11T13:47:58","date_gmt":"2025-02-11T13:47:58","guid":{"rendered":"https:\/\/alehandrogroup.al\/?post_type=product&#038;p=6284"},"modified":"2025-12-26T12:48:58","modified_gmt":"2025-12-26T12:48:58","slug":"vintage-tunina-jermann","status":"publish","type":"product","link":"https:\/\/alehandrogroup.al\/en\/product\/vintage-tunina-jermann\/","title":{"rendered":"VINTAGE TUNINA &#8211; JERMANN"},"content":{"rendered":"<h3><strong><em>P\u00ebrshkrimi i Ver\u00ebs: VINTAGE TUNINA &#8211; JERMANN<\/em><\/strong><\/h3>\n<p><em><strong>Detaje t\u00eb Prodhimit:<\/strong><\/em><\/p>\n<p><strong>Vintage Tunina<\/strong> \u00ebsht\u00eb nj\u00eb nga ver\u00ebrat m\u00eb t\u00eb njohura dhe m\u00eb t\u00eb njohura t\u00eb <strong>Jermann<\/strong>, nj\u00eb prodhues i famsh\u00ebm i ver\u00ebrave nga Friuli Venezia Giulia. Ky vinifikim i jasht\u00ebzakonsh\u00ebm \u00ebsht\u00eb nj\u00eb p\u00ebrzierje e disa varieteteve t\u00eb rrushit, q\u00eb krijojn\u00eb nj\u00eb ver\u00eb komplekse dhe elegante me nj\u00eb identitet t\u00eb fort\u00eb. E njohur p\u00ebr karakteristikat e saj t\u00eb thella dhe t\u00eb sofistikuara, kjo ver\u00eb \u00ebsht\u00eb nj\u00eb shembull i shk\u00eblqyer i tradit\u00ebs s\u00eb verifikimit t\u00eb Jermann.<\/p>\n<hr \/>\n<h3><strong><em>Karakteristikat<\/em><\/strong><\/h3>\n<ul>\n<li><strong>Ngjyra<\/strong>: Ngjyr\u00eb e verdh\u00eb me nuanca t\u00eb arta, q\u00eb reflekton pasurin\u00eb dhe kompleksitetin e ver\u00ebs. E qart\u00eb dhe e ndritshme, duke treguar cil\u00ebsin\u00eb e lart\u00eb t\u00eb produktit.<\/li>\n<li><strong>Aroma<\/strong>: Arom\u00eb shum\u00eb e pasur dhe komplekse, me nota t\u00eb pasura t\u00eb agrumeve si luleshtrydhe dhe pomelo, nd\u00ebrsa shfaqen dhe nuanca t\u00eb mjaltit, fruta t\u00eb thata, dhe nj\u00eb shenj\u00eb e but\u00eb e er\u00ebzave t\u00eb lehta. Pjes\u00eb t\u00eb m\u00ebdha t\u00eb aromave t\u00eb pasura dhe minerale jan\u00eb t\u00eb dukshme, duke i dh\u00ebn\u00eb karakter dhe thell\u00ebsi ver\u00ebs.<\/li>\n<li><strong>Shija<\/strong>: Shije e kompletuar, e pasur dhe e sofistikuar, me aciditet t\u00eb balancuar dhe trup t\u00eb plot\u00eb. Shija e frutave t\u00eb fresk\u00ebta, bashk\u00eb me notat e drurit t\u00eb but\u00eb dhe nuancat e mineraleve, krijojn\u00eb nj\u00eb p\u00ebrvoj\u00eb t\u00eb pasur dhe t\u00eb k\u00ebndshme. Ky harmoniz\u00ebm i shijes ofron nj\u00eb p\u00ebrfundim t\u00eb gjat\u00eb dhe t\u00eb k\u00ebndsh\u00ebm. E gjat\u00eb dhe e pasur, me shije t\u00eb pasura t\u00eb frutave dhe er\u00ebzave q\u00eb mbeten n\u00eb qiellz\u00eb pas \u00e7do g\u00eblltitjeje.<\/li>\n<\/ul>\n<hr \/>\n<h3><em><strong>Shoq\u00ebrime t\u00eb Sugjeruara<\/strong><\/em><\/h3>\n<p><em>Kombinohet n\u00eb m\u00ebnyr\u00eb t\u00eb shk\u00eblqyer me:<\/em><\/p>\n<ul>\n<li><strong>Pasta<\/strong><\/li>\n<li><strong><span class=\"selectable-text copyable-text false\">Djath\u00eb i Stazhonuar<\/span><\/strong><\/li>\n<li><strong>Fruta deti<\/strong><\/li>\n<li><strong>Sushi<\/strong><\/li>\n<\/ul>","protected":false},"excerpt":{"rendered":"<p>P\u00ebrshkrimi i Ver\u00ebs: VINTAGE TUNINA &#8211; JERMANN Detaje t\u00eb Prodhimit: Vintage Tunina \u00ebsht\u00eb nj\u00eb nga ver\u00ebrat m\u00eb t\u00eb njohura dhe m\u00eb t\u00eb njohura t\u00eb Jermann, nj\u00eb prodhues i famsh\u00ebm i ver\u00ebrave nga Friuli Venezia Giulia. Ky vinifikim i jasht\u00ebzakonsh\u00ebm \u00ebsht\u00eb nj\u00eb p\u00ebrzierje e disa varieteteve t\u00eb rrushit, q\u00eb krijojn\u00eb nj\u00eb ver\u00eb komplekse dhe elegante me [&hellip;]<\/p>\n","protected":false},"featured_media":8056,"template":"","meta":[],"product_brand":[],"product_cat":[58,41],"product_tag":[],"class_list":{"0":"post-6284","1":"product","2":"type-product","3":"status-publish","4":"has-post-thumbnail","6":"product_cat-vere","7":"product_cat-vere-e-bardhe","9":"first","10":"instock","11":"shipping-taxable","12":"purchasable","13":"product-type-simple"},"_links":{"self":[{"href":"https:\/\/alehandrogroup.al\/en\/wp-json\/wp\/v2\/product\/6284","targetHints":{"allow":["GET"]}}],"collection":[{"href":"https:\/\/alehandrogroup.al\/en\/wp-json\/wp\/v2\/product"}],"about":[{"href":"https:\/\/alehandrogroup.al\/en\/wp-json\/wp\/v2\/types\/product"}],"version-history":[{"count":1,"href":"https:\/\/alehandrogroup.al\/en\/wp-json\/wp\/v2\/product\/6284\/revisions"}],"predecessor-version":[{"id":8057,"href":"https:\/\/alehandrogroup.al\/en\/wp-json\/wp\/v2\/product\/6284\/revisions\/8057"}],"wp:featuredmedia":[{"embeddable":true,"href":"https:\/\/alehandrogroup.al\/en\/wp-json\/wp\/v2\/media\/8056"}],"wp:attachment":[{"href":"https:\/\/alehandrogroup.al\/en\/wp-json\/wp\/v2\/media?parent=6284"}],"wp:term":[{"taxonomy":"product_brand","embeddable":true,"href":"https:\/\/alehandrogroup.al\/en\/wp-json\/wp\/v2\/product_brand?post=6284"},{"taxonomy":"product_cat","embeddable":true,"href":"https:\/\/alehandrogroup.al\/en\/wp-json\/wp\/v2\/product_cat?post=6284"},{"taxonomy":"product_tag","embeddable":true,"href":"https:\/\/alehandrogroup.al\/en\/wp-json\/wp\/v2\/product_tag?post=6284"}],"curies":[{"name":"wp","href":"https:\/\/api.w.org\/{rel}","templated":true}]}}