{"id":6280,"date":"2025-02-11T13:30:14","date_gmt":"2025-02-11T13:30:14","guid":{"rendered":"https:\/\/alehandrogroup.al\/?post_type=product&#038;p=6280"},"modified":"2025-12-30T10:34:00","modified_gmt":"2025-12-30T10:34:00","slug":"gewurztraminer-elena-walch","status":"publish","type":"product","link":"https:\/\/alehandrogroup.al\/en\/product\/gewurztraminer-elena-walch\/","title":{"rendered":"GEWURZTRAMINER &#8211; ELENA WALCH"},"content":{"rendered":"<h3><strong><em>P\u00ebrshkrimi i Ver\u00ebs: GEWURZTRAMINER &#8211; ELENA WALCH<\/em><\/strong><\/h3>\n<p><em><strong>Detaje t\u00eb Prodhimit:<\/strong><\/em><\/p>\n<p><strong>Gew\u00fcrztraminer<\/strong> nga <strong>Elena Walch<\/strong> \u00ebsht\u00eb nj\u00eb ver\u00eb e njohur p\u00ebr intensitetin e saj aromatik dhe kompleksitetin q\u00eb vjen nga vreshtat m\u00eb t\u00eb mira t\u00eb Alto Adige. Ky Gew\u00fcrztraminer \u00ebsht\u00eb nj\u00eb shembull i shk\u00eblqyer i k\u00ebtij varieteti, i njohur p\u00ebr aromat e tij t\u00eb pasura dhe shijen e fuqishme.<\/p>\n<hr \/>\n<h3><strong><em>Karakteristikat<\/em><\/strong><\/h3>\n<ul>\n<li><strong>Ngjyra<\/strong>: Ngjyr\u00eb e verdh\u00eb e ndritshme me nuanca t\u00eb arta, q\u00eb pasqyrojn\u00eb freskin\u00eb dhe pasurin\u00eb e ver\u00ebs.<\/li>\n<li><strong>Aroma<\/strong>: Arom\u00eb e fuqishme dhe komplekse, me nota t\u00eb pasura lulesh t\u00eb kuqe, tr\u00ebndafila, agrume dhe sh\u00ebnime eksotike frutash si lychee dhe mango. Po ashtu, shfaqen nuanca t\u00eb mjaltit dhe er\u00ebzave delikate q\u00eb i japin nj\u00eb thell\u00ebsi t\u00eb ve\u00e7ant\u00eb.<\/li>\n<li><strong>Shija<\/strong>: Shije e plot\u00eb, me nj\u00eb trup t\u00eb pasur dhe nj\u00eb aciditet t\u00eb balancuar q\u00eb ofron nj\u00eb eksperienc\u00eb t\u00eb k\u00ebndshme dhe t\u00eb fresk\u00ebt n\u00eb qiellz\u00eb. P\u00ebrshtypjet e frutave t\u00eb tropik\u00ebve dhe nj\u00eb prekje e but\u00eb e mjaltit p\u00ebrfundojn\u00eb n\u00eb nj\u00eb finalje t\u00eb gjat\u00eb dhe t\u00eb qet\u00eb. E gjat\u00eb dhe e pasur, duke l\u00ebn\u00eb nj\u00eb p\u00ebrshtypje t\u00eb thell\u00eb dhe t\u00eb q\u00ebndrueshme q\u00eb fton p\u00ebr nj\u00eb g\u00eblltitje tjet\u00ebr.<\/li>\n<\/ul>\n<hr \/>\n<h3><em><strong>Shoq\u00ebrime t\u00eb Sugjeruara<\/strong><\/em><\/h3>\n<p><em>Kombinohet n\u00eb m\u00ebnyr\u00eb t\u00eb shk\u00eblqyer me:<\/em><\/p>\n<ul>\n<li><strong>Ushqime aziatike dhe pikante<\/strong>: sushi, thai curry ose pjata me xhinxher dhe limon.<\/li>\n<li><strong>Pasta<\/strong><\/li>\n<li><strong>Djathra aromatik\u00eb<\/strong>: djathra t\u00eb but\u00eb dhe aromatik\u00eb si Roquefort, Gorgonzola dolce dhe Munster.<\/li>\n<li><strong>Fruta deti<\/strong>: kallamar\u00eb dhe karkaleca t\u00eb gatuar me er\u00ebza delikate.<\/li>\n<li><strong>Pjata vegjetariane<\/strong>: gatime me baz\u00eb kungulli, pat\u00ebllxhani ose k\u00ebrpudha.<\/li>\n<li><strong>Sushi<\/strong><\/li>\n<\/ul>","protected":false},"excerpt":{"rendered":"<p>P\u00ebrshkrimi i Ver\u00ebs: GEWURZTRAMINER &#8211; ELENA WALCH Detaje t\u00eb Prodhimit: Gew\u00fcrztraminer nga Elena Walch \u00ebsht\u00eb nj\u00eb ver\u00eb e njohur p\u00ebr intensitetin e saj aromatik dhe kompleksitetin q\u00eb vjen nga vreshtat m\u00eb t\u00eb mira t\u00eb Alto Adige. Ky Gew\u00fcrztraminer \u00ebsht\u00eb nj\u00eb shembull i shk\u00eblqyer i k\u00ebtij varieteti, i njohur p\u00ebr aromat e tij t\u00eb pasura dhe [&hellip;]<\/p>\n","protected":false},"featured_media":8082,"template":"","meta":[],"product_brand":[],"product_cat":[58,41],"product_tag":[],"class_list":{"0":"post-6280","1":"product","2":"type-product","3":"status-publish","4":"has-post-thumbnail","6":"product_cat-vere","7":"product_cat-vere-e-bardhe","9":"first","10":"instock","11":"shipping-taxable","12":"purchasable","13":"product-type-simple"},"_links":{"self":[{"href":"https:\/\/alehandrogroup.al\/en\/wp-json\/wp\/v2\/product\/6280","targetHints":{"allow":["GET"]}}],"collection":[{"href":"https:\/\/alehandrogroup.al\/en\/wp-json\/wp\/v2\/product"}],"about":[{"href":"https:\/\/alehandrogroup.al\/en\/wp-json\/wp\/v2\/types\/product"}],"version-history":[{"count":1,"href":"https:\/\/alehandrogroup.al\/en\/wp-json\/wp\/v2\/product\/6280\/revisions"}],"predecessor-version":[{"id":8083,"href":"https:\/\/alehandrogroup.al\/en\/wp-json\/wp\/v2\/product\/6280\/revisions\/8083"}],"wp:featuredmedia":[{"embeddable":true,"href":"https:\/\/alehandrogroup.al\/en\/wp-json\/wp\/v2\/media\/8082"}],"wp:attachment":[{"href":"https:\/\/alehandrogroup.al\/en\/wp-json\/wp\/v2\/media?parent=6280"}],"wp:term":[{"taxonomy":"product_brand","embeddable":true,"href":"https:\/\/alehandrogroup.al\/en\/wp-json\/wp\/v2\/product_brand?post=6280"},{"taxonomy":"product_cat","embeddable":true,"href":"https:\/\/alehandrogroup.al\/en\/wp-json\/wp\/v2\/product_cat?post=6280"},{"taxonomy":"product_tag","embeddable":true,"href":"https:\/\/alehandrogroup.al\/en\/wp-json\/wp\/v2\/product_tag?post=6280"}],"curies":[{"name":"wp","href":"https:\/\/api.w.org\/{rel}","templated":true}]}}