{"id":6278,"date":"2025-02-11T13:26:32","date_gmt":"2025-02-11T13:26:32","guid":{"rendered":"https:\/\/alehandrogroup.al\/?post_type=product&#038;p=6278"},"modified":"2025-11-22T11:13:24","modified_gmt":"2025-11-22T11:13:24","slug":"gewurztraminer-kastelaz-elena-walch","status":"publish","type":"product","link":"https:\/\/alehandrogroup.al\/en\/product\/gewurztraminer-kastelaz-elena-walch\/","title":{"rendered":"GEWURZTRAMINER KASTELAZ &#8211; ELENA WALCH"},"content":{"rendered":"<h3><strong><em>P\u00ebrshkrimi i Ver\u00ebs: GEWURZTRAMINER KASTELAZ &#8211; ELENA WALCH<\/em><\/strong><\/h3>\n<p><em><strong>Detaje t\u00eb Prodhimit:<\/strong><\/em><\/p>\n<p><strong>Gew\u00fcrztraminer Kastelaz<\/strong> nga <strong>Elena Walch<\/strong> \u00ebsht\u00eb nj\u00eb ver\u00eb e bardh\u00eb ikonike nga Alto Adige, e cila vjen nga nj\u00eb nga parcelat m\u00eb t\u00eb mira p\u00ebr k\u00ebt\u00eb varietet \u2013 vreshtat <strong>Kastelaz<\/strong>. Kjo ver\u00eb \u00ebsht\u00eb nj\u00eb shprehje e past\u00ebr e terroirit unik t\u00eb rajonit dhe nj\u00eb nga interpretimet m\u00eb t\u00eb rafinuara t\u00eb Gew\u00fcrztraminer n\u00eb Itali.<\/p>\n<hr \/>\n<h3><strong><em>Karakteristikat<\/em><\/strong><\/h3>\n<ul>\n<li><strong>Ngjyra<\/strong>: E verdh\u00eb e art\u00eb e ndritshme, me reflektime delikate q\u00eb pasqyrojn\u00eb pasurin\u00eb e saj aromatike dhe kompleksitetin.<\/li>\n<li><strong>Aroma<\/strong>: Jasht\u00ebzakonisht e thell\u00eb dhe ekspresive, me nota t\u00eb tr\u00ebndafilit, luleve t\u00eb bardha, agrumeve t\u00eb pjekura dhe frutave tropikale si mango dhe lychee. Gjithashtu, dallohen nuanca t\u00eb er\u00ebzave delikate dhe nj\u00eb prekje e mjaltit.<\/li>\n<li><strong>Shija<\/strong>: E plot\u00eb dhe e but\u00eb, me nj\u00eb struktur\u00eb t\u00eb pasur dhe nj\u00eb ekuilib\u00ebr perfekt mes \u00ebmb\u00eblsis\u00eb natyrale dhe freskis\u00eb. Tekstura e saj e kadifenjt\u00eb shoq\u00ebrohet me nj\u00eb aciditet t\u00eb leht\u00eb q\u00eb e b\u00ebn ver\u00ebn t\u00eb q\u00ebndrueshme dhe t\u00eb k\u00ebndshme n\u00eb qiellz\u00eb. E gjat\u00eb, e ngroht\u00eb dhe e q\u00ebndrueshme, me nj\u00eb nd\u00ebrlikim aromatik q\u00eb vazhdon edhe pas g\u00eblltitjes.<\/li>\n<\/ul>\n<hr \/>\n<h3><em><strong>Shoq\u00ebrime t\u00eb Sugjeruara<\/strong><\/em><\/h3>\n<p><em>Kombinohet n\u00eb m\u00ebnyr\u00eb t\u00eb shk\u00eblqyer me:<\/em><\/p>\n<ul>\n<li><strong>Ushqime aziatike dhe pikante<\/strong>: sushi, thai curry ose pjata me xhinxher dhe limon.<\/li>\n<li><strong>Djathra aromatik\u00eb<\/strong>: djathra t\u00eb but\u00eb dhe aromatik\u00eb si Roquefort, Gorgonzola dolce dhe Munster.<\/li>\n<li><strong>Fruta deti<\/strong>: kallamar\u00eb dhe karkaleca t\u00eb gatuar me er\u00ebza delikate.<\/li>\n<li><strong>Pjata vegjetariane<\/strong>: gatime me baz\u00eb kungulli, pat\u00ebllxhani ose k\u00ebrpudha.<\/li>\n<li><strong>Sushi<\/strong><\/li>\n<\/ul>","protected":false},"excerpt":{"rendered":"<p>P\u00ebrshkrimi i Ver\u00ebs: GEWURZTRAMINER KASTELAZ &#8211; ELENA WALCH Detaje t\u00eb Prodhimit: Gew\u00fcrztraminer Kastelaz nga Elena Walch \u00ebsht\u00eb nj\u00eb ver\u00eb e bardh\u00eb ikonike nga Alto Adige, e cila vjen nga nj\u00eb nga parcelat m\u00eb t\u00eb mira p\u00ebr k\u00ebt\u00eb varietet \u2013 vreshtat Kastelaz. Kjo ver\u00eb \u00ebsht\u00eb nj\u00eb shprehje e past\u00ebr e terroirit unik t\u00eb rajonit dhe nj\u00eb [&hellip;]<\/p>\n","protected":false},"featured_media":7590,"template":"","meta":[],"product_brand":[],"product_cat":[58,41],"product_tag":[],"class_list":{"0":"post-6278","1":"product","2":"type-product","3":"status-publish","4":"has-post-thumbnail","6":"product_cat-vere","7":"product_cat-vere-e-bardhe","9":"first","10":"instock","11":"shipping-taxable","12":"purchasable","13":"product-type-simple"},"_links":{"self":[{"href":"https:\/\/alehandrogroup.al\/en\/wp-json\/wp\/v2\/product\/6278","targetHints":{"allow":["GET"]}}],"collection":[{"href":"https:\/\/alehandrogroup.al\/en\/wp-json\/wp\/v2\/product"}],"about":[{"href":"https:\/\/alehandrogroup.al\/en\/wp-json\/wp\/v2\/types\/product"}],"version-history":[{"count":1,"href":"https:\/\/alehandrogroup.al\/en\/wp-json\/wp\/v2\/product\/6278\/revisions"}],"predecessor-version":[{"id":7591,"href":"https:\/\/alehandrogroup.al\/en\/wp-json\/wp\/v2\/product\/6278\/revisions\/7591"}],"wp:featuredmedia":[{"embeddable":true,"href":"https:\/\/alehandrogroup.al\/en\/wp-json\/wp\/v2\/media\/7590"}],"wp:attachment":[{"href":"https:\/\/alehandrogroup.al\/en\/wp-json\/wp\/v2\/media?parent=6278"}],"wp:term":[{"taxonomy":"product_brand","embeddable":true,"href":"https:\/\/alehandrogroup.al\/en\/wp-json\/wp\/v2\/product_brand?post=6278"},{"taxonomy":"product_cat","embeddable":true,"href":"https:\/\/alehandrogroup.al\/en\/wp-json\/wp\/v2\/product_cat?post=6278"},{"taxonomy":"product_tag","embeddable":true,"href":"https:\/\/alehandrogroup.al\/en\/wp-json\/wp\/v2\/product_tag?post=6278"}],"curies":[{"name":"wp","href":"https:\/\/api.w.org\/{rel}","templated":true}]}}