{"id":6269,"date":"2025-02-11T13:09:34","date_gmt":"2025-02-11T13:09:34","guid":{"rendered":"https:\/\/alehandrogroup.al\/?post_type=product&#038;p=6269"},"modified":"2025-12-24T11:21:43","modified_gmt":"2025-12-24T11:21:43","slug":"provence-rose-by-ott-domaines-ott","status":"publish","type":"product","link":"https:\/\/alehandrogroup.al\/en\/product\/provence-rose-by-ott-domaines-ott\/","title":{"rendered":"PROVENCE ROSE BY OTT &#8211; DOMAINES OTT"},"content":{"rendered":"<h3><strong><em>P\u00ebrshkrimi i Ver\u00ebs: PROVENCE ROSE BY OTT &#8211; DOMAINES OTT<\/em><\/strong><\/h3>\n<p><em><strong>Detaje t\u00eb Prodhimit:<\/strong><\/em><\/p>\n<p><strong>Provence Ros\u00e9 By Ott<\/strong> \u00ebsht\u00eb nj\u00eb ver\u00eb roz\u00eb e rafinuar dhe elegante, q\u00eb mish\u00ebron stilin dhe tradit\u00ebn e famshme t\u00eb Domaines Ott. Kjo ver\u00eb prodhohet nga rrushi m\u00eb i mir\u00eb i zgjedhur nga vreshtat e Provence, duke kombinuar freskin\u00eb, delikates\u00ebn dhe aromat karakteristike t\u00eb Mesdheut.<\/p>\n<hr \/>\n<h3><strong><em>Karakteristikat<\/em><\/strong><\/h3>\n<ul>\n<li><strong>Ngjyra<\/strong>: Roz\u00eb e \u00e7elur dhe e ndritshme me reflektime t\u00eb lehta t\u00eb pjeshk\u00ebs dhe nuanca t\u00eb flor\u00ebs s\u00eb but\u00eb.<\/li>\n<li><strong>Aroma<\/strong>: Aromat jan\u00eb t\u00eb fresk\u00ebta dhe delikate, me nota t\u00eb frutave t\u00eb pjekur si pjeshka e bardh\u00eb, kajsia dhe luleshtrydhja e fresk\u00ebt, t\u00eb nd\u00ebrlidhura me prekje agrumesh dhe lulesh t\u00eb bardha. Gjithashtu, shfaq nuanca minerale t\u00eb lehta q\u00eb i shtojn\u00eb eleganc\u00ebn.<\/li>\n<li><strong>Shija<\/strong>: E ekuilibruar dhe e but\u00eb n\u00eb qiellz\u00eb, me nj\u00eb struktur\u00eb t\u00eb leht\u00eb, por t\u00eb pasur. Aciditeti i gjall\u00eb sjell freski dhe vitalitet, nd\u00ebrsa notat frutore harmonizohen me nj\u00eb prekje t\u00eb leht\u00eb er\u00ebzash mesdhetare. E gjat\u00eb dhe e k\u00ebndshme, me nj\u00eb freski q\u00eb e b\u00ebn k\u00ebt\u00eb ver\u00eb perfekte p\u00ebr konsum gjat\u00eb dit\u00ebve t\u00eb ngrohta verore.<\/li>\n<\/ul>\n<hr \/>\n<h3><em><strong>Shoq\u00ebrime t\u00eb Sugjeruara<\/strong><\/em><\/h3>\n<p><em>Kombinohet n\u00eb m\u00ebnyr\u00eb t\u00eb shk\u00eblqyer me:<\/em><\/p>\n<ul>\n<li><strong>Fruta deti t\u00eb fresk\u00ebta<\/strong><\/li>\n<li><strong>Peshk t\u00eb pjekur n\u00eb zgar\u00eb<\/strong><\/li>\n<li><strong>Sallata t\u00eb fresk\u00ebta dhe antipasta mesdhetare<\/strong><\/li>\n<li><strong>Sushi<\/strong><\/li>\n<li><strong>Pasta<\/strong><\/li>\n<li><strong>Mish t\u00eb bardh\u00eb<\/strong><\/li>\n<li><strong>Rizotto<\/strong><\/li>\n<\/ul>","protected":false},"excerpt":{"rendered":"<p>P\u00ebrshkrimi i Ver\u00ebs: PROVENCE ROSE BY OTT &#8211; DOMAINES OTT Detaje t\u00eb Prodhimit: Provence Ros\u00e9 By Ott \u00ebsht\u00eb nj\u00eb ver\u00eb roz\u00eb e rafinuar dhe elegante, q\u00eb mish\u00ebron stilin dhe tradit\u00ebn e famshme t\u00eb Domaines Ott. Kjo ver\u00eb prodhohet nga rrushi m\u00eb i mir\u00eb i zgjedhur nga vreshtat e Provence, duke kombinuar freskin\u00eb, delikates\u00ebn dhe aromat [&hellip;]<\/p>\n","protected":false},"featured_media":7951,"template":"","meta":[],"product_brand":[],"product_cat":[58,69],"product_tag":[],"class_list":{"0":"post-6269","1":"product","2":"type-product","3":"status-publish","4":"has-post-thumbnail","6":"product_cat-vere","7":"product_cat-vere-roze","9":"first","10":"instock","11":"shipping-taxable","12":"purchasable","13":"product-type-simple"},"_links":{"self":[{"href":"https:\/\/alehandrogroup.al\/en\/wp-json\/wp\/v2\/product\/6269","targetHints":{"allow":["GET"]}}],"collection":[{"href":"https:\/\/alehandrogroup.al\/en\/wp-json\/wp\/v2\/product"}],"about":[{"href":"https:\/\/alehandrogroup.al\/en\/wp-json\/wp\/v2\/types\/product"}],"version-history":[{"count":1,"href":"https:\/\/alehandrogroup.al\/en\/wp-json\/wp\/v2\/product\/6269\/revisions"}],"predecessor-version":[{"id":7952,"href":"https:\/\/alehandrogroup.al\/en\/wp-json\/wp\/v2\/product\/6269\/revisions\/7952"}],"wp:featuredmedia":[{"embeddable":true,"href":"https:\/\/alehandrogroup.al\/en\/wp-json\/wp\/v2\/media\/7951"}],"wp:attachment":[{"href":"https:\/\/alehandrogroup.al\/en\/wp-json\/wp\/v2\/media?parent=6269"}],"wp:term":[{"taxonomy":"product_brand","embeddable":true,"href":"https:\/\/alehandrogroup.al\/en\/wp-json\/wp\/v2\/product_brand?post=6269"},{"taxonomy":"product_cat","embeddable":true,"href":"https:\/\/alehandrogroup.al\/en\/wp-json\/wp\/v2\/product_cat?post=6269"},{"taxonomy":"product_tag","embeddable":true,"href":"https:\/\/alehandrogroup.al\/en\/wp-json\/wp\/v2\/product_tag?post=6269"}],"curies":[{"name":"wp","href":"https:\/\/api.w.org\/{rel}","templated":true}]}}