{"id":6268,"date":"2025-02-11T13:13:07","date_gmt":"2025-02-11T13:13:07","guid":{"rendered":"https:\/\/alehandrogroup.al\/?post_type=product&#038;p=6268"},"modified":"2025-12-09T13:28:32","modified_gmt":"2025-12-09T13:28:32","slug":"lagrein-elena-walch","status":"publish","type":"product","link":"https:\/\/alehandrogroup.al\/en\/product\/lagrein-elena-walch\/","title":{"rendered":"LAGREIN &#8211; ELENA WALCH"},"content":{"rendered":"<h3><strong><em>P\u00ebrshkrimi i Ver\u00ebs: LAGREIN &#8211; ELENA WALCH<\/em><\/strong><\/h3>\n<p><em><strong>Detaje t\u00eb Prodhimit:<\/strong><\/em><\/p>\n<p><strong>Lagrein<\/strong> nga <strong>Elena Walch<\/strong> \u00ebsht\u00eb nj\u00eb ver\u00eb e kuqe elegante dhe karakteristike nga Alto Adige, q\u00eb pasqyron m\u00eb s\u00eb miri potencialin e k\u00ebtij varieteti autokton. Me nj\u00eb struktur\u00eb t\u00eb thell\u00eb dhe t\u00eb pasur, kjo ver\u00eb p\u00ebrfaq\u00ebson kombinimin perfekt midis tradit\u00ebs alpine dhe mjesht\u00ebris\u00eb moderne t\u00eb kantin\u00ebs Elena Walch.<\/p>\n<hr \/>\n<h3><strong><em>Karakteristikat<\/em><\/strong><\/h3>\n<ul>\n<li><strong>Ngjyra<\/strong>: E kuqe rubin e thell\u00eb me reflektime vjollc\u00eb, q\u00eb tregon intensitetin dhe p\u00ebrqendrimin e ver\u00ebs.<\/li>\n<li><strong>Aroma<\/strong>: Buket kompleks dhe i pasur me nota t\u00eb frutave t\u00eb pyllit, si mjedra dhe manaferra, t\u00eb nd\u00ebrlidhura me nuanca t\u00eb holla t\u00eb \u00e7okollat\u00ebs s\u00eb zez\u00eb, er\u00ebzave delikate.<\/li>\n<li><strong>Shija<\/strong>: E fuqishme dhe e rrumbullak\u00ebt, me tanine t\u00eb buta dhe t\u00eb rafinuara. Trupi i plot\u00eb kombinohet me nj\u00eb struktur\u00eb t\u00eb shk\u00eblqyer, duke dhuruar nj\u00eb ekuilib\u00ebr t\u00eb mrekulluesh\u00ebm mes freskis\u00eb dhe ndjesis\u00eb s\u00eb but\u00eb n\u00eb goj\u00eb. E gjat\u00eb dhe e q\u00ebndrueshme, me nj\u00eb prekje minerale dhe ndjesi t\u00eb k\u00ebndshme prej kakaoje dhe frutash t\u00eb pjekur.<\/li>\n<\/ul>\n<hr \/>\n<h3><em><strong>Shoq\u00ebrime t\u00eb Sugjeruara<\/strong><\/em><\/h3>\n<p><em>Kombinohet n\u00eb m\u00ebnyr\u00eb t\u00eb shk\u00eblqyer me:<\/em><\/p>\n<ul>\n<li><strong>Mishrat e kuq<\/strong><\/li>\n<li><strong>Pjatat tradicionale alpine<\/strong><\/li>\n<li><strong>Djathrat e stazhionuar<\/strong><\/li>\n<li><strong>Pjatat me k\u00ebrpudha<\/strong><\/li>\n<\/ul>","protected":false},"excerpt":{"rendered":"<p>P\u00ebrshkrimi i Ver\u00ebs: LAGREIN &#8211; ELENA WALCH Detaje t\u00eb Prodhimit: Lagrein nga Elena Walch \u00ebsht\u00eb nj\u00eb ver\u00eb e kuqe elegante dhe karakteristike nga Alto Adige, q\u00eb pasqyron m\u00eb s\u00eb miri potencialin e k\u00ebtij varieteti autokton. Me nj\u00eb struktur\u00eb t\u00eb thell\u00eb dhe t\u00eb pasur, kjo ver\u00eb p\u00ebrfaq\u00ebson kombinimin perfekt midis tradit\u00ebs alpine dhe mjesht\u00ebris\u00eb moderne t\u00eb [&hellip;]<\/p>\n","protected":false},"featured_media":7837,"template":"","meta":[],"product_brand":[],"product_cat":[58,46],"product_tag":[],"class_list":{"0":"post-6268","1":"product","2":"type-product","3":"status-publish","4":"has-post-thumbnail","6":"product_cat-vere","7":"product_cat-vere-e-kuqe","9":"first","10":"instock","11":"shipping-taxable","12":"purchasable","13":"product-type-simple"},"_links":{"self":[{"href":"https:\/\/alehandrogroup.al\/en\/wp-json\/wp\/v2\/product\/6268","targetHints":{"allow":["GET"]}}],"collection":[{"href":"https:\/\/alehandrogroup.al\/en\/wp-json\/wp\/v2\/product"}],"about":[{"href":"https:\/\/alehandrogroup.al\/en\/wp-json\/wp\/v2\/types\/product"}],"version-history":[{"count":1,"href":"https:\/\/alehandrogroup.al\/en\/wp-json\/wp\/v2\/product\/6268\/revisions"}],"predecessor-version":[{"id":7838,"href":"https:\/\/alehandrogroup.al\/en\/wp-json\/wp\/v2\/product\/6268\/revisions\/7838"}],"wp:featuredmedia":[{"embeddable":true,"href":"https:\/\/alehandrogroup.al\/en\/wp-json\/wp\/v2\/media\/7837"}],"wp:attachment":[{"href":"https:\/\/alehandrogroup.al\/en\/wp-json\/wp\/v2\/media?parent=6268"}],"wp:term":[{"taxonomy":"product_brand","embeddable":true,"href":"https:\/\/alehandrogroup.al\/en\/wp-json\/wp\/v2\/product_brand?post=6268"},{"taxonomy":"product_cat","embeddable":true,"href":"https:\/\/alehandrogroup.al\/en\/wp-json\/wp\/v2\/product_cat?post=6268"},{"taxonomy":"product_tag","embeddable":true,"href":"https:\/\/alehandrogroup.al\/en\/wp-json\/wp\/v2\/product_tag?post=6268"}],"curies":[{"name":"wp","href":"https:\/\/api.w.org\/{rel}","templated":true}]}}