{"id":6266,"date":"2025-02-11T13:02:28","date_gmt":"2025-02-11T13:02:28","guid":{"rendered":"https:\/\/alehandrogroup.al\/?post_type=product&#038;p=6266"},"modified":"2025-12-24T09:56:19","modified_gmt":"2025-12-24T09:56:19","slug":"ott-chateau-roman-bandol-domaines-ott","status":"publish","type":"product","link":"https:\/\/alehandrogroup.al\/en\/product\/ott-chateau-roman-bandol-domaines-ott\/","title":{"rendered":"OTT CHATEAU ROMAN BANDOL &#8211; DOMAINES OTT"},"content":{"rendered":"<h3><strong><em>P\u00ebrshkrimi i Ver\u00ebs: OTT CHATEAU ROMAN BANDOL &#8211; DOMAINES OTT<\/em><\/strong><\/h3>\n<p><em><strong>Detaje t\u00eb Prodhimit:<\/strong><\/em><\/p>\n<p><strong>OTT Ch\u00e2teau Romassan Bandol<\/strong> \u00ebsht\u00eb nj\u00eb ver\u00eb ikonike nga Domaines Ott, e prodhuar n\u00eb rajonin prestigjioz t\u00eb Bandol n\u00eb Provence. Ky ver\u00eb p\u00ebrfaq\u00ebson m\u00eb s\u00eb miri tradit\u00ebn dhe ekspertiz\u00ebn e kantin\u00ebs, duke sjell\u00eb nj\u00eb kombinim t\u00eb eleganc\u00ebs, struktur\u00ebs dhe freskis\u00eb q\u00eb \u00ebsht\u00eb tipike p\u00ebr k\u00ebt\u00eb apelacion t\u00eb famsh\u00ebm.<\/p>\n<hr \/>\n<h3><strong><em>Karakteristikat<\/em><\/strong><\/h3>\n<ul>\n<li><strong>Ngjyra<\/strong>: Roz\u00eb e but\u00eb me reflektime t\u00eb lehta t\u00eb pjeshk\u00ebs dhe nj\u00eb ndri\u00e7im t\u00eb ndritsh\u00ebm q\u00eb pasqyron cil\u00ebsin\u00eb dhe sofistikimin e ver\u00ebs.<\/li>\n<li><strong>Aroma<\/strong>: Aromat jan\u00eb t\u00eb pasura dhe delikate, me nota t\u00eb frutave t\u00eb fresk\u00ebta si kajsia, pjeshka dhe rrush pa fara t\u00eb bardh\u00eb, t\u00eb nd\u00ebrlidhura me nuanca t\u00eb agrumeve dhe barishteve aromatike mesdhetare si rozmarina dhe trumza. Gjithashtu, shfaq aroma t\u00eb lehta minerale q\u00eb i japin karakter t\u00eb ve\u00e7ant\u00eb.<\/li>\n<li><strong>Shija<\/strong>: N\u00eb qiellz\u00eb \u00ebsht\u00eb e strukturuar dhe e sofistikuar, me nj\u00eb balanc\u00eb t\u00eb p\u00ebrkryer midis freskis\u00eb dhe nj\u00eb trupi t\u00eb pasur. Aciditeti i fresk\u00ebt i jep jet\u00eb ver\u00ebs, nd\u00ebrsa tekstura e saj e but\u00eb dhe elegante sjell nj\u00eb ndjesi t\u00eb k\u00ebndshme dhe t\u00eb gjat\u00eb n\u00eb fund.<\/li>\n<\/ul>\n<hr \/>\n<h3><em><strong>Shoq\u00ebrime t\u00eb Sugjeruara<\/strong><\/em><\/h3>\n<p><em>Kombinohet n\u00eb m\u00ebnyr\u00eb t\u00eb shk\u00eblqyer me:<\/em><\/p>\n<ul>\n<li><strong>Peshk dhe fruta deti t\u00eb fresk\u00ebta<\/strong><\/li>\n<li><strong>Sushi<\/strong><\/li>\n<li><strong>Pasta<\/strong><\/li>\n<li><strong>Mish t\u00eb bardh\u00eb<\/strong><\/li>\n<li><strong>Rizotto<\/strong><\/li>\n<\/ul>","protected":false},"excerpt":{"rendered":"<p>P\u00ebrshkrimi i Ver\u00ebs: OTT CHATEAU ROMAN BANDOL &#8211; DOMAINES OTT Detaje t\u00eb Prodhimit: OTT Ch\u00e2teau Romassan Bandol \u00ebsht\u00eb nj\u00eb ver\u00eb ikonike nga Domaines Ott, e prodhuar n\u00eb rajonin prestigjioz t\u00eb Bandol n\u00eb Provence. Ky ver\u00eb p\u00ebrfaq\u00ebson m\u00eb s\u00eb miri tradit\u00ebn dhe ekspertiz\u00ebn e kantin\u00ebs, duke sjell\u00eb nj\u00eb kombinim t\u00eb eleganc\u00ebs, struktur\u00ebs dhe freskis\u00eb q\u00eb \u00ebsht\u00eb [&hellip;]<\/p>\n","protected":false},"featured_media":7901,"template":"","meta":[],"product_brand":[],"product_cat":[58,69],"product_tag":[],"class_list":{"0":"post-6266","1":"product","2":"type-product","3":"status-publish","4":"has-post-thumbnail","6":"product_cat-vere","7":"product_cat-vere-roze","9":"first","10":"instock","11":"shipping-taxable","12":"purchasable","13":"product-type-simple"},"_links":{"self":[{"href":"https:\/\/alehandrogroup.al\/en\/wp-json\/wp\/v2\/product\/6266","targetHints":{"allow":["GET"]}}],"collection":[{"href":"https:\/\/alehandrogroup.al\/en\/wp-json\/wp\/v2\/product"}],"about":[{"href":"https:\/\/alehandrogroup.al\/en\/wp-json\/wp\/v2\/types\/product"}],"version-history":[{"count":1,"href":"https:\/\/alehandrogroup.al\/en\/wp-json\/wp\/v2\/product\/6266\/revisions"}],"predecessor-version":[{"id":7902,"href":"https:\/\/alehandrogroup.al\/en\/wp-json\/wp\/v2\/product\/6266\/revisions\/7902"}],"wp:featuredmedia":[{"embeddable":true,"href":"https:\/\/alehandrogroup.al\/en\/wp-json\/wp\/v2\/media\/7901"}],"wp:attachment":[{"href":"https:\/\/alehandrogroup.al\/en\/wp-json\/wp\/v2\/media?parent=6266"}],"wp:term":[{"taxonomy":"product_brand","embeddable":true,"href":"https:\/\/alehandrogroup.al\/en\/wp-json\/wp\/v2\/product_brand?post=6266"},{"taxonomy":"product_cat","embeddable":true,"href":"https:\/\/alehandrogroup.al\/en\/wp-json\/wp\/v2\/product_cat?post=6266"},{"taxonomy":"product_tag","embeddable":true,"href":"https:\/\/alehandrogroup.al\/en\/wp-json\/wp\/v2\/product_tag?post=6266"}],"curies":[{"name":"wp","href":"https:\/\/api.w.org\/{rel}","templated":true}]}}