{"id":6264,"date":"2025-02-11T12:49:36","date_gmt":"2025-02-11T12:49:36","guid":{"rendered":"https:\/\/alehandrogroup.al\/?post_type=product&#038;p=6264"},"modified":"2025-12-02T13:45:36","modified_gmt":"2025-12-02T13:45:36","slug":"duality-sauvignon-blanc-specogna","status":"publish","type":"product","link":"https:\/\/alehandrogroup.al\/en\/product\/duality-sauvignon-blanc-specogna\/","title":{"rendered":"DUALITY SAUVIGNON BLANC &#8211; SPECOGNA"},"content":{"rendered":"<h3><strong><em>P\u00ebrshkrimi i Ver\u00ebs: DUALITY SAUVIGNON BLANC &#8211; SPECOGNA<\/em><\/strong><\/h3>\n<p><em><strong>Detaje t\u00eb Prodhimit:<\/strong><\/em><\/p>\n<p><strong>Duality Sauvignon Blanc<\/strong> nga Specogna \u00ebsht\u00eb nj\u00eb ver\u00eb e rafinuar dhe ekspresive, q\u00eb p\u00ebrfaq\u00ebson m\u00eb s\u00eb miri potencialin e rrushit Sauvignon Blanc n\u00eb rajonin e Friuli Venezia Giulia. Ky ver\u00eb \u00ebsht\u00eb rezultat i nj\u00eb vinifikimi t\u00eb kujdessh\u00ebm, duke kombinuar kompleksitetin, freskin\u00eb dhe eleganc\u00ebn p\u00ebr t\u00eb krijuar nj\u00eb shije t\u00eb ve\u00e7ant\u00eb dhe t\u00eb paharrueshme.<\/p>\n<hr \/>\n<h3><strong><em>Karakteristikat<\/em><\/strong><\/h3>\n<ul>\n<li><strong>Ngjyra<\/strong>: E verdh\u00eb e ndritshme me reflektime t\u00eb lehta t\u00eb arta, q\u00eb tregon freskin\u00eb dhe past\u00ebrtin\u00eb e ver\u00ebs.<\/li>\n<li><strong>Aroma<\/strong>: Aromat jan\u00eb t\u00eb pasura dhe shum\u00eb t\u00eb nuancuara, me nota t\u00eb theksuara t\u00eb agrumeve si lime dhe qitro, t\u00eb kombinuara me fruta tropikale si mango dhe fruta pasioni. Gjithashtu shfaq nuanca t\u00eb barishteve aromatike, si fleta e domates dhe borziloku, q\u00eb i japin ver\u00ebs nj\u00eb karakter t\u00eb fresk\u00ebt dhe intrigues.<\/li>\n<li><strong>Shija<\/strong>: N\u00eb qiellz\u00eb \u00ebsht\u00eb elegante dhe e balancuar, me nj\u00eb struktur\u00eb t\u00eb mir\u00eb dhe nj\u00eb aciditet t\u00eb gjall\u00eb q\u00eb e b\u00ebn shijen freskuese dhe dinamike. Notat minerale dhe nj\u00eb ndjesi e leht\u00eb kremoze n\u00eb fund i japin ver\u00ebs nj\u00eb dimension t\u00eb m\u00ebtejsh\u00ebm kompleksiteti.<\/li>\n<\/ul>\n<hr \/>\n<h3><em><strong>Shoq\u00ebrime t\u00eb Sugjeruara<\/strong><\/em><\/h3>\n<p><em>Kombinohet n\u00eb m\u00ebnyr\u00eb t\u00eb shk\u00eblqyer me:<\/em><\/p>\n<ul>\n<li><strong>Pjatat me peshk t\u00eb fresk\u00ebt<\/strong><\/li>\n<li><strong>Sushi<\/strong><\/li>\n<li><strong>Pasta<\/strong><\/li>\n<li><strong>Mish t\u00eb bardh\u00eb<\/strong><\/li>\n<li><strong>Rizotto<\/strong><\/li>\n<\/ul>","protected":false},"excerpt":{"rendered":"<p>P\u00ebrshkrimi i Ver\u00ebs: DUALITY SAUVIGNON BLANC &#8211; SPECOGNA Detaje t\u00eb Prodhimit: Duality Sauvignon Blanc nga Specogna \u00ebsht\u00eb nj\u00eb ver\u00eb e rafinuar dhe ekspresive, q\u00eb p\u00ebrfaq\u00ebson m\u00eb s\u00eb miri potencialin e rrushit Sauvignon Blanc n\u00eb rajonin e Friuli Venezia Giulia. Ky ver\u00eb \u00ebsht\u00eb rezultat i nj\u00eb vinifikimi t\u00eb kujdessh\u00ebm, duke kombinuar kompleksitetin, freskin\u00eb dhe eleganc\u00ebn p\u00ebr [&hellip;]<\/p>\n","protected":false},"featured_media":7761,"template":"","meta":[],"product_brand":[],"product_cat":[58,41],"product_tag":[],"class_list":{"0":"post-6264","1":"product","2":"type-product","3":"status-publish","4":"has-post-thumbnail","6":"product_cat-vere","7":"product_cat-vere-e-bardhe","9":"first","10":"instock","11":"shipping-taxable","12":"purchasable","13":"product-type-simple"},"_links":{"self":[{"href":"https:\/\/alehandrogroup.al\/en\/wp-json\/wp\/v2\/product\/6264","targetHints":{"allow":["GET"]}}],"collection":[{"href":"https:\/\/alehandrogroup.al\/en\/wp-json\/wp\/v2\/product"}],"about":[{"href":"https:\/\/alehandrogroup.al\/en\/wp-json\/wp\/v2\/types\/product"}],"version-history":[{"count":1,"href":"https:\/\/alehandrogroup.al\/en\/wp-json\/wp\/v2\/product\/6264\/revisions"}],"predecessor-version":[{"id":7762,"href":"https:\/\/alehandrogroup.al\/en\/wp-json\/wp\/v2\/product\/6264\/revisions\/7762"}],"wp:featuredmedia":[{"embeddable":true,"href":"https:\/\/alehandrogroup.al\/en\/wp-json\/wp\/v2\/media\/7761"}],"wp:attachment":[{"href":"https:\/\/alehandrogroup.al\/en\/wp-json\/wp\/v2\/media?parent=6264"}],"wp:term":[{"taxonomy":"product_brand","embeddable":true,"href":"https:\/\/alehandrogroup.al\/en\/wp-json\/wp\/v2\/product_brand?post=6264"},{"taxonomy":"product_cat","embeddable":true,"href":"https:\/\/alehandrogroup.al\/en\/wp-json\/wp\/v2\/product_cat?post=6264"},{"taxonomy":"product_tag","embeddable":true,"href":"https:\/\/alehandrogroup.al\/en\/wp-json\/wp\/v2\/product_tag?post=6264"}],"curies":[{"name":"wp","href":"https:\/\/api.w.org\/{rel}","templated":true}]}}