{"id":6262,"date":"2025-02-11T12:45:57","date_gmt":"2025-02-11T12:45:57","guid":{"rendered":"https:\/\/alehandrogroup.al\/?post_type=product&#038;p=6262"},"modified":"2025-12-24T10:18:48","modified_gmt":"2025-12-24T10:18:48","slug":"pinot-grigio-ramato-riserva-specogna","status":"publish","type":"product","link":"https:\/\/alehandrogroup.al\/en\/product\/pinot-grigio-ramato-riserva-specogna\/","title":{"rendered":"PINOT GRIGIO RAMATO RISERVA &#8211; SPECOGNA"},"content":{"rendered":"<h3><strong><em>P\u00ebrshkrimi i Ver\u00ebs: PINOT GRIGIO RAMATO RISERVA &#8211; SPECOGNA<\/em><\/strong><\/h3>\n<p><em><strong>Detaje t\u00eb Prodhimit:<\/strong><\/em><\/p>\n<p><strong>Pinot Grigio Ramato Riserva<\/strong> nga Specogna \u00ebsht\u00eb nj\u00eb ver\u00eb elegante dhe e ve\u00e7ant\u00eb, q\u00eb mish\u00ebron tradit\u00ebn dhe mjesht\u00ebrin\u00eb e prodhimit t\u00eb Pinot Grigio-s n\u00eb rajonin e Friuli Venezia Giulia. Emri &#8220;Ramato&#8221; (q\u00eb n\u00eb italisht do t\u00eb thot\u00eb &#8220;ngjyr\u00eb bakri&#8221;) vjen nga teknika e ve\u00e7ant\u00eb e macerimit t\u00eb l\u00ebkurave t\u00eb rrushit me l\u00ebngun, duke i dh\u00ebn\u00eb ver\u00ebs nj\u00eb tonalitet t\u00eb ve\u00e7ant\u00eb roz\u00eb-portokalli dhe nj\u00eb kompleksitet aromatik t\u00eb dalluesh\u00ebm.<\/p>\n<hr \/>\n<h3><strong><em>Karakteristikat<\/em><\/strong><\/h3>\n<ul>\n<li><strong>Ngjyra<\/strong>: E art\u00eb me nuanca bakri dhe roz\u00eb t\u00eb but\u00eb, nj\u00eb karakteristik\u00eb tipike e Pinot Grigio Ramato, q\u00eb reflekton procesin e ve\u00e7ant\u00eb t\u00eb macerimit t\u00eb l\u00ebkurave.<\/li>\n<li><strong>Aroma<\/strong>: Shfaq nj\u00eb profil aromatik kompleks dhe intrigues me nota frutash t\u00eb pjekura si pjeshka, kajsia dhe agrumet, t\u00eb kombinuara me nuanca t\u00eb lehta t\u00eb luleve t\u00eb bardha, er\u00ebzave delikate dhe nj\u00eb prekje vaniljeje nga maturimi n\u00eb fu\u00e7i druri.<\/li>\n<li><strong>Shija<\/strong>: N\u00eb qiellz\u00eb \u00ebsht\u00eb e pasur dhe e strukturuar, me nj\u00eb ekuilib\u00ebr perfekt mes freskis\u00eb, kompleksitetit dhe nj\u00eb ndjesie minerale t\u00eb k\u00ebndshme. Aciditeti i gjall\u00eb siguron nj\u00eb freski t\u00eb shk\u00eblqyer, nd\u00ebrsa notat e frutave t\u00eb pjekura dhe t\u00eb drurit ofrojn\u00eb nj\u00eb thell\u00ebsi dhe eleganc\u00eb unike.<\/li>\n<\/ul>\n<hr \/>\n<h3><em><strong>Shoq\u00ebrime t\u00eb Sugjeruara<\/strong><\/em><\/h3>\n<p><em>Kombinohet n\u00eb m\u00ebnyr\u00eb t\u00eb shk\u00eblqyer me:<\/em><\/p>\n<ul>\n<li><strong>Ushqime deti t\u00eb rafinuara<\/strong>: karkaleca, salmon i pjekur, kaviar ose goca deti.<\/li>\n<li><strong>Sushi<\/strong><\/li>\n<li><strong>Pasta<\/strong><\/li>\n<li><strong>Mish t\u00eb bardh\u00eb<\/strong><\/li>\n<\/ul>","protected":false},"excerpt":{"rendered":"<p>P\u00ebrshkrimi i Ver\u00ebs: PINOT GRIGIO RAMATO RISERVA &#8211; SPECOGNA Detaje t\u00eb Prodhimit: Pinot Grigio Ramato Riserva nga Specogna \u00ebsht\u00eb nj\u00eb ver\u00eb elegante dhe e ve\u00e7ant\u00eb, q\u00eb mish\u00ebron tradit\u00ebn dhe mjesht\u00ebrin\u00eb e prodhimit t\u00eb Pinot Grigio-s n\u00eb rajonin e Friuli Venezia Giulia. Emri &#8220;Ramato&#8221; (q\u00eb n\u00eb italisht do t\u00eb thot\u00eb &#8220;ngjyr\u00eb bakri&#8221;) vjen nga teknika e [&hellip;]<\/p>\n","protected":false},"featured_media":7919,"template":"","meta":[],"product_brand":[],"product_cat":[58,41],"product_tag":[],"class_list":{"0":"post-6262","1":"product","2":"type-product","3":"status-publish","4":"has-post-thumbnail","6":"product_cat-vere","7":"product_cat-vere-e-bardhe","9":"first","10":"instock","11":"shipping-taxable","12":"purchasable","13":"product-type-simple"},"_links":{"self":[{"href":"https:\/\/alehandrogroup.al\/en\/wp-json\/wp\/v2\/product\/6262","targetHints":{"allow":["GET"]}}],"collection":[{"href":"https:\/\/alehandrogroup.al\/en\/wp-json\/wp\/v2\/product"}],"about":[{"href":"https:\/\/alehandrogroup.al\/en\/wp-json\/wp\/v2\/types\/product"}],"version-history":[{"count":1,"href":"https:\/\/alehandrogroup.al\/en\/wp-json\/wp\/v2\/product\/6262\/revisions"}],"predecessor-version":[{"id":7920,"href":"https:\/\/alehandrogroup.al\/en\/wp-json\/wp\/v2\/product\/6262\/revisions\/7920"}],"wp:featuredmedia":[{"embeddable":true,"href":"https:\/\/alehandrogroup.al\/en\/wp-json\/wp\/v2\/media\/7919"}],"wp:attachment":[{"href":"https:\/\/alehandrogroup.al\/en\/wp-json\/wp\/v2\/media?parent=6262"}],"wp:term":[{"taxonomy":"product_brand","embeddable":true,"href":"https:\/\/alehandrogroup.al\/en\/wp-json\/wp\/v2\/product_brand?post=6262"},{"taxonomy":"product_cat","embeddable":true,"href":"https:\/\/alehandrogroup.al\/en\/wp-json\/wp\/v2\/product_cat?post=6262"},{"taxonomy":"product_tag","embeddable":true,"href":"https:\/\/alehandrogroup.al\/en\/wp-json\/wp\/v2\/product_tag?post=6262"}],"curies":[{"name":"wp","href":"https:\/\/api.w.org\/{rel}","templated":true}]}}