{"id":6260,"date":"2025-02-11T12:41:02","date_gmt":"2025-02-11T12:41:02","guid":{"rendered":"https:\/\/alehandrogroup.al\/?post_type=product&#038;p=6260"},"modified":"2025-12-24T10:16:48","modified_gmt":"2025-12-24T10:16:48","slug":"pinot-grigio-friuli-specogna","status":"publish","type":"product","link":"https:\/\/alehandrogroup.al\/en\/product\/pinot-grigio-friuli-specogna\/","title":{"rendered":"PINOT GRIGIO FRIULI &#8211; SPECOGNA"},"content":{"rendered":"<h3><strong><em>P\u00ebrshkrimi i Ver\u00ebs: PINOT GRIGIO FRIULI &#8211; SPECOGNA<\/em><\/strong><\/h3>\n<p><em><strong>Detaje t\u00eb Prodhimit:<\/strong><\/em><\/p>\n<p><strong>Pinot Grigio Friuli &#8211; Specogna<\/strong> \u00ebsht\u00eb nj\u00eb ver\u00eb e rafinuar dhe e fresk\u00ebt, q\u00eb pasqyron tiparet m\u00eb t\u00eb mira t\u00eb k\u00ebtij varieteti t\u00eb njohur bot\u00ebrisht. E prodhuar n\u00eb rajonin prestigjioz t\u00eb Friuli Venezia Giulia, ky Pinot Grigio shpreh plot\u00ebsisht karakteristikat e tokave t\u00eb pasura dhe klim\u00ebs s\u00eb favorshme t\u00eb zon\u00ebs, duke dhuruar nj\u00eb p\u00ebrvoj\u00eb shijimi t\u00eb harmonizuar dhe t\u00eb k\u00ebndshme.<\/p>\n<hr \/>\n<h3><strong><em>Karakteristikat<\/em><\/strong><\/h3>\n<ul>\n<li><strong>Ngjyra<\/strong>: Pinot Grigio i Specogna ka nj\u00eb ngjyr\u00eb t\u00eb past\u00ebr, me nuanca t\u00eb verdha dhe t\u00eb gjelbra, q\u00eb e b\u00ebjn\u00eb k\u00ebt\u00eb ver\u00eb t\u00eb duken fresk\u00ebt dhe t\u00eb gjall\u00eb. Shk\u00eblqimi i saj ndihmon n\u00eb pasqyrimin e cil\u00ebsis\u00eb dhe past\u00ebrtis\u00eb s\u00eb saj.<\/li>\n<li><strong>Aroma<\/strong>: Arom\u00eb t\u00eb pasur dhe t\u00eb k\u00ebndshme, me nota t\u00eb frutave t\u00eb fresk\u00ebta, si dardha dhe mela, t\u00eb cilat shoq\u00ebrohen nga nuanca m\u00eb delikate t\u00eb agrumeve dhe disa shenja t\u00eb luleve t\u00eb fresk\u00ebta. Aroma e tij \u00ebsht\u00eb e pasur dhe e balancuar, duke krijuar nj\u00eb p\u00ebrvoj\u00eb aromatike t\u00eb shijshme dhe t\u00eb k\u00ebndshme..<\/li>\n<li><strong>Shija<\/strong>: Esht\u00eb e pasur dhe harmonike, me nj\u00eb trup t\u00eb leht\u00eb dhe aciditet t\u00eb balancuar. Shija \u00ebsht\u00eb freskuese dhe e shijshme, me nj\u00eb pastharje t\u00eb pasur dhe t\u00eb q\u00ebndrueshme q\u00eb mbetet p\u00ebr nj\u00eb koh\u00eb t\u00eb gjat\u00eb. Ky Pinot Grigio ka nj\u00eb shije t\u00eb k\u00ebndshme dhe t\u00eb past\u00ebr, q\u00eb \u00ebsht\u00eb tipike p\u00ebr k\u00ebt\u00eb varietet.<\/li>\n<\/ul>\n<hr \/>\n<h3><em><strong>Shoq\u00ebrime t\u00eb Sugjeruara<\/strong><\/em><\/h3>\n<p><em>Kombinohet n\u00eb m\u00ebnyr\u00eb t\u00eb shk\u00eblqyer me:<\/em><\/p>\n<ul>\n<li>Pjatat me peshk t\u00eb fresk\u00ebt, si sushi ose fileto salmoni<\/li>\n<li>Sallatat me shije t\u00eb fresk\u00ebta dhe agrume<\/li>\n<li>Pjatat me mish t\u00eb bardh\u00eb, si pul\u00eb ose guacamole<\/li>\n<li>Sushi<\/li>\n<li>Pasta<\/li>\n<\/ul>","protected":false},"excerpt":{"rendered":"<p>P\u00ebrshkrimi i Ver\u00ebs: PINOT GRIGIO FRIULI &#8211; SPECOGNA Detaje t\u00eb Prodhimit: Pinot Grigio Friuli &#8211; Specogna \u00ebsht\u00eb nj\u00eb ver\u00eb e rafinuar dhe e fresk\u00ebt, q\u00eb pasqyron tiparet m\u00eb t\u00eb mira t\u00eb k\u00ebtij varieteti t\u00eb njohur bot\u00ebrisht. E prodhuar n\u00eb rajonin prestigjioz t\u00eb Friuli Venezia Giulia, ky Pinot Grigio shpreh plot\u00ebsisht karakteristikat e tokave t\u00eb pasura [&hellip;]<\/p>\n","protected":false},"featured_media":7917,"template":"","meta":[],"product_brand":[],"product_cat":[58,41],"product_tag":[],"class_list":{"0":"post-6260","1":"product","2":"type-product","3":"status-publish","4":"has-post-thumbnail","6":"product_cat-vere","7":"product_cat-vere-e-bardhe","9":"first","10":"instock","11":"shipping-taxable","12":"purchasable","13":"product-type-simple"},"_links":{"self":[{"href":"https:\/\/alehandrogroup.al\/en\/wp-json\/wp\/v2\/product\/6260","targetHints":{"allow":["GET"]}}],"collection":[{"href":"https:\/\/alehandrogroup.al\/en\/wp-json\/wp\/v2\/product"}],"about":[{"href":"https:\/\/alehandrogroup.al\/en\/wp-json\/wp\/v2\/types\/product"}],"version-history":[{"count":1,"href":"https:\/\/alehandrogroup.al\/en\/wp-json\/wp\/v2\/product\/6260\/revisions"}],"predecessor-version":[{"id":7918,"href":"https:\/\/alehandrogroup.al\/en\/wp-json\/wp\/v2\/product\/6260\/revisions\/7918"}],"wp:featuredmedia":[{"embeddable":true,"href":"https:\/\/alehandrogroup.al\/en\/wp-json\/wp\/v2\/media\/7917"}],"wp:attachment":[{"href":"https:\/\/alehandrogroup.al\/en\/wp-json\/wp\/v2\/media?parent=6260"}],"wp:term":[{"taxonomy":"product_brand","embeddable":true,"href":"https:\/\/alehandrogroup.al\/en\/wp-json\/wp\/v2\/product_brand?post=6260"},{"taxonomy":"product_cat","embeddable":true,"href":"https:\/\/alehandrogroup.al\/en\/wp-json\/wp\/v2\/product_cat?post=6260"},{"taxonomy":"product_tag","embeddable":true,"href":"https:\/\/alehandrogroup.al\/en\/wp-json\/wp\/v2\/product_tag?post=6260"}],"curies":[{"name":"wp","href":"https:\/\/api.w.org\/{rel}","templated":true}]}}