{"id":6258,"date":"2025-02-11T12:36:57","date_gmt":"2025-02-11T12:36:57","guid":{"rendered":"https:\/\/alehandrogroup.al\/?post_type=product&#038;p=6258"},"modified":"2025-12-26T11:45:07","modified_gmt":"2025-12-26T11:45:07","slug":"sauvignon-friuli-specogna","status":"publish","type":"product","link":"https:\/\/alehandrogroup.al\/en\/product\/sauvignon-friuli-specogna\/","title":{"rendered":"SAUVIGNON FRIULI &#8211; SPECOGNA"},"content":{"rendered":"<h3><strong><em>P\u00ebrshkrimi i Ver\u00ebs: SAUVIGNON FRIULI &#8211; SPECOGNA<\/em><\/strong><\/h3>\n<p><em><strong>Detaje t\u00eb Prodhimit:<\/strong><\/em><\/p>\n<p>Sauvignon i Specogna \u00ebsht\u00eb nj\u00eb shembull i shk\u00eblqyer i nj\u00eb vere t\u00eb fresk\u00ebt, me shije t\u00eb pasura dhe arom\u00eb t\u00eb thell\u00eb q\u00eb vjen nga nj\u00eb klim\u00eb ideale dhe kushte t\u00eb p\u00ebrshtatshme p\u00ebr prodhimin e nj\u00eb vere t\u00eb klasit t\u00eb lart\u00eb.<\/p>\n<hr \/>\n<h3><strong><em>Karakteristikat<\/em><\/strong><\/h3>\n<ul>\n<li><strong>Ngjyra<\/strong>: Ky Sauvignon Friuli ka nj\u00eb ngjyr\u00eb t\u00eb verdh\u00eb t\u00eb past\u00ebr dhe t\u00eb shk\u00eblqyer, me nuanca t\u00eb gjelbra q\u00eb pasqyrojn\u00eb freskin\u00eb dhe rinovimin e ver\u00ebs. Pamja e tij \u00ebsht\u00eb elegante dhe e past\u00ebr, q\u00eb pasqyron karakteristikat e larta t\u00eb cil\u00ebsis\u00eb t\u00eb rrushit t\u00eb p\u00ebrdorur.<\/li>\n<li><strong>Aroma<\/strong>: N\u00eb arom\u00eb, Sauvignon i Specogna \u00ebsht\u00eb i pasur dhe i fresk\u00ebt, me nota t\u00eb fuqishme t\u00eb agrumeve, si limon dhe grejpfrut, t\u00eb shoq\u00ebruara me nuanca t\u00eb pastra t\u00eb barit t\u00eb fresk\u00ebt dhe luleve. Kjo ver\u00eb shfaq gjithashtu aromat e her\u00eb pas hershme t\u00eb frutave tropikal\u00eb, si pasionfruit dhe mango, q\u00eb e b\u00ebjn\u00eb arom\u00ebn t\u00ebrheq\u00ebse dhe komplekse.<\/li>\n<li><strong>Shija<\/strong>: Sauvignon Friuli \u00ebsht\u00eb i fresk\u00ebt dhe i ndjesh\u00ebm, me nj\u00eb aciditet t\u00eb mir\u00ebbalancuar q\u00eb i jep struktur\u00eb dhe q\u00ebndrueshm\u00ebri. Shija e tij \u00ebsht\u00eb e pasur dhe e thell\u00eb, duke ofruar nj\u00eb p\u00ebrvoj\u00eb harmonike mes frutave dhe mineraleve, me nj\u00eb fund t\u00eb gjat\u00eb dhe t\u00eb k\u00ebndsh\u00ebm q\u00eb l\u00eb nj\u00eb ndjesi freskie dhe pasioni.<\/li>\n<\/ul>\n<hr \/>\n<h3><em><strong>Shoq\u00ebrime t\u00eb Sugjeruara<\/strong><\/em><\/h3>\n<p><em>Kombinohet n\u00eb m\u00ebnyr\u00eb t\u00eb shk\u00eblqyer me:<\/em><\/p>\n<ul>\n<li>Pjatat me peshk t\u00eb fresk\u00ebt, si sushi ose fileto salmoni<\/li>\n<li>Sallatat me shije t\u00eb fresk\u00ebta dhe agrume<\/li>\n<li>Pjatat me mish t\u00eb bardh\u00eb, si pul\u00eb ose guacamole<\/li>\n<li>Aperitiv\u00ebt me djathra t\u00eb but\u00eb dhe ushqime t\u00eb lehta<\/li>\n<\/ul>","protected":false},"excerpt":{"rendered":"<p>P\u00ebrshkrimi i Ver\u00ebs: SAUVIGNON FRIULI &#8211; SPECOGNA Detaje t\u00eb Prodhimit: Sauvignon i Specogna \u00ebsht\u00eb nj\u00eb shembull i shk\u00eblqyer i nj\u00eb vere t\u00eb fresk\u00ebt, me shije t\u00eb pasura dhe arom\u00eb t\u00eb thell\u00eb q\u00eb vjen nga nj\u00eb klim\u00eb ideale dhe kushte t\u00eb p\u00ebrshtatshme p\u00ebr prodhimin e nj\u00eb vere t\u00eb klasit t\u00eb lart\u00eb. Karakteristikat Ngjyra: Ky Sauvignon Friuli [&hellip;]<\/p>\n","protected":false},"featured_media":8005,"template":"","meta":[],"product_brand":[],"product_cat":[58,41],"product_tag":[],"class_list":{"0":"post-6258","1":"product","2":"type-product","3":"status-publish","4":"has-post-thumbnail","6":"product_cat-vere","7":"product_cat-vere-e-bardhe","9":"first","10":"instock","11":"shipping-taxable","12":"purchasable","13":"product-type-simple"},"_links":{"self":[{"href":"https:\/\/alehandrogroup.al\/en\/wp-json\/wp\/v2\/product\/6258","targetHints":{"allow":["GET"]}}],"collection":[{"href":"https:\/\/alehandrogroup.al\/en\/wp-json\/wp\/v2\/product"}],"about":[{"href":"https:\/\/alehandrogroup.al\/en\/wp-json\/wp\/v2\/types\/product"}],"version-history":[{"count":1,"href":"https:\/\/alehandrogroup.al\/en\/wp-json\/wp\/v2\/product\/6258\/revisions"}],"predecessor-version":[{"id":8006,"href":"https:\/\/alehandrogroup.al\/en\/wp-json\/wp\/v2\/product\/6258\/revisions\/8006"}],"wp:featuredmedia":[{"embeddable":true,"href":"https:\/\/alehandrogroup.al\/en\/wp-json\/wp\/v2\/media\/8005"}],"wp:attachment":[{"href":"https:\/\/alehandrogroup.al\/en\/wp-json\/wp\/v2\/media?parent=6258"}],"wp:term":[{"taxonomy":"product_brand","embeddable":true,"href":"https:\/\/alehandrogroup.al\/en\/wp-json\/wp\/v2\/product_brand?post=6258"},{"taxonomy":"product_cat","embeddable":true,"href":"https:\/\/alehandrogroup.al\/en\/wp-json\/wp\/v2\/product_cat?post=6258"},{"taxonomy":"product_tag","embeddable":true,"href":"https:\/\/alehandrogroup.al\/en\/wp-json\/wp\/v2\/product_tag?post=6258"}],"curies":[{"name":"wp","href":"https:\/\/api.w.org\/{rel}","templated":true}]}}