{"id":6256,"date":"2025-02-11T12:30:55","date_gmt":"2025-02-11T12:30:55","guid":{"rendered":"https:\/\/alehandrogroup.al\/?post_type=product&#038;p=6256"},"modified":"2025-12-26T11:12:58","modified_gmt":"2025-12-26T11:12:58","slug":"ronco-delle-mele-sauvignon-collio-venica","status":"publish","type":"product","link":"https:\/\/alehandrogroup.al\/en\/product\/ronco-delle-mele-sauvignon-collio-venica\/","title":{"rendered":"RONCO DELLE MELE SAUVIGNON COLLIO &#8211; VENICA"},"content":{"rendered":"<h3><strong><em>P\u00ebrshkrimi i Ver\u00ebs: RONCO DELLE MELE SAUVIGNON COLLIO &#8211; VENICA<\/em><\/strong><\/h3>\n<p><em><strong>Detaje t\u00eb Prodhimit:<\/strong><\/em><\/p>\n<p><strong>Ronco delle Mele Sauvignon Collio &#8211; Venica<\/strong> \u00ebsht\u00eb nj\u00eb ver\u00eb e njohur dhe e vler\u00ebsuar p\u00ebr natyr\u00ebn e saj t\u00eb sofistikuar dhe t\u00eb pasur, q\u00eb vjen nga zona e famshme e Collio, nj\u00eb nga rajonet m\u00eb t\u00eb njohura p\u00ebr prodhimin e ver\u00ebrave n\u00eb Italin\u00eb verilindore, n\u00eb rajonin e Friuli Venezia Giulia. Ky Sauvignon \u00ebsht\u00eb prodhuar n\u00eb terren t\u00eb pasur me minerale dhe klim\u00eb t\u00eb favorshme p\u00ebr ruajtjen e aciditetit t\u00eb lart\u00eb dhe zhvillimin e aromave t\u00eb fresk\u00ebta dhe komplekse.<\/p>\n<hr \/>\n<h3><strong><em>Karakteristikat<\/em><\/strong><\/h3>\n<ul>\n<li><strong>Ngjyra<\/strong>: Vera ka nj\u00eb ngjyr\u00eb t\u00eb hapur, t\u00eb past\u00ebr dhe t\u00eb shk\u00eblqyer, me nuanca t\u00eb arta t\u00eb ndritshme dhe reflektime t\u00eb gjelb\u00ebrta, q\u00eb tregon freskin\u00eb dhe karakterin e saj t\u00eb lart\u00eb.<\/li>\n<li><strong>Aroma<\/strong>: Aroma \u00ebsht\u00eb e pasur dhe komplekse, ku dominon nj\u00eb buket\u00eb frutash t\u00eb fresk\u00ebt si grejpfrut, manaferra, dhe limon, nd\u00ebrsa ndihen nuanca t\u00eb barishteve t\u00eb fresk\u00ebta dhe element\u00ebve minerale, q\u00eb jan\u00eb karakteristik\u00eb e k\u00ebtij terroiri. Kjo arom\u00eb ofron nj\u00eb p\u00ebrvoj\u00eb t\u00eb thell\u00eb dhe t\u00eb fresk\u00ebt, e cila \u00ebsht\u00eb e paharrueshme p\u00ebr \u00e7do dashamir\u00ebs t\u00eb ver\u00ebrave.<\/li>\n<li><strong>Shija<\/strong>: Shfaq nj\u00eb struktur\u00eb t\u00eb mir\u00eb dhe ekuilib\u00ebr t\u00eb mrekulluesh\u00ebm mes aciditetit t\u00eb lart\u00eb dhe trupit t\u00eb but\u00eb. Dallohen shije t\u00eb pasura, frutash t\u00eb fresk\u00ebt dhe nj\u00eb nuanc\u00eb e leht\u00eb e shkrir\u00eb me mineralitetin, duke e b\u00ebr\u00eb k\u00ebt\u00eb ver\u00eb nj\u00eb p\u00ebrvoj\u00eb t\u00ebrheq\u00ebse dhe t\u00eb k\u00ebndshme p\u00ebr \u00e7do shije. Finalja \u00ebsht\u00eb e gjat\u00eb dhe pas arom\u00ebs freskuese, l\u00eb nj\u00eb ndjenj\u00eb t\u00eb k\u00ebndshme q\u00eb zgjat dhe fton p\u00ebr nj\u00eb g\u00ebzim t\u00eb vazhduesh\u00ebm.<\/li>\n<\/ul>\n<hr \/>\n<h3><em><strong>Shoq\u00ebrime t\u00eb Sugjeruara<\/strong><\/em><\/h3>\n<p><em>Kombinohet n\u00eb m\u00ebnyr\u00eb t\u00eb shk\u00eblqyer me:<\/em><\/p>\n<ul>\n<li><strong>Pjatat me peshk t\u00eb fresk\u00ebt dhe frutat e detit<\/strong><\/li>\n<li><strong>Sushi<\/strong><\/li>\n<li><strong>Antipasta<\/strong><\/li>\n<li><strong>Djathra t\u00eb t\u00eb but\u00eb, si Brie dhe Camembert<\/strong><\/li>\n<\/ul>","protected":false},"excerpt":{"rendered":"<p>P\u00ebrshkrimi i Ver\u00ebs: RONCO DELLE MELE SAUVIGNON COLLIO &#8211; VENICA Detaje t\u00eb Prodhimit: Ronco delle Mele Sauvignon Collio &#8211; Venica \u00ebsht\u00eb nj\u00eb ver\u00eb e njohur dhe e vler\u00ebsuar p\u00ebr natyr\u00ebn e saj t\u00eb sofistikuar dhe t\u00eb pasur, q\u00eb vjen nga zona e famshme e Collio, nj\u00eb nga rajonet m\u00eb t\u00eb njohura p\u00ebr prodhimin e ver\u00ebrave [&hellip;]<\/p>\n","protected":false},"featured_media":7983,"template":"","meta":[],"product_brand":[],"product_cat":[58,41],"product_tag":[],"class_list":{"0":"post-6256","1":"product","2":"type-product","3":"status-publish","4":"has-post-thumbnail","6":"product_cat-vere","7":"product_cat-vere-e-bardhe","9":"first","10":"instock","11":"shipping-taxable","12":"purchasable","13":"product-type-simple"},"_links":{"self":[{"href":"https:\/\/alehandrogroup.al\/en\/wp-json\/wp\/v2\/product\/6256","targetHints":{"allow":["GET"]}}],"collection":[{"href":"https:\/\/alehandrogroup.al\/en\/wp-json\/wp\/v2\/product"}],"about":[{"href":"https:\/\/alehandrogroup.al\/en\/wp-json\/wp\/v2\/types\/product"}],"version-history":[{"count":1,"href":"https:\/\/alehandrogroup.al\/en\/wp-json\/wp\/v2\/product\/6256\/revisions"}],"predecessor-version":[{"id":7984,"href":"https:\/\/alehandrogroup.al\/en\/wp-json\/wp\/v2\/product\/6256\/revisions\/7984"}],"wp:featuredmedia":[{"embeddable":true,"href":"https:\/\/alehandrogroup.al\/en\/wp-json\/wp\/v2\/media\/7983"}],"wp:attachment":[{"href":"https:\/\/alehandrogroup.al\/en\/wp-json\/wp\/v2\/media?parent=6256"}],"wp:term":[{"taxonomy":"product_brand","embeddable":true,"href":"https:\/\/alehandrogroup.al\/en\/wp-json\/wp\/v2\/product_brand?post=6256"},{"taxonomy":"product_cat","embeddable":true,"href":"https:\/\/alehandrogroup.al\/en\/wp-json\/wp\/v2\/product_cat?post=6256"},{"taxonomy":"product_tag","embeddable":true,"href":"https:\/\/alehandrogroup.al\/en\/wp-json\/wp\/v2\/product_tag?post=6256"}],"curies":[{"name":"wp","href":"https:\/\/api.w.org\/{rel}","templated":true}]}}